{"id":27301,"date":"2024-02-01T17:31:03","date_gmt":"2024-02-01T16:31:03","guid":{"rendered":"https:\/\/www.gifas.de\/?page_id=27301"},"modified":"2025-04-14T18:00:56","modified_gmt":"2025-04-14T16:00:56","slug":"stabiled-led-tube-light","status":"publish","type":"page","link":"https:\/\/www.gifas.de\/en\/work-lights-2\/stabiled-led-tube-light\/","title":{"rendered":"StabiLED"},"content":{"rendered":"<p>[et_pb_section fb_built=&#8221;1&#8243; _builder_version=&#8221;4.23.1&#8243; _module_preset=&#8221;default&#8221; custom_padding=&#8221;||0px||false|false&#8221; global_colors_info=&#8221;{}&#8221;][et_pb_row column_structure=&#8221;1_2,1_2&#8243; _builder_version=&#8221;4.23.1&#8243; _module_preset=&#8221;default&#8221; global_colors_info=&#8221;{}&#8221;][et_pb_column type=&#8221;1_2&#8243; _builder_version=&#8221;4.23.1&#8243; _module_preset=&#8221;default&#8221; global_colors_info=&#8221;{}&#8221;][et_pb_gallery gallery_ids=&#8221;27240&#8243; fullwidth=&#8221;on&#8221; _builder_version=&#8221;4.23.4&#8243; _module_preset=&#8221;default&#8221; global_colors_info=&#8221;{}&#8221;][\/et_pb_gallery][et_pb_button button_url=&#8221;https:\/\/www.gifas.de\/en\/contact-persons\/&#8221; button_text=&#8221;Request product now!&#8221; button_alignment=&#8221;center&#8221; _builder_version=&#8221;4.24.0&#8243; _module_preset=&#8221;default&#8221; custom_button=&#8221;on&#8221; button_text_color=&#8221;#FFFFFF&#8221; button_bg_color=&#8221;#000000&#8243; button_border_color=&#8221;#FFFFFF&#8221; button_border_radius=&#8221;5px&#8221; button_use_icon=&#8221;off&#8221; background_layout=&#8221;dark&#8221; animation_style=&#8221;zoom&#8221; global_colors_info=&#8221;{}&#8221;][\/et_pb_button][\/et_pb_column][et_pb_column type=&#8221;1_2&#8243; _builder_version=&#8221;4.23.1&#8243; _module_preset=&#8221;default&#8221; global_colors_info=&#8221;{}&#8221;][et_pb_heading title=&#8221;StabiLED&#8221; _builder_version=&#8221;4.23.4&#8243; _module_preset=&#8221;default&#8221; custom_margin=&#8221;||0px||false|false&#8221; global_colors_info=&#8221;{}&#8221;][\/et_pb_heading][et_pb_text _builder_version=&#8221;4.23.4&#8243; _module_preset=&#8221;default&#8221; text_font=&#8221;|600|||||||&#8221; text_font_size=&#8221;24px&#8221; global_colors_info=&#8221;{}&#8221;]<\/p>\n<p>LED tube light<\/p>\n<p>[\/et_pb_text][et_pb_text _builder_version=&#8221;4.23.4&#8243; _module_preset=&#8221;default&#8221; text_font_size=&#8221;18px&#8221; global_colors_info=&#8221;{}&#8221;]<\/p>\n<table style=\"width: 100%; border-collapse: collapse;\" cellpadding=\"6px\">\n<tbody>\n<tr style=\"height: 40px; background-color: #80808024;\">\n<td style=\"width: 100%; border-bottom: 1px solid black;\">Energy-efficient LED technology<\/td>\n<\/tr>\n<tr style=\"height: 40px;\">\n<td style=\"width: 100%; border-bottom: 1px solid black;\">Dust and splash-proof (IP55)<\/td>\n<\/tr>\n<tr style=\"height: 40px; background-color: #80808024;\">\n<td style=\"width: 100%; border-bottom: 1px solid black;\">Simple suspension using hooks<\/td>\n<\/tr>\n<tr style=\"height: 40px;\">\n<td style=\"width: 100%; border-bottom: 1px solid black;\">Lightweight and easy to handle<\/td>\n<\/tr>\n<tr style=\"height: 40px; background-color: #80808024;\">\n<td style=\"width: 100%; border-bottom: 1px solid black;\">Robust design with protection class II \/ III<\/td>\n<\/tr>\n<tr style=\"height: 40px;\">\n<td style=\"width: 100%; border-bottom: 1px solid black;\">Housing material: Oil, acid and ageing resistant, self-extinguishing<\/td>\n<\/tr>\n<tr style=\"height: 40px;\">\n<td style=\"width: 100%;\">\u00a0<\/td>\n<\/tr>\n<\/tbody>\n<\/table>\n<p>[\/et_pb_text][\/et_pb_column][\/et_pb_row][\/et_pb_section][et_pb_section fb_built=&#8221;1&#8243; _builder_version=&#8221;4.23.1&#8243; _module_preset=&#8221;default&#8221; custom_padding=&#8221;0px||||false|false&#8221; global_colors_info=&#8221;{}&#8221;][et_pb_row _builder_version=&#8221;4.23.1&#8243; _module_preset=&#8221;default&#8221; global_colors_info=&#8221;{}&#8221;][et_pb_column type=&#8221;4_4&#8243; _builder_version=&#8221;4.23.1&#8243; _module_preset=&#8221;default&#8221; global_colors_info=&#8221;{}&#8221;][et_pb_heading title=&#8221;Description&#8221; _builder_version=&#8221;4.23.1&#8243; _module_preset=&#8221;default&#8221; title_level=&#8221;h2&#8243; custom_margin=&#8221;||||false|false&#8221; global_colors_info=&#8221;{}&#8221;][\/et_pb_heading][et_pb_text _builder_version=&#8221;4.23.4&#8243; _module_preset=&#8221;default&#8221; text_font_size=&#8221;18px&#8221; global_colors_info=&#8221;{}&#8221;]<\/p>\n<p>StabiLED from GIFAS &#8211; slim and bright LED bar light for homogeneous illumination with a clear cover made of robust polycarbonate. Available in 3 different versions, the StabiLED can be used in almost any workshop or construction site and can be quickly positioned using the practical suspension device. The shatterproof polycarbonate cover reliably protects the LED technology from dust and splash water and is oil, acid and age-resistant as well as self-extinguishing.<\/p>\n<p>[\/et_pb_text][\/et_pb_column][\/et_pb_row][et_pb_row _builder_version=&#8221;4.23.1&#8243; _module_preset=&#8221;default&#8221; custom_padding=&#8221;||0px||false|false&#8221; global_colors_info=&#8221;{}&#8221;][et_pb_column type=&#8221;4_4&#8243; _builder_version=&#8221;4.23.1&#8243; _module_preset=&#8221;default&#8221; global_colors_info=&#8221;{}&#8221;][et_pb_heading title=&#8221; Product features&#8221; _builder_version=&#8221;4.24.0&#8243; _module_preset=&#8221;default&#8221; title_level=&#8221;h2&#8243; custom_margin=&#8221;||||false|false&#8221; global_colors_info=&#8221;{}&#8221;][\/et_pb_heading][et_pb_text _builder_version=&#8221;4.23.4&#8243; _module_preset=&#8221;default&#8221; text_font_size=&#8221;18px&#8221; global_colors_info=&#8221;{}&#8221;]<\/p>\n<ul>\n<li>Handle and cap made of insulating material with shock-absorbing protective edges<\/li>\n<li>Glare-free working light distributed over a long length<\/li>\n<li>Built-in electronics with protection module<\/li>\n<li>Practical suspension device with rotating hook<\/li>\n<li>Insensitive to temperature fluctuations<\/li>\n<li>Resistant to oil, acids and ageing, self-extinguishing<\/li>\n<\/ul>\n<p>[\/et_pb_text][\/et_pb_column][\/et_pb_row][et_pb_row _builder_version=&#8221;4.23.1&#8243; _module_preset=&#8221;default&#8221; custom_padding=&#8221;||0px||false|false&#8221; global_colors_info=&#8221;{}&#8221;][et_pb_column type=&#8221;4_4&#8243; _builder_version=&#8221;4.23.1&#8243; _module_preset=&#8221;default&#8221; global_colors_info=&#8221;{}&#8221;][et_pb_heading title=&#8221; Technical data&#8221; _builder_version=&#8221;4.24.0&#8243; _module_preset=&#8221;default&#8221; title_level=&#8221;h2&#8243; global_colors_info=&#8221;{}&#8221;][\/et_pb_heading][et_pb_text _builder_version=&#8221;4.24.0&#8243; _module_preset=&#8221;default&#8221; text_font_size=&#8221;18px&#8221; global_colors_info=&#8221;{}&#8221;]<\/p>\n<table style=\"width: 99.1302%; border-collapse: collapse; height: 336px;\">\n<tbody>\n<tr style=\"height: 40px; background-color: #80808024;\">\n<td style=\"width: 15.9633%; border-bottom: 1px solid black; height: 40px;\">Input voltage:<\/td>\n<td style=\"width: 60.3479%; border-bottom: 1px solid black; height: 40px;\">230VAC, 42\/24VAC\/DC<\/td>\n<\/tr>\n<tr style=\"height: 40px;\">\n<td style=\"width: 15.9633%; border-bottom: 1px solid black; height: 40px;\">Power supply:<\/td>\n<td style=\"width: 60.3479%; border-bottom: 1px solid black; height: 40px;\">Power connection<\/td>\n<\/tr>\n<tr style=\"height: 40px; background-color: #80808024;\">\n<td style=\"width: 15.9633%; border-bottom: 1px solid black; height: 40px;\">Light source:<\/td>\n<td style=\"width: 60.3479%; border-bottom: 1px solid black; height: 40px;\">6x1W high-power LEDs<\/td>\n<\/tr>\n<tr style=\"height: 40px;\">\n<td style=\"width: 15.9633%; border-bottom: 1px solid black; height: 40px;\">Luminous flux:<\/td>\n<td style=\"width: 60.3479%; border-bottom: 1px solid black; height: 40px;\">560lm<\/td>\n<\/tr>\n<tr style=\"height: 40px; background-color: #80808024;\">\n<td style=\"width: 15.9633%; border-bottom: 1px solid black; height: 40px;\">LED lifetime:<\/td>\n<td style=\"width: 60.3479%; border-bottom: 1px solid black; height: 40px;\">&gt;70,000h (L70)<\/td>\n<\/tr>\n<tr style=\"height: 40px;\">\n<td style=\"width: 15.9633%; border-bottom: 1px solid black; height: 40px;\">Protection category:<\/td>\n<td style=\"width: 60.3479%; border-bottom: 1px solid black; height: 40px;\">IP55<\/td>\n<\/tr>\n<tr style=\"height: 40px; background-color: #80808024;\">\n<td style=\"width: 15.9633%; border-bottom: 1px solid black; height: 40px;\">Protection class:<\/td>\n<td style=\"width: 60.3479%; border-bottom: 1px solid black; height: 40px;\">II \/ III<\/td>\n<\/tr>\n<tr style=\"height: 40px;\">\n<td style=\"width: 15.9633%; border-bottom: 1px solid black; height: 25px;\">Cover \/ housing:<\/td>\n<td style=\"width: 60.3479%; border-bottom: 1px solid black; height: 25px;\">Polycarbonate \/ Solid rubber<\/td>\n<\/tr>\n<tr style=\"height: 40px; background-color: #80808024;\">\n<td style=\"width: 15.9633%; border-bottom: 1px solid black; height: 18px;\">Weight:<\/td>\n<td style=\"width: 60.3479%; border-bottom: 1px solid black; height: 18px;\">250g (without cable)<\/td>\n<\/tr>\n<tr style=\"height: 40px;\">\n<td style=\"width: 15.9633%; border-bottom: 1px solid black; height: 25px;\">Dimensions (\u00d8xL):<\/td>\n<td style=\"width: 60.3479%; border-bottom: 1px solid black; height: 25px;\">60x500mm<\/td>\n<\/tr>\n<\/tbody>\n<\/table>\n<p>[\/et_pb_text][\/et_pb_column][\/et_pb_row][et_pb_row _builder_version=&#8221;4.23.1&#8243; _module_preset=&#8221;default&#8221; global_colors_info=&#8221;{}&#8221;][et_pb_column type=&#8221;4_4&#8243; _builder_version=&#8221;4.23.1&#8243; _module_preset=&#8221;default&#8221; global_colors_info=&#8221;{}&#8221;][et_pb_heading title=&#8221; Assembly examples&#8221; _builder_version=&#8221;4.24.0&#8243; _module_preset=&#8221;default&#8221; title_level=&#8221;h2&#8243; global_colors_info=&#8221;{}&#8221;][\/et_pb_heading][et_pb_text _builder_version=&#8221;4.23.4&#8243; _module_preset=&#8221;default&#8221; text_font_size=&#8221;18px&#8221; global_colors_info=&#8221;{}&#8221;]<\/p>\n<p>&nbsp;<\/p>\n<table style=\"width: 100%; border-collapse: collapse; height: 210px;\" cellpadding=\"6px\">\n<tbody>\n<tr style=\"height: 40px; background-color: #80808024;\">\n<td style=\"width: 11.8929%; border-bottom: 1px solid black; height: 10px;\">Article no.<\/td>\n<td style=\"width: 13.9087%; border-bottom: 1px solid black; height: 10px;\">Version<\/td>\n<td style=\"width: 13.8142%; border-bottom: 1px solid black; height: 10px;\">Supply line<\/td>\n<td style=\"width: 21.9832%; border-bottom: 1px solid black; height: 10px;\">Plug<\/td>\n<\/tr>\n<tr style=\"height: 40px;\">\n<td style=\"width: 11.8929%; border-bottom: 1px solid black; height: 40px;\">256735<\/td>\n<td style=\"width: 13.9087%; border-bottom: 1px solid black; height: 40px;\">24V<\/td>\n<td style=\"width: 13.8142%; border-bottom: 1px solid black; height: 40px;\">5m 2&#215;1.0mm2<\/td>\n<td style=\"width: 21.9832%; border-bottom: 1px solid black; height: 40px;\">CEE 16A\/24V<\/td>\n<\/tr>\n<tr style=\"height: 40px; background-color: #80808024;\">\n<td style=\"width: 11.8929%; border-bottom: 1px solid black; height: 40px;\">256738<\/td>\n<td style=\"width: 13.9087%; border-bottom: 1px solid black; height: 40px;\">24V<\/td>\n<td style=\"width: 13.8142%; border-bottom: 1px solid black; height: 40px;\">10m 2&#215;1.0mm2<\/td>\n<td style=\"width: 21.9832%; border-bottom: 1px solid black; height: 40px;\">CEE 16A\/24V<\/td>\n<\/tr>\n<tr style=\"height: 40px;\">\n<td style=\"width: 11.8929%; border-bottom: 1px solid black; height: 40px;\">256737<\/td>\n<td style=\"width: 13.9087%; border-bottom: 1px solid black; height: 40px;\">42V<\/td>\n<td style=\"width: 13.8142%; border-bottom: 1px solid black; height: 40px;\">5m 2&#215;1.0mm2<\/td>\n<td style=\"width: 21.9832%; border-bottom: 1px solid black; height: 40px;\">CEE 16A\/42V<\/td>\n<\/tr>\n<tr style=\"height: 40px; background-color: #80808024;\">\n<td style=\"width: 11.8929%; border-bottom: 1px solid black; height: 40px;\">256739<\/td>\n<td style=\"width: 13.9087%; border-bottom: 1px solid black; height: 40px;\">42V<\/td>\n<td style=\"width: 13.8142%; border-bottom: 1px solid black; height: 40px;\">10m 2&#215;1.0mm2<\/td>\n<td style=\"width: 21.9832%; border-bottom: 1px solid black; height: 40px;\">CEE 16A\/42V<\/td>\n<\/tr>\n<tr style=\"height: 40px;\">\n<td style=\"width: 11.8929%; border-bottom: 1px solid black; height: 40px;\">256733<\/td>\n<td style=\"width: 13.9087%; border-bottom: 1px solid black; height: 40px;\">230V<\/td>\n<td style=\"width: 13.8142%; border-bottom: 1px solid black; height: 40px;\">5m 2&#215;1.0mm2<\/td>\n<td style=\"width: 21.9832%; border-bottom: 1px solid black; height: 40px;\">Kontur<\/td>\n<\/tr>\n<tr style=\"height: 40px; background-color: #80808024;\">\n<td style=\"width: 11.8929%; border-bottom: 1px solid black; height: 40px;\">256734<\/td>\n<td style=\"width: 13.9087%; border-bottom: 1px solid black; height: 40px;\">230V<\/td>\n<td style=\"width: 13.8142%; border-bottom: 1px solid black; height: 40px;\">10m 2&#215;1.0mm2<\/td>\n<td style=\"width: 21.9832%; border-bottom: 1px solid black; height: 40px;\">Kontur<\/td>\n<\/tr>\n<\/tbody>\n<\/table>\n<p>[\/et_pb_text][\/et_pb_column][\/et_pb_row][et_pb_row _builder_version=&#8221;4.23.1&#8243; _module_preset=&#8221;default&#8221; global_colors_info=&#8221;{}&#8221;][et_pb_column type=&#8221;4_4&#8243; _builder_version=&#8221;4.23.1&#8243; _module_preset=&#8221;default&#8221; global_colors_info=&#8221;{}&#8221;][et_pb_heading title=&#8221;Accessories&#8221; _builder_version=&#8221;4.24.0&#8243; _module_preset=&#8221;default&#8221; title_level=&#8221;h2&#8243; global_colors_info=&#8221;{}&#8221;][\/et_pb_heading][et_pb_text _builder_version=&#8221;4.23.4&#8243; _module_preset=&#8221;default&#8221; text_font_size=&#8221;18px&#8221; global_colors_info=&#8221;{}&#8221;]<\/p>\n<p>&nbsp;<\/p>\n<table style=\"width: 100%; border-collapse: collapse; height: 210px;\" cellpadding=\"6px\">\n<tbody>\n<tr style=\"height: 40px; background-color: #80808024;\">\n<td style=\"width: 5.28211%; border-bottom: 1px solid black; height: 10px;\">Article no.<\/td>\n<td style=\"width: 36.726%; border-bottom: 1px solid black; height: 10px;\">Description<\/td>\n<\/tr>\n<tr style=\"height: 40px;\">\n<td style=\"width: 5.28211%; border-bottom: 1px solid black; height: 40px;\">256731<\/td>\n<td style=\"width: 36.726%; border-bottom: 1px solid black; height: 40px;\">Electronics for 24\/48VAC\/DC<\/td>\n<\/tr>\n<tr style=\"height: 40px; background-color: #80808024;\">\n<td style=\"width: 5.28211%; border-bottom: 1px solid black; height: 40px;\">256724<\/td>\n<td style=\"width: 36.726%; border-bottom: 1px solid black; height: 40px;\">Electronics for 230V<\/td>\n<\/tr>\n<tr style=\"height: 40px;\">\n<td style=\"width: 5.28211%; border-bottom: 1px solid black; height: 40px;\">256725<\/td>\n<td style=\"width: 36.726%; border-bottom: 1px solid black; height: 40px;\">Protection tube for 24\/42 and 230V<\/td>\n<\/tr>\n<tr style=\"height: 40px; background-color: #80808024;\">\n<td style=\"width: 5.28211%; border-bottom: 1px solid black; height: 40px;\">258153<\/td>\n<td style=\"width: 36.726%; border-bottom: 1px solid black; height: 40px;\">Rubber cap with hook<\/td>\n<\/tr>\n<tr style=\"height: 40px;\">\n<td style=\"width: 5.28211%; border-bottom: 1px solid black; height: 40px;\">258151<\/td>\n<td style=\"width: 36.726%; border-bottom: 1px solid black; height: 40px;\">Rubber handle<\/td>\n<\/tr>\n<tr style=\"height: 40px; background-color: #80808024;\">\n<td style=\"width: 5.28211%; border-bottom: 1px solid black; height: 40px;\">258234<\/td>\n<td style=\"width: 36.726%; border-bottom: 1px solid black; height: 40px;\">Magnetic holder, holding force 209N with clamping bridge<\/td>\n<\/tr>\n<\/tbody>\n<\/table>\n<p>[\/et_pb_text][\/et_pb_column][\/et_pb_row][et_pb_row _builder_version=&#8221;4.23.1&#8243; _module_preset=&#8221;default&#8221; global_colors_info=&#8221;{}&#8221;][et_pb_column type=&#8221;4_4&#8243; _builder_version=&#8221;4.23.1&#8243; _module_preset=&#8221;default&#8221; global_colors_info=&#8221;{}&#8221;][et_pb_heading title=&#8221;Downloads&#8221; _builder_version=&#8221;4.23.1&#8243; _module_preset=&#8221;default&#8221; title_level=&#8221;h2&#8243; global_colors_info=&#8221;{}&#8221;][\/et_pb_heading][et_pb_text _builder_version=&#8221;4.24.0&#8243; _module_preset=&#8221;default&#8221; text_font_size=&#8221;18px&#8221; global_colors_info=&#8221;{}&#8221;]<\/p>\n<table style=\"width: 100%; border-collapse: collapse;\" cellpadding=\"6px\">\n<tbody>\n<tr style=\"height: 60px;\">\n<td style=\"width: 26.939%; border-bottom: 1px solid black; border-top: 1px solid black;\"><a href=\"https:\/\/www.gifas.de\/wp-content\/uploads\/2023\/06\/GIFAS_TL_12_Work-lights.pdf\">Productinformation work lights (PDF)<\/a><\/td>\n<\/tr>\n<\/tbody>\n<\/table>\n<p>[\/et_pb_text][et_pb_button button_url=&#8221;https:\/\/www.gifas.de\/en\/contact-persons\/&#8221; button_text=&#8221;Request product now!&#8221; button_alignment=&#8221;left&#8221; _builder_version=&#8221;4.24.0&#8243; _module_preset=&#8221;default&#8221; custom_button=&#8221;on&#8221; button_text_color=&#8221;#FFFFFF&#8221; button_bg_color=&#8221;#000000&#8243; button_border_color=&#8221;#FFFFFF&#8221; button_border_radius=&#8221;5px&#8221; button_use_icon=&#8221;off&#8221; background_layout=&#8221;dark&#8221; animation_style=&#8221;zoom&#8221; global_colors_info=&#8221;{}&#8221;][\/et_pb_button][\/et_pb_column][\/et_pb_row][\/et_pb_section][et_pb_section fb_built=&#8221;1&#8243; _builder_version=&#8221;4.23.1&#8243; _module_preset=&#8221;default&#8221; global_colors_info=&#8221;{}&#8221;][et_pb_row _builder_version=&#8221;4.23.1&#8243; _module_preset=&#8221;default&#8221; global_colors_info=&#8221;{}&#8221;][et_pb_column type=&#8221;4_4&#8243; _builder_version=&#8221;4.23.1&#8243; _module_preset=&#8221;default&#8221; global_colors_info=&#8221;{}&#8221;][et_pb_heading title=&#8221; Alternative LED lights for indoor and outdoor use:&#8221; _builder_version=&#8221;4.24.0&#8243; _module_preset=&#8221;default&#8221; title_level=&#8221;h2&#8243; title_font_size=&#8221;28px&#8221; global_colors_info=&#8221;{}&#8221;][\/et_pb_heading][\/et_pb_column][\/et_pb_row][et_pb_row column_structure=&#8221;1_3,1_3,1_3&#8243; make_equal=&#8221;on&#8221; _builder_version=&#8221;4.23.1&#8243; _module_preset=&#8221;default&#8221; global_colors_info=&#8221;{}&#8221;][et_pb_column type=&#8221;1_3&#8243; _builder_version=&#8221;4.23.1&#8243; _module_preset=&#8221;default&#8221; background_color=&#8221;rgba(0,0,0,0.02)&#8221; custom_padding=&#8221;||25px||false|false&#8221; border_width_all=&#8221;1px&#8221; border_color_all=&#8221;rgba(0,0,0,0.16)&#8221; global_colors_info=&#8221;{}&#8221;][et_pb_image src=&#8221;https:\/\/www.gifas.de\/wp-content\/uploads\/2023\/11\/GIFAS_Strahler_Industriestrahler_Hallenstrahler_Arbeitsplatzstrahler_LED-Strahler-80-120W.jpg&#8221; alt=&#8221;LED-Strahler f\u00fcr Industrie und Gewerbe. R\u00fcttelfester LED Strahler f\u00fcr Arbeitsplatz. Leistung 80W bis 120W.&#8221; title_text=&#8221;GIFAS_Strahler_Industriestrahler_Hallenstrahler_Arbeitsplatzstrahler_LED-Strahler-80-120W&#8221; align=&#8221;center&#8221; _builder_version=&#8221;4.23.1&#8243; _module_preset=&#8221;default&#8221; global_colors_info=&#8221;{}&#8221;][\/et_pb_image][et_pb_heading title=&#8221;AlphaLUXX &#8221; _builder_version=&#8221;4.27.4&#8243; _module_preset=&#8221;default&#8221; title_level=&#8221;h3&#8243; title_text_align=&#8221;center&#8221; title_font_size=&#8221;22px&#8221; custom_margin=&#8221;65px||0px||false|false&#8221; hover_enabled=&#8221;0&#8243; global_colors_info=&#8221;{}&#8221; sticky_enabled=&#8221;0&#8243;][\/et_pb_heading][et_pb_text _builder_version=&#8221;4.24.0&#8243; _module_preset=&#8221;default&#8221; text_font_size=&#8221;18px&#8221; text_orientation=&#8221;center&#8221; global_colors_info=&#8221;{}&#8221;]<\/p>\n<p>LED spotlight<br \/>80 \u2013 120W \/ up to 18,700lm<\/p>\n<p>[\/et_pb_text][et_pb_button button_url=&#8221;https:\/\/www.gifas.de\/en\/floodlights\/&#8221; button_text=&#8221;more info&#8221; button_alignment=&#8221;center&#8221; _builder_version=&#8221;4.23.1&#8243; _module_preset=&#8221;default&#8221; custom_button=&#8221;on&#8221; button_text_size=&#8221;16px&#8221; button_border_width=&#8221;1px&#8221; button_border_radius=&#8221;20px&#8221; button_font=&#8221;|||on|||||&#8221; button_use_icon=&#8221;off&#8221; custom_margin=&#8221;50px||||false|false&#8221; custom_padding=&#8221;5px|93px|5px|93px|false|false&#8221; global_colors_info=&#8221;{}&#8221; button_bg_color__hover_enabled=&#8221;on|hover&#8221; button_bg_color__hover=&#8221;#0c71c3&#8243; button_bg_enable_color__hover=&#8221;on&#8221; button_text_color__hover_enabled=&#8221;on|hover&#8221; button_text_color__hover=&#8221;#FFFFFF&#8221;][\/et_pb_button][\/et_pb_column][et_pb_column type=&#8221;1_3&#8243; _builder_version=&#8221;4.23.1&#8243; _module_preset=&#8221;default&#8221; background_color=&#8221;rgba(0,0,0,0.02)&#8221; custom_padding=&#8221;||25px||false|false&#8221; border_width_all=&#8221;1px&#8221; border_color_all=&#8221;rgba(0,0,0,0.16)&#8221; global_colors_info=&#8221;{}&#8221;][et_pb_image src=&#8221;https:\/\/www.gifas.de\/wp-content\/uploads\/2023\/11\/GIFAS_LED-Hochleistungsstrahler_LED-Strahler-230-1350W_200000lm.jpg&#8221; alt=&#8221;LED-Hochleistungsstrahler 230W bis 1.350W. LED-Strahler f\u00fcr hohe Lichtpunkte und f\u00fcr die Ausleuchtung gro\u00dfer Fl\u00e4chen. &#8221; title_text=&#8221;GIFAS_LED-Hochleistungsstrahler_LED-Strahler-230-1350W_200000lm&#8221; align=&#8221;center&#8221; _builder_version=&#8221;4.23.1&#8243; _module_preset=&#8221;default&#8221; global_colors_info=&#8221;{}&#8221;][\/et_pb_image][et_pb_heading title=&#8221;FlutLED MODULAR 2&#8243; _builder_version=&#8221;4.27.4&#8243; _module_preset=&#8221;default&#8221; title_level=&#8221;h3&#8243; title_text_align=&#8221;center&#8221; title_font_size=&#8221;22px&#8221; custom_margin=&#8221;65px||0px||false|false&#8221; hover_enabled=&#8221;0&#8243; global_colors_info=&#8221;{}&#8221; sticky_enabled=&#8221;0&#8243;][\/et_pb_heading][et_pb_text _builder_version=&#8221;4.24.0&#8243; _module_preset=&#8221;default&#8221; text_font_size=&#8221;18px&#8221; text_orientation=&#8221;center&#8221; global_colors_info=&#8221;{}&#8221;]<\/p>\n<p>LED high-power spotlights<br \/>230 \u2013 1,350W \/ up to 197,000lm<\/p>\n<p>[\/et_pb_text][et_pb_button button_url=&#8221;https:\/\/www.gifas.de\/en\/floodlights\/&#8221; button_text=&#8221;more info&#8221; button_alignment=&#8221;center&#8221; _builder_version=&#8221;4.23.1&#8243; _module_preset=&#8221;default&#8221; custom_button=&#8221;on&#8221; button_text_size=&#8221;16px&#8221; button_border_width=&#8221;1px&#8221; button_border_radius=&#8221;20px&#8221; button_font=&#8221;|||on|||||&#8221; button_use_icon=&#8221;off&#8221; custom_margin=&#8221;50px||||false|false&#8221; custom_padding=&#8221;5px|93px|5px|93px|false|false&#8221; global_colors_info=&#8221;{}&#8221; button_bg_color__hover_enabled=&#8221;on|hover&#8221; button_bg_color__hover=&#8221;#0c71c3&#8243; button_bg_enable_color__hover=&#8221;on&#8221; button_text_color__hover_enabled=&#8221;on|hover&#8221; button_text_color__hover=&#8221;#FFFFFF&#8221;][\/et_pb_button][\/et_pb_column][et_pb_column type=&#8221;1_3&#8243; _builder_version=&#8221;4.23.1&#8243; _module_preset=&#8221;default&#8221; background_color=&#8221;rgba(0,0,0,0.02)&#8221; custom_padding=&#8221;||25px||false|false&#8221; border_width_all=&#8221;1px&#8221; border_color_all=&#8221;rgba(0,0,0,0.16)&#8221; global_colors_info=&#8221;{}&#8221;][et_pb_image src=&#8221;https:\/\/www.gifas.de\/wp-content\/uploads\/2023\/12\/GIFAS_StreamLED-2-SL70_Schutzrohrleuchte_LED-Industrieleuchte.webp&#8221; alt=&#8221;LED-Schutzrohrleuchte_LED-Linearleuchte_Industrieleuchte_LED-Industrieleuchte&#8221; title_text=&#8221;GIFAS_StreamLED-2-SL70_Schutzrohrleuchte_LED-Industrieleuchte&#8221; align=&#8221;center&#8221; _builder_version=&#8221;4.23.1&#8243; _module_preset=&#8221;default&#8221; global_colors_info=&#8221;{}&#8221;][\/et_pb_image][et_pb_heading title=&#8221;StreamLED 2 SL70&#8243; _builder_version=&#8221;4.27.4&#8243; _module_preset=&#8221;default&#8221; title_level=&#8221;h3&#8243; title_text_align=&#8221;center&#8221; title_font_size=&#8221;22px&#8221; custom_margin=&#8221;65px||0px||false|false&#8221; hover_enabled=&#8221;0&#8243; global_colors_info=&#8221;{}&#8221; sticky_enabled=&#8221;0&#8243;][\/et_pb_heading][et_pb_text _builder_version=&#8221;4.24.0&#8243; _module_preset=&#8221;default&#8221; text_font_size=&#8221;18px&#8221; text_orientation=&#8221;center&#8221; global_colors_info=&#8221;{}&#8221;]<\/p>\n<p>LED tube light<br \/>20 \u2013 55W \/ up to 7,102lm<\/p>\n<p>[\/et_pb_text][et_pb_button button_url=&#8221;https:\/\/www.gifas.de\/en\/industrial-lighting\/&#8221; button_text=&#8221;more info&#8221; button_alignment=&#8221;center&#8221; _builder_version=&#8221;4.23.1&#8243; _module_preset=&#8221;default&#8221; custom_button=&#8221;on&#8221; button_text_size=&#8221;16px&#8221; button_border_width=&#8221;1px&#8221; button_border_radius=&#8221;20px&#8221; button_font=&#8221;|||on|||||&#8221; button_use_icon=&#8221;off&#8221; custom_margin=&#8221;50px||||false|false&#8221; custom_padding=&#8221;5px|93px|5px|93px|false|false&#8221; global_colors_info=&#8221;{}&#8221; button_bg_color__hover_enabled=&#8221;on|hover&#8221; button_bg_color__hover=&#8221;#0c71c3&#8243; button_bg_enable_color__hover=&#8221;on&#8221; button_text_color__hover_enabled=&#8221;on|hover&#8221; button_text_color__hover=&#8221;#FFFFFF&#8221;][\/et_pb_button][\/et_pb_column][\/et_pb_row][\/et_pb_section]<\/p>\n","protected":false},"excerpt":{"rendered":"<p>Request product now! StabiLED LED tube light&#8230;<\/p>\n","protected":false},"author":8,"featured_media":0,"parent":27143,"menu_order":58,"comment_status":"closed","ping_status":"closed","template":"","meta":{"_acf_changed":false,"_et_pb_use_builder":"on","_et_pb_old_content":"","_et_gb_content_width":"","inline_featured_image":false,"footnotes":""},"class_list":["post-27301","page","type-page","status-publish","hentry"],"acf":[],"_links":{"self":[{"href":"https:\/\/www.gifas.de\/en\/wp-json\/wp\/v2\/pages\/27301","targetHints":{"allow":["GET"]}}],"collection":[{"href":"https:\/\/www.gifas.de\/en\/wp-json\/wp\/v2\/pages"}],"about":[{"href":"https:\/\/www.gifas.de\/en\/wp-json\/wp\/v2\/types\/page"}],"author":[{"embeddable":true,"href":"https:\/\/www.gifas.de\/en\/wp-json\/wp\/v2\/users\/8"}],"replies":[{"embeddable":true,"href":"https:\/\/www.gifas.de\/en\/wp-json\/wp\/v2\/comments?post=27301"}],"version-history":[{"count":9,"href":"https:\/\/www.gifas.de\/en\/wp-json\/wp\/v2\/pages\/27301\/revisions"}],"predecessor-version":[{"id":37178,"href":"https:\/\/www.gifas.de\/en\/wp-json\/wp\/v2\/pages\/27301\/revisions\/37178"}],"up":[{"embeddable":true,"href":"https:\/\/www.gifas.de\/en\/wp-json\/wp\/v2\/pages\/27143"}],"wp:attachment":[{"href":"https:\/\/www.gifas.de\/en\/wp-json\/wp\/v2\/media?parent=27301"}],"curies":[{"name":"wp","href":"https:\/\/api.w.org\/{rel}","templated":true}]}}