{"id":29191,"date":"2024-07-05T08:43:58","date_gmt":"2024-07-05T06:43:58","guid":{"rendered":"https:\/\/www.gifas.de\/?page_id=29191"},"modified":"2025-04-14T17:36:12","modified_gmt":"2025-04-14T15:36:12","slug":"torchled-head-an","status":"publish","type":"page","link":"https:\/\/www.gifas.de\/en\/rechargeable-and-battery-powered-lights\/torchled-head-an\/","title":{"rendered":"TorchLED HEAD AN"},"content":{"rendered":"<p>[et_pb_section fb_built=&#8221;1&#8243; _builder_version=&#8221;4.23.1&#8243; _module_preset=&#8221;default&#8221; custom_padding=&#8221;||0px||false|false&#8221; global_colors_info=&#8221;{}&#8221;][et_pb_row column_structure=&#8221;1_2,1_2&#8243; _builder_version=&#8221;4.23.1&#8243; _module_preset=&#8221;default&#8221; global_colors_info=&#8221;{}&#8221;][et_pb_column type=&#8221;1_2&#8243; _builder_version=&#8221;4.23.1&#8243; _module_preset=&#8221;default&#8221; global_colors_info=&#8221;{}&#8221;][et_pb_gallery gallery_ids=&#8221;29253&#8243; fullwidth=&#8221;on&#8221; _builder_version=&#8221;4.25.2&#8243; _module_preset=&#8221;default&#8221; global_colors_info=&#8221;{}&#8221;][\/et_pb_gallery][et_pb_button button_url=&#8221;https:\/\/shop.gifas.de\/lichtsysteme\/batterie-akkuleuchten\/torchled\/1018\/kopfleuchte-torchled-head-an?number=301100&#8243; button_text=&#8221;Buy now in the online store!&#8221; button_alignment=&#8221;center&#8221; _builder_version=&#8221;4.25.2&#8243; _module_preset=&#8221;default&#8221; custom_button=&#8221;on&#8221; button_text_color=&#8221;#FFFFFF&#8221; button_bg_color=&#8221;#000000&#8243; button_border_color=&#8221;#FFFFFF&#8221; button_border_radius=&#8221;5px&#8221; button_use_icon=&#8221;off&#8221; background_layout=&#8221;dark&#8221; animation_style=&#8221;zoom&#8221; global_colors_info=&#8221;{}&#8221;][\/et_pb_button][\/et_pb_column][et_pb_column type=&#8221;1_2&#8243; _builder_version=&#8221;4.23.1&#8243; _module_preset=&#8221;default&#8221; global_colors_info=&#8221;{}&#8221;][et_pb_heading title=&#8221;TorchLED HEAD AN&#8221; _builder_version=&#8221;4.25.2&#8243; _module_preset=&#8221;default&#8221; custom_margin=&#8221;||0px||false|false&#8221; global_colors_info=&#8221;{}&#8221;][\/et_pb_heading][et_pb_text _builder_version=&#8221;4.25.2&#8243; _module_preset=&#8221;default&#8221; text_font=&#8221;|600|||||||&#8221; text_font_size=&#8221;24px&#8221; global_colors_info=&#8221;{}&#8221;]<\/p>\n<p>Rechargeable headlamp with two brightness levels<\/p>\n<p>[\/et_pb_text][et_pb_text _builder_version=&#8221;4.25.2&#8243; _module_preset=&#8221;default&#8221; text_font_size=&#8221;18px&#8221; global_colors_info=&#8221;{}&#8221;]<\/p>\n<table style=\"width: 100%; border-collapse: collapse; height: 231px;\" cellpadding=\"6px\">\n<tbody>\n<tr style=\"height: 40px; background-color: #80808024;\">\n<td style=\"width: 100%; border-bottom: 1px solid black; height: 40px;\">60\u00b0 tiltable luminaire head<\/td>\n<\/tr>\n<tr style=\"height: 40px;\">\n<td style=\"width: 100%; border-bottom: 1px solid black; height: 40px;\">2 brightness levels: High beam \/ Low beam<\/td>\n<\/tr>\n<tr style=\"height: 40px; background-color: #80808024;\">\n<td style=\"width: 100%; border-bottom: 1px solid black; height: 40px;\">Dust and splash-proof<\/td>\n<\/tr>\n<tr style=\"height: 40px;\">\n<td style=\"width: 100%; border-bottom: 1px solid black; height: 31px;\">High wearing comfort thanks to adjustable and elastic rubber band<\/td>\n<\/tr>\n<tr style=\"height: 40px; background-color: #80808024;\">\n<td style=\"width: 100%; border-bottom: 1px solid black; height: 40px;\">Robust plastic luminaire housing<\/td>\n<\/tr>\n<tr style=\"height: 40px;\">\n<td style=\"width: 100%; height: 40px;\">\u00a0<\/td>\n<\/tr>\n<\/tbody>\n<\/table>\n<p>[\/et_pb_text][\/et_pb_column][\/et_pb_row][\/et_pb_section][et_pb_section fb_built=&#8221;1&#8243; _builder_version=&#8221;4.23.1&#8243; _module_preset=&#8221;default&#8221; custom_padding=&#8221;0px||||false|false&#8221; global_colors_info=&#8221;{}&#8221;][et_pb_row _builder_version=&#8221;4.23.1&#8243; _module_preset=&#8221;default&#8221; global_colors_info=&#8221;{}&#8221;][et_pb_column type=&#8221;4_4&#8243; _builder_version=&#8221;4.23.1&#8243; _module_preset=&#8221;default&#8221; global_colors_info=&#8221;{}&#8221;][et_pb_heading title=&#8221;Description&#8221; _builder_version=&#8221;4.25.2&#8243; _module_preset=&#8221;default&#8221; title_level=&#8221;h2&#8243; custom_margin=&#8221;||||false|false&#8221; global_colors_info=&#8221;{}&#8221;][\/et_pb_heading][et_pb_text _builder_version=&#8221;4.25.2&#8243; _module_preset=&#8221;default&#8221; text_font_size=&#8221;18px&#8221; global_colors_info=&#8221;{}&#8221;]<\/p>\n<p>With a maximum output of 280 lumens, this head torch is a true light miracle. The lightweight is equipped with the best technology. With its 2 brightness levels, selectable focus and swivel LED head, the TorchLED HEAD AN makes working in poor lighting conditions more pleasant and, above all, safer.<\/p>\n<p>[\/et_pb_text][\/et_pb_column][\/et_pb_row][et_pb_row _builder_version=&#8221;4.23.1&#8243; _module_preset=&#8221;default&#8221; custom_padding=&#8221;||0px||false|false&#8221; global_colors_info=&#8221;{}&#8221;][et_pb_column type=&#8221;4_4&#8243; _builder_version=&#8221;4.23.1&#8243; _module_preset=&#8221;default&#8221; global_colors_info=&#8221;{}&#8221;][et_pb_heading title=&#8221;Product features&#8221; _builder_version=&#8221;4.25.2&#8243; _module_preset=&#8221;default&#8221; title_level=&#8221;h2&#8243; custom_margin=&#8221;||||false|false&#8221; global_colors_info=&#8221;{}&#8221;][\/et_pb_heading][et_pb_text _builder_version=&#8221;4.25.2&#8243; _module_preset=&#8221;default&#8221; text_font_size=&#8221;18px&#8221; global_colors_info=&#8221;{}&#8221;]<\/p>\n<ul>\n<li>Rechargeable with Li-Ion battery<\/li>\n<li>2 brightness levels, high beam (100%), low beam (20%)<\/li>\n<li>Stepless adjustment between narrow and wide beam<\/li>\n<li>LED head can be tilted up to 60<\/li>\n<li>Soft, adjustable, elastic rubber strap for maximum wearing comfort<\/li>\n<\/ul>\n<p>[\/et_pb_text][\/et_pb_column][\/et_pb_row][et_pb_row _builder_version=&#8221;4.23.1&#8243; _module_preset=&#8221;default&#8221; custom_padding=&#8221;||0px||false|false&#8221; global_colors_info=&#8221;{}&#8221;][et_pb_column type=&#8221;4_4&#8243; _builder_version=&#8221;4.23.1&#8243; _module_preset=&#8221;default&#8221; global_colors_info=&#8221;{}&#8221;][et_pb_heading title=&#8221;Technical data&#8221; _builder_version=&#8221;4.25.2&#8243; _module_preset=&#8221;default&#8221; title_level=&#8221;h2&#8243; global_colors_info=&#8221;{}&#8221;][\/et_pb_heading][et_pb_text _builder_version=&#8221;4.25.2&#8243; _module_preset=&#8221;default&#8221; text_font_size=&#8221;18px&#8221; global_colors_info=&#8221;{}&#8221;]<\/p>\n<table style=\"width: 99.1302%; border-collapse: collapse; height: 385px;\">\n<tbody>\n<tr style=\"height: 40px; background-color: #80808024;\">\n<td style=\"width: 26.939%; border-bottom: 1px solid black; height: 40px;\">Power supply:<\/td>\n<td style=\"width: 49.3722%; border-bottom: 1px solid black; height: 40px;\">Li-Ion 3.7 V, 1,500mAh<\/td>\n<\/tr>\n<tr style=\"height: 40px;\">\n<td style=\"width: 26.939%; border-bottom: 1px solid black; height: 40px;\">Charging connection:<\/td>\n<td style=\"width: 49.3722%; border-bottom: 1px solid black; height: 40px;\">Micro-USB socket<\/td>\n<\/tr>\n<tr style=\"height: 40px; background-color: #80808024;\">\n<td style=\"width: 26.939%; border-bottom: 1px solid black; height: 35px;\">Loading time:<\/td>\n<td style=\"width: 49.3722%; border-bottom: 1px solid black; height: 35px;\">approx. 3h<\/td>\n<\/tr>\n<tr style=\"height: 40px;\">\n<td style=\"width: 26.939%; border-bottom: 1px solid black; height: 30px;\">Light duration:<\/td>\n<td style=\"width: 49.3722%; border-bottom: 1px solid black; height: 30px;\">up to 6.25h<\/td>\n<\/tr>\n<tr style=\"height: 40px; background-color: #80808024;\">\n<td style=\"width: 26.939%; border-bottom: 1px solid black; height: 40px;\">Luminous flux:<\/td>\n<td style=\"width: 49.3722%; border-bottom: 1px solid black; height: 40px;\">280\u2009lm \/ 100lm<\/td>\n<\/tr>\n<tr style=\"height: 40px;\">\n<td style=\"width: 26.939%; border-bottom: 1px solid black; height: 40px;\">Switching functions:<\/td>\n<td style=\"width: 49.3722%; border-bottom: 1px solid black; height: 40px;\">Main light high \/ Main light low \/ Sensor: On\/Off<\/td>\n<\/tr>\n<tr style=\"height: 40px; background-color: #80808024;\">\n<td style=\"width: 26.939%; border-bottom: 1px solid black; height: 40px;\">Protection category:<\/td>\n<td style=\"width: 49.3722%; border-bottom: 1px solid black; height: 40px;\">IP65<\/td>\n<\/tr>\n<tr style=\"height: 40px;\">\n<td style=\"width: 26.939%; border-bottom: 1px solid black; height: 40px;\">Housing:<\/td>\n<td style=\"width: 49.3722%; border-bottom: 1px solid black; height: 40px;\">Plastic<\/td>\n<\/tr>\n<tr style=\"height: 40px; background-color: #80808024;\">\n<td style=\"width: 26.939%; border-bottom: 1px solid black; height: 40px;\">Weight:<\/td>\n<td style=\"width: 49.3722%; border-bottom: 1px solid black; height: 40px;\">111g<\/td>\n<\/tr>\n<tr style=\"height: 40px;\">\n<td style=\"width: 26.939%; border-bottom: 1px solid black; height: 40px;\">Dimensions (WxHxD):<\/td>\n<td style=\"width: 49.3722%; border-bottom: 1px solid black; height: 40px;\">34.5x39x28mm<\/td>\n<\/tr>\n<\/tbody>\n<\/table>\n<p>[\/et_pb_text][\/et_pb_column][\/et_pb_row][et_pb_row _builder_version=&#8221;4.23.1&#8243; _module_preset=&#8221;default&#8221; global_colors_info=&#8221;{}&#8221;][et_pb_column type=&#8221;4_4&#8243; _builder_version=&#8221;4.23.1&#8243; _module_preset=&#8221;default&#8221; global_colors_info=&#8221;{}&#8221;][et_pb_heading title=&#8221;Assembly examples&#8221; _builder_version=&#8221;4.25.2&#8243; _module_preset=&#8221;default&#8221; title_level=&#8221;h2&#8243; global_colors_info=&#8221;{}&#8221;][\/et_pb_heading][et_pb_text _builder_version=&#8221;4.27.0&#8243; _module_preset=&#8221;default&#8221; text_font_size=&#8221;18px&#8221; global_colors_info=&#8221;{}&#8221;]<\/p>\n<p>&nbsp;<\/p>\n<table style=\"width: 100%; border-collapse: collapse; height: 50px;\" cellpadding=\"6px\">\n<tbody>\n<tr style=\"height: 40px; background-color: #80808024;\">\n<td style=\"width: 3.72051%; border-bottom: 1px solid black; height: 10px;\">Item no.<\/td>\n<td style=\"width: 43.3153%; border-bottom: 1px solid black; height: 10px;\">Description<\/td>\n<td style=\"width: 2.45009%; border-bottom: 1px solid black; height: 10px;\">Onlineshop<\/td>\n<\/tr>\n<tr style=\"height: 40px;\">\n<td style=\"width: 3.72051%; border-bottom: 1px solid black; height: 40px;\">301100<\/td>\n<td style=\"width: 43.3153%; border-bottom: 1px solid black; height: 40px;\">TorchLED HEAD AN incl. headband and micro-USB charging cable<\/td>\n<td style=\"width: 2.45009%; border-bottom: 1px solid black; height: 40px;\"><a href=\"https:\/\/shop.gifas.de\/lichtsysteme\/batterie-akkuleuchten\/torchled\/1018\/kopfleuchte-torchled-head-an?number=301100\">Buy now<\/a><\/td>\n<\/tr>\n<\/tbody>\n<\/table>\n<p>[\/et_pb_text][\/et_pb_column][\/et_pb_row][et_pb_row _builder_version=&#8221;4.23.1&#8243; _module_preset=&#8221;default&#8221; global_colors_info=&#8221;{}&#8221;][et_pb_column type=&#8221;4_4&#8243; _builder_version=&#8221;4.23.1&#8243; _module_preset=&#8221;default&#8221; global_colors_info=&#8221;{}&#8221;][et_pb_heading title=&#8221;Downloads&#8221; _builder_version=&#8221;4.23.1&#8243; _module_preset=&#8221;default&#8221; title_level=&#8221;h2&#8243; global_colors_info=&#8221;{}&#8221;][\/et_pb_heading][et_pb_text _builder_version=&#8221;4.25.2&#8243; _module_preset=&#8221;default&#8221; text_font_size=&#8221;18px&#8221; global_colors_info=&#8221;{}&#8221;]<\/p>\n<table style=\"width: 100%; border-collapse: collapse;\" cellpadding=\"6px\">\n<tbody>\n<tr style=\"height: 60px;\">\n<td style=\"width: 26.939%; border-bottom: 1px solid black; border-top: 1px solid black;\"><a href=\"https:\/\/www.gifas.de\/wp-content\/uploads\/2023\/06\/GIFAS_TL_11_Rechargeable-and-battery-powered-lights.pdf\">Product information head lamps (PDF)<\/a><\/td>\n<\/tr>\n<\/tbody>\n<\/table>\n<p>[\/et_pb_text][et_pb_button button_url=&#8221;https:\/\/shop.gifas.de\/lichtsysteme\/batterie-akkuleuchten\/torchled\/1018\/kopfleuchte-torchled-head-an?number=301100&#8243; button_text=&#8221;Now available in the online store!&#8221; button_alignment=&#8221;left&#8221; _builder_version=&#8221;4.25.2&#8243; _module_preset=&#8221;default&#8221; custom_button=&#8221;on&#8221; button_text_color=&#8221;#FFFFFF&#8221; button_bg_color=&#8221;#000000&#8243; button_border_color=&#8221;#FFFFFF&#8221; button_border_radius=&#8221;5px&#8221; button_use_icon=&#8221;off&#8221; background_layout=&#8221;dark&#8221; animation_style=&#8221;zoom&#8221; global_colors_info=&#8221;{}&#8221;][\/et_pb_button][\/et_pb_column][\/et_pb_row][\/et_pb_section][et_pb_section fb_built=&#8221;1&#8243; _builder_version=&#8221;4.23.1&#8243; _module_preset=&#8221;default&#8221; global_colors_info=&#8221;{}&#8221;][et_pb_row _builder_version=&#8221;4.23.1&#8243; _module_preset=&#8221;default&#8221; global_colors_info=&#8221;{}&#8221;][et_pb_column type=&#8221;4_4&#8243; _builder_version=&#8221;4.23.1&#8243; _module_preset=&#8221;default&#8221; global_colors_info=&#8221;{}&#8221;][et_pb_heading title=&#8221;Alternative wired work lights and construction spotlights:&#8221; _builder_version=&#8221;4.25.2&#8243; _module_preset=&#8221;default&#8221; title_level=&#8221;h2&#8243; title_font_size=&#8221;28px&#8221; global_colors_info=&#8221;{}&#8221;][\/et_pb_heading][\/et_pb_column][\/et_pb_row][et_pb_row column_structure=&#8221;1_3,1_3,1_3&#8243; make_equal=&#8221;on&#8221; _builder_version=&#8221;4.23.1&#8243; _module_preset=&#8221;default&#8221; global_colors_info=&#8221;{}&#8221;][et_pb_column type=&#8221;1_3&#8243; _builder_version=&#8221;4.23.1&#8243; _module_preset=&#8221;default&#8221; background_color=&#8221;rgba(0,0,0,0.02)&#8221; custom_padding=&#8221;||25px||false|false&#8221; border_width_all=&#8221;1px&#8221; border_color_all=&#8221;rgba(0,0,0,0.16)&#8221; global_colors_info=&#8221;{}&#8221;][et_pb_image src=&#8221;https:\/\/www.gifas.de\/wp-content\/uploads\/2024\/07\/GIFAS_Arbeitsleuchten_FlexLED-doppelseitiges-LED-Lichtband-Lichtschlauch-auf-Leitungsroller-ezgif.com-jpg-to-webp-converter.webp&#8221; alt=&#8221;LED-Strahler f\u00fcr Industrie und Gewerbe. R\u00fcttelfester LED Strahler f\u00fcr Arbeitsplatz. Leistung 80W bis 120W.&#8221; title_text=&#8221;GIFAS_Arbeitsleuchten_FlexLED-doppelseitiges-LED-Lichtband-Lichtschlauch-auf-Leitungsroller-ezgif.com-jpg-to-webp-converter&#8221; align=&#8221;center&#8221; _builder_version=&#8221;4.25.2&#8243; _module_preset=&#8221;default&#8221; global_colors_info=&#8221;{}&#8221;][\/et_pb_image][et_pb_heading title=&#8221;FlexLED&#8221; _builder_version=&#8221;4.27.4&#8243; _module_preset=&#8221;default&#8221; title_level=&#8221;h3&#8243; title_text_align=&#8221;center&#8221; title_font_size=&#8221;22px&#8221; custom_margin=&#8221;65px||0px||false|false&#8221; hover_enabled=&#8221;0&#8243; global_colors_info=&#8221;{}&#8221; sticky_enabled=&#8221;0&#8243;][\/et_pb_heading][et_pb_text _builder_version=&#8221;4.25.2&#8243; _module_preset=&#8221;default&#8221; text_font_size=&#8221;18px&#8221; text_orientation=&#8221;center&#8221; global_colors_info=&#8221;{}&#8221;]<\/p>\n<p>LED strip light on cable reel<br \/>13W\/m, 1,500lm\/m, 4,000K, IP65, IK10<\/p>\n<p>[\/et_pb_text][et_pb_button button_url=&#8221;https:\/\/www.gifas.de\/en\/work-lights\/flexled-led-strip-light-on-cable-reel\/&#8221; button_text=&#8221;more info&#8221; button_alignment=&#8221;center&#8221; _builder_version=&#8221;4.25.2&#8243; _module_preset=&#8221;default&#8221; custom_button=&#8221;on&#8221; button_text_size=&#8221;16px&#8221; button_border_width=&#8221;1px&#8221; button_border_radius=&#8221;20px&#8221; button_font=&#8221;|||on|||||&#8221; button_use_icon=&#8221;off&#8221; custom_margin=&#8221;50px||||false|false&#8221; custom_padding=&#8221;5px|93px|5px|93px|false|false&#8221; global_colors_info=&#8221;{}&#8221; button_bg_color__hover_enabled=&#8221;on|hover&#8221; button_bg_color__hover=&#8221;#0c71c3&#8243; button_bg_enable_color__hover=&#8221;on&#8221; button_text_color__hover_enabled=&#8221;on|hover&#8221; button_text_color__hover=&#8221;#FFFFFF&#8221;][\/et_pb_button][\/et_pb_column][et_pb_column type=&#8221;1_3&#8243; _builder_version=&#8221;4.23.1&#8243; _module_preset=&#8221;default&#8221; background_color=&#8221;rgba(0,0,0,0.02)&#8221; custom_padding=&#8221;||25px||false|false&#8221; border_width_all=&#8221;1px&#8221; border_color_all=&#8221;rgba(0,0,0,0.16)&#8221; global_colors_info=&#8221;{}&#8221;][et_pb_image src=&#8221;https:\/\/www.gifas.de\/wp-content\/uploads\/2024\/01\/GIFAS_Arbeitsleuchte_LED-Flchenstrahler-25W_PrimaLED_4000K_IP65_IK08-ezgif.com-jpg-to-webp-converter.webp&#8221; alt=&#8221;PrimaLED Arbeitsleuchte von GIFAS mit schwarz gelbem Kunststoffgeh\u00e4use, schwarzem B\u00fcgel und Anschlusskabel&#8221; title_text=&#8221;GIFAS_Arbeitsleuchte_LED-Flchenstrahler-25W_PrimaLED_4000K_IP65_IK08-ezgif.com-jpg-to-webp-converter&#8221; align=&#8221;center&#8221; _builder_version=&#8221;4.25.2&#8243; _module_preset=&#8221;default&#8221; global_colors_info=&#8221;{}&#8221;][\/et_pb_image][et_pb_heading title=&#8221;PrimaLED 2&#8243; _builder_version=&#8221;4.27.4&#8243; _module_preset=&#8221;default&#8221; title_level=&#8221;h3&#8243; title_text_align=&#8221;center&#8221; title_font_size=&#8221;22px&#8221; custom_margin=&#8221;65px||0px||false|false&#8221; hover_enabled=&#8221;0&#8243; global_colors_info=&#8221;{}&#8221; sticky_enabled=&#8221;0&#8243;][\/et_pb_heading][et_pb_text _builder_version=&#8221;4.25.2&#8243; _module_preset=&#8221;default&#8221; text_font_size=&#8221;18px&#8221; text_orientation=&#8221;center&#8221; global_colors_info=&#8221;{}&#8221;]<\/p>\n<p>LED floodlight<br \/>25W, 4,200lm, 4,000K, IP65, IK08, SK I-III<\/p>\n<p>[\/et_pb_text][et_pb_button button_url=&#8221;https:\/\/www.gifas.de\/en\/work-lights\/primaled-led-spotlight\/&#8221; button_text=&#8221;more info&#8221; button_alignment=&#8221;center&#8221; _builder_version=&#8221;4.25.2&#8243; _module_preset=&#8221;default&#8221; custom_button=&#8221;on&#8221; button_text_size=&#8221;16px&#8221; button_border_width=&#8221;1px&#8221; button_border_radius=&#8221;20px&#8221; button_font=&#8221;|||on|||||&#8221; button_use_icon=&#8221;off&#8221; custom_margin=&#8221;50px||||false|false&#8221; custom_padding=&#8221;5px|93px|5px|93px|false|false&#8221; global_colors_info=&#8221;{}&#8221; button_bg_color__hover_enabled=&#8221;on|hover&#8221; button_bg_color__hover=&#8221;#0c71c3&#8243; button_bg_enable_color__hover=&#8221;on&#8221; button_text_color__hover_enabled=&#8221;on|hover&#8221; button_text_color__hover=&#8221;#FFFFFF&#8221;][\/et_pb_button][\/et_pb_column][et_pb_column type=&#8221;1_3&#8243; _builder_version=&#8221;4.23.1&#8243; _module_preset=&#8221;default&#8221; background_color=&#8221;rgba(0,0,0,0.02)&#8221; custom_padding=&#8221;||25px||false|false&#8221; border_width_all=&#8221;1px&#8221; border_color_all=&#8221;rgba(0,0,0,0.16)&#8221; global_colors_info=&#8221;{}&#8221;][et_pb_image src=&#8221;https:\/\/www.gifas.de\/wp-content\/uploads\/2024\/01\/GIFAS_Arbeitsleuchte-mit-Haken_LED-Stableuchte_StabiLED-ezgif.com-jpg-to-webp-converter.webp&#8221; alt=&#8221;LED-Stableuchte mit Haken zum Aufh\u00e4ngen, schwarzem Griff und Anschlusskabel&#8221; title_text=&#8221;GIFAS_Arbeitsleuchte-mit-Haken_LED-Stableuchte_StabiLED-ezgif.com-jpg-to-webp-converter&#8221; align=&#8221;center&#8221; _builder_version=&#8221;4.25.2&#8243; _module_preset=&#8221;default&#8221; global_colors_info=&#8221;{}&#8221;][\/et_pb_image][et_pb_heading title=&#8221;StabiLED&#8221; _builder_version=&#8221;4.27.4&#8243; _module_preset=&#8221;default&#8221; title_level=&#8221;h3&#8243; title_text_align=&#8221;center&#8221; title_font_size=&#8221;22px&#8221; custom_margin=&#8221;65px||0px||false|false&#8221; hover_enabled=&#8221;0&#8243; global_colors_info=&#8221;{}&#8221; sticky_enabled=&#8221;0&#8243;][\/et_pb_heading][et_pb_text _builder_version=&#8221;4.25.2&#8243; _module_preset=&#8221;default&#8221; text_font_size=&#8221;18px&#8221; text_orientation=&#8221;center&#8221; global_colors_info=&#8221;{}&#8221;]<\/p>\n<p>LED-Stableuchte<br \/>6W, 560lm, IP55, SK II\/III<\/p>\n<p>[\/et_pb_text][et_pb_button button_url=&#8221;https:\/\/www.gifas.de\/en\/work-lights\/stabiled-led-tube-light\/&#8221; button_text=&#8221;more info&#8221; button_alignment=&#8221;center&#8221; _builder_version=&#8221;4.25.2&#8243; _module_preset=&#8221;default&#8221; custom_button=&#8221;on&#8221; button_text_size=&#8221;16px&#8221; button_border_width=&#8221;1px&#8221; button_border_radius=&#8221;20px&#8221; button_font=&#8221;|||on|||||&#8221; button_use_icon=&#8221;off&#8221; custom_margin=&#8221;50px||||false|false&#8221; custom_padding=&#8221;5px|93px|5px|93px|false|false&#8221; global_colors_info=&#8221;{}&#8221; button_bg_color__hover_enabled=&#8221;on|hover&#8221; button_bg_color__hover=&#8221;#0c71c3&#8243; button_bg_enable_color__hover=&#8221;on&#8221; button_text_color__hover_enabled=&#8221;on|hover&#8221; button_text_color__hover=&#8221;#FFFFFF&#8221;][\/et_pb_button][\/et_pb_column][\/et_pb_row][\/et_pb_section]<\/p>\n","protected":false},"excerpt":{"rendered":"<p>Buy now in the online store! TorchLED HEAD AN&#8230;<\/p>\n","protected":false},"author":8,"featured_media":0,"parent":28569,"menu_order":96,"comment_status":"closed","ping_status":"closed","template":"","meta":{"_acf_changed":false,"_et_pb_use_builder":"on","_et_pb_old_content":"","_et_gb_content_width":"","inline_featured_image":false,"footnotes":""},"class_list":["post-29191","page","type-page","status-publish","hentry"],"acf":[],"_links":{"self":[{"href":"https:\/\/www.gifas.de\/en\/wp-json\/wp\/v2\/pages\/29191","targetHints":{"allow":["GET"]}}],"collection":[{"href":"https:\/\/www.gifas.de\/en\/wp-json\/wp\/v2\/pages"}],"about":[{"href":"https:\/\/www.gifas.de\/en\/wp-json\/wp\/v2\/types\/page"}],"author":[{"embeddable":true,"href":"https:\/\/www.gifas.de\/en\/wp-json\/wp\/v2\/users\/8"}],"replies":[{"embeddable":true,"href":"https:\/\/www.gifas.de\/en\/wp-json\/wp\/v2\/comments?post=29191"}],"version-history":[{"count":9,"href":"https:\/\/www.gifas.de\/en\/wp-json\/wp\/v2\/pages\/29191\/revisions"}],"predecessor-version":[{"id":37155,"href":"https:\/\/www.gifas.de\/en\/wp-json\/wp\/v2\/pages\/29191\/revisions\/37155"}],"up":[{"embeddable":true,"href":"https:\/\/www.gifas.de\/en\/wp-json\/wp\/v2\/pages\/28569"}],"wp:attachment":[{"href":"https:\/\/www.gifas.de\/en\/wp-json\/wp\/v2\/media?parent=29191"}],"curies":[{"name":"wp","href":"https:\/\/api.w.org\/{rel}","templated":true}]}}