{"id":29328,"date":"2024-07-05T07:16:06","date_gmt":"2024-07-05T05:16:06","guid":{"rendered":"https:\/\/www.gifas.de\/?page_id=29328"},"modified":"2025-04-14T17:34:25","modified_gmt":"2025-04-14T15:34:25","slug":"starled-w6r","status":"publish","type":"page","link":"https:\/\/www.gifas.de\/en\/rechargeable-and-battery-powered-lights\/starled-w6r\/","title":{"rendered":"StarLED W6R"},"content":{"rendered":"<p>[et_pb_section fb_built=&#8221;1&#8243; _builder_version=&#8221;4.23.1&#8243; _module_preset=&#8221;default&#8221; custom_padding=&#8221;||0px||false|false&#8221; global_colors_info=&#8221;{}&#8221;][et_pb_row column_structure=&#8221;1_2,1_2&#8243; _builder_version=&#8221;4.23.1&#8243; _module_preset=&#8221;default&#8221; global_colors_info=&#8221;{}&#8221;][et_pb_column type=&#8221;1_2&#8243; _builder_version=&#8221;4.23.1&#8243; _module_preset=&#8221;default&#8221; global_colors_info=&#8221;{}&#8221;][et_pb_gallery gallery_ids=&#8221;29402,29390,29394,29398&#8243; fullwidth=&#8221;on&#8221; _builder_version=&#8221;4.25.2&#8243; _module_preset=&#8221;default&#8221; global_colors_info=&#8221;{}&#8221;][\/et_pb_gallery][et_pb_button button_url=&#8221;https:\/\/shop.gifas.de\/lichtsysteme\/batterie-akkuleuchten\/starled-w6r\/1065\/akkuleuchte-starled-w6r?number=301092&#8243; button_text=&#8221;Buy now in the online store!&#8221; button_alignment=&#8221;center&#8221; _builder_version=&#8221;4.25.2&#8243; _module_preset=&#8221;default&#8221; custom_button=&#8221;on&#8221; button_text_color=&#8221;#FFFFFF&#8221; button_bg_color=&#8221;#000000&#8243; button_border_color=&#8221;#FFFFFF&#8221; button_border_radius=&#8221;5px&#8221; button_use_icon=&#8221;off&#8221; background_layout=&#8221;dark&#8221; animation_style=&#8221;zoom&#8221; global_colors_info=&#8221;{}&#8221;][\/et_pb_button][\/et_pb_column][et_pb_column type=&#8221;1_2&#8243; _builder_version=&#8221;4.23.1&#8243; _module_preset=&#8221;default&#8221; global_colors_info=&#8221;{}&#8221;][et_pb_heading title=&#8221;StarLED W6R&#8221; _builder_version=&#8221;4.25.2&#8243; _module_preset=&#8221;default&#8221; custom_margin=&#8221;||0px||false|false&#8221; global_colors_info=&#8221;{}&#8221;][\/et_pb_heading][et_pb_text _builder_version=&#8221;4.25.2&#8243; _module_preset=&#8221;default&#8221; text_font=&#8221;|600|||||||&#8221; text_font_size=&#8221;24px&#8221; global_colors_info=&#8221;{}&#8221;]<\/p>\n<p>Hand-held spotlight with power bank and tripod mount<\/p>\n<p>[\/et_pb_text][et_pb_text _builder_version=&#8221;4.25.2&#8243; _module_preset=&#8221;default&#8221; text_font_size=&#8221;18px&#8221; global_colors_info=&#8221;{}&#8221;]<\/p>\n<table style=\"width: 100%; border-collapse: collapse;\" cellpadding=\"6px\">\n<tbody>\n<tr style=\"height: 40px; background-color: #80808024;\">\n<td style=\"width: 100%; border-bottom: 1px solid black;\">Energy-efficient LED technology, robust IP65 design<\/td>\n<\/tr>\n<tr style=\"height: 40px;\">\n<td style=\"width: 100%; border-bottom: 1px solid black;\">Uniform light distribution, a pleasant light color 6,000-7,000K<\/td>\n<\/tr>\n<tr style=\"height: 40px; background-color: #80808024;\">\n<td style=\"width: 100%; border-bottom: 1px solid black;\">Lightweight and easy to handle<\/td>\n<\/tr>\n<tr style=\"height: 40px;\">\n<td style=\"width: 100%; border-bottom: 1px solid black;\">Extra hardened lamp head (emergency hammer)<\/td>\n<\/tr>\n<tr style=\"height: 40px; background-color: #80808024;\">\n<td style=\"width: 100%; border-bottom: 1px solid black;\">Incl. batteries and pocket clip<\/td>\n<\/tr>\n<tr style=\"height: 40px;\">\n<td style=\"width: 100%;\">\u00a0<\/td>\n<\/tr>\n<\/tbody>\n<\/table>\n<p>[\/et_pb_text][\/et_pb_column][\/et_pb_row][\/et_pb_section][et_pb_section fb_built=&#8221;1&#8243; _builder_version=&#8221;4.23.1&#8243; _module_preset=&#8221;default&#8221; custom_padding=&#8221;0px||||false|false&#8221; global_colors_info=&#8221;{}&#8221;][et_pb_row _builder_version=&#8221;4.23.1&#8243; _module_preset=&#8221;default&#8221; global_colors_info=&#8221;{}&#8221;][et_pb_column type=&#8221;4_4&#8243; _builder_version=&#8221;4.23.1&#8243; _module_preset=&#8221;default&#8221; global_colors_info=&#8221;{}&#8221;][et_pb_heading title=&#8221;Description&#8221; _builder_version=&#8221;4.25.2&#8243; _module_preset=&#8221;default&#8221; title_level=&#8221;h2&#8243; custom_margin=&#8221;||||false|false&#8221; global_colors_info=&#8221;{}&#8221;][\/et_pb_heading][et_pb_text _builder_version=&#8221;4.25.2&#8243; _module_preset=&#8221;default&#8221; text_font_size=&#8221;18px&#8221; global_colors_info=&#8221;{}&#8221;]<\/p>\n<p>The StarLED W6R is a professional light with high light output (4,600 lumens) and low heat generation. With its 180\u00b0 rotatable light panels and 90\u00b0 adjustable handle, the work light offers various application options. The StarLED W6R can shine in two directions at the same time, meaning that even large rooms can be illuminated with this work light. It also offers various installation options for every application: upright or mounted on a tripod. The portable floodlight also has an IP54 protection rating, making it dust and waterproof and perfect for construction sites.<\/p>\n<p>[\/et_pb_text][\/et_pb_column][\/et_pb_row][et_pb_row _builder_version=&#8221;4.23.1&#8243; _module_preset=&#8221;default&#8221; custom_padding=&#8221;||0px||false|false&#8221; global_colors_info=&#8221;{}&#8221;][et_pb_column type=&#8221;4_4&#8243; _builder_version=&#8221;4.23.1&#8243; _module_preset=&#8221;default&#8221; global_colors_info=&#8221;{}&#8221;][et_pb_heading title=&#8221;Product features&#8221; _builder_version=&#8221;4.25.2&#8243; _module_preset=&#8221;default&#8221; title_level=&#8221;h2&#8243; custom_margin=&#8221;||||false|false&#8221; global_colors_info=&#8221;{}&#8221;][\/et_pb_heading][et_pb_text _builder_version=&#8221;4.25.2&#8243; _module_preset=&#8221;default&#8221; text_font_size=&#8221;18px&#8221; global_colors_info=&#8221;{}&#8221;]<\/p>\n<ul>\n<li>appealing design<\/li>\n<li>4 brightness levels, max, high, medium, low<\/li>\n<li>2 LED heads each foldable up to 180<\/li>\n<li>Rechargeable battery with power bank function via USB<\/li>\n<\/ul>\n<p>[\/et_pb_text][\/et_pb_column][\/et_pb_row][et_pb_row _builder_version=&#8221;4.23.1&#8243; _module_preset=&#8221;default&#8221; custom_padding=&#8221;||0px||false|false&#8221; global_colors_info=&#8221;{}&#8221;][et_pb_column type=&#8221;4_4&#8243; _builder_version=&#8221;4.23.1&#8243; _module_preset=&#8221;default&#8221; global_colors_info=&#8221;{}&#8221;][et_pb_heading title=&#8221;Technical data&#8221; _builder_version=&#8221;4.25.2&#8243; _module_preset=&#8221;default&#8221; title_level=&#8221;h2&#8243; global_colors_info=&#8221;{}&#8221;][\/et_pb_heading][et_pb_text _builder_version=&#8221;4.25.2&#8243; _module_preset=&#8221;default&#8221; text_font_size=&#8221;18px&#8221; global_colors_info=&#8221;{}&#8221;]<\/p>\n<table style=\"width: 99.1302%; border-collapse: collapse; height: 648px;\">\n<tbody>\n<tr style=\"height: 40px; background-color: #80808024;\">\n<td style=\"width: 26.939%; border-bottom: 1px solid black; height: 40px;\">Power supply:<\/td>\n<td style=\"width: 49.3722%; border-bottom: 1px solid black; height: 40px;\">Li-Ion 14.8 V, 5,200 mAh<\/td>\n<\/tr>\n<tr style=\"height: 40px;\">\n<td style=\"width: 26.939%; border-bottom: 1px solid black; height: 40px;\">Lighting range:<\/td>\n<td style=\"width: 49.3722%; border-bottom: 1px solid black; height: 40px;\">up to 80 m<\/td>\n<\/tr>\n<tr style=\"height: 40px; background-color: #80808024;\">\n<td style=\"width: 26.939%; border-bottom: 1px solid black; height: 35px;\">Light output levels:<\/td>\n<td style=\"width: 49.3722%; border-bottom: 1px solid black; height: 35px;\">Max 4,600\u2009lm<\/td>\n<\/tr>\n<tr style=\"height: 40px;\">\n<td style=\"width: 26.939%; border-bottom: 1px solid black; height: 40px;\">\u00a0<\/td>\n<td style=\"width: 49.3722%; border-bottom: 1px solid black; height: 40px;\">High 3,000\u2009lm<\/td>\n<\/tr>\n<tr style=\"height: 40px; background-color: #80808024;\">\n<td style=\"width: 26.939%; border-bottom: 1px solid black; height: 40px;\">\u00a0<\/td>\n<td style=\"width: 49.3722%; border-bottom: 1px solid black; height: 40px;\">Medium 1,500\u2009lm<\/td>\n<\/tr>\n<tr style=\"height: 40px;\">\n<td style=\"width: 26.939%; border-bottom: 1px solid black; height: 40px;\">\u00a0<\/td>\n<td style=\"width: 49.3722%; border-bottom: 1px solid black; height: 40px;\">Low 750\u2009lm<\/td>\n<\/tr>\n<tr style=\"height: 40px; background-color: #80808024;\">\n<td style=\"width: 26.939%; border-bottom: 1px solid black; height: 35px;\">Light duration:<\/td>\n<td style=\"width: 49.3722%; border-bottom: 1px solid black; height: 40px;\">Max 2\u2009h 15\u2009min<\/td>\n<\/tr>\n<tr style=\"height: 40px;\">\n<td style=\"width: 26.939%; border-bottom: 1px solid black; height: 40px;\">\u00a0<\/td>\n<td style=\"width: 49.3722%; border-bottom: 1px solid black; height: 40px;\">High 3\u2009h 30\u2009min<\/td>\n<\/tr>\n<tr style=\"height: 40px; background-color: #80808024;\">\n<td style=\"width: 26.939%; border-bottom: 1px solid black; height: 40px;\">\u00a0<\/td>\n<td style=\"width: 49.3722%; border-bottom: 1px solid black; height: 40px;\">Medium 7\u2009h<\/td>\n<\/tr>\n<tr style=\"height: 40px;\">\n<td style=\"width: 26.939%; border-bottom: 1px solid black; height: 40px;\">\u00a0<\/td>\n<td style=\"width: 49.3722%; border-bottom: 1px solid black; height: 40px;\">Low 14\u2009h<\/td>\n<\/tr>\n<tr style=\"height: 40px; background-color: #80808024;\">\n<td style=\"width: 26.939%; border-bottom: 1px solid black; height: 35px;\">Color temperature:<\/td>\n<td style=\"width: 49.3722%; border-bottom: 1px solid black; height: 40px;\">5,700\u2009K<\/td>\n<\/tr>\n<tr style=\"height: 40px;\">\n<td style=\"width: 26.939%; border-bottom: 1px solid black; height: 40px;\">Protection class:<\/td>\n<td style=\"width: 49.3722%; border-bottom: 1px solid black; height: 40px;\">IP54<\/td>\n<\/tr>\n<tr style=\"height: 40px; background-color: #80808024;\">\n<td style=\"width: 26.939%; border-bottom: 1px solid black; height: 40px;\">Impact resistance:<\/td>\n<td style=\"width: 49.3722%; border-bottom: 1px solid black; height: 40px;\">IK07<\/td>\n<\/tr>\n<tr style=\"height: 40px;\">\n<td style=\"width: 26.939%; border-bottom: 1px solid black; height: 40px;\">Temperature range:<\/td>\n<td style=\"width: 49.3722%; border-bottom: 1px solid black; height: 40px;\">-10\u00b0\u2009C to +40\u00b0\u2009C<\/td>\n<\/tr>\n<tr style=\"height: 40px; background-color: #80808024;\">\n<td style=\"width: 26.939%; border-bottom: 1px solid black; height: 35px;\">Housing:<\/td>\n<td style=\"width: 49.3722%; border-bottom: 1px solid black; height: 40px;\">Plastic<\/td>\n<\/tr>\n<tr style=\"height: 40px;\">\n<td style=\"width: 26.939%; border-bottom: 1px solid black; height: 40px;\">Weight:<\/td>\n<td style=\"width: 49.3722%; border-bottom: 1px solid black; height: 40px;\">2.41kg<\/td>\n<\/tr>\n<tr style=\"height: 40px; background-color: #80808024;\">\n<td style=\"width: 26.939%; border-bottom: 1px solid black; height: 40px;\">Dimensions (WxHxD):<\/td>\n<td style=\"width: 49.3722%; border-bottom: 1px solid black; height: 40px;\">176x288x131mm<\/td>\n<\/tr>\n<\/tbody>\n<\/table>\n<p>[\/et_pb_text][\/et_pb_column][\/et_pb_row][et_pb_row _builder_version=&#8221;4.23.1&#8243; _module_preset=&#8221;default&#8221; global_colors_info=&#8221;{}&#8221;][et_pb_column type=&#8221;4_4&#8243; _builder_version=&#8221;4.23.1&#8243; _module_preset=&#8221;default&#8221; global_colors_info=&#8221;{}&#8221;][et_pb_heading title=&#8221;Assembly examples&#8221; _builder_version=&#8221;4.25.2&#8243; _module_preset=&#8221;default&#8221; title_level=&#8221;h2&#8243; global_colors_info=&#8221;{}&#8221;][\/et_pb_heading][et_pb_text _builder_version=&#8221;4.27.0&#8243; _module_preset=&#8221;default&#8221; text_font_size=&#8221;18px&#8221; global_colors_info=&#8221;{}&#8221;]<\/p>\n<p>&nbsp;<\/p>\n<table style=\"width: 100%; border-collapse: collapse; height: 52px;\" cellpadding=\"6px\">\n<tbody>\n<tr style=\"height: 40px; background-color: #80808024;\">\n<td style=\"width: 3.72051%; border-bottom: 1px solid black; height: 12px;\">Artikel-Nr.<\/td>\n<td style=\"width: 43.3153%; border-bottom: 1px solid black; height: 12px;\">Description<\/td>\n<td style=\"width: 2.45009%; border-bottom: 1px solid black; height: 12px;\">Onlineshop<\/td>\n<\/tr>\n<tr style=\"height: 40px;\">\n<td style=\"width: 3.72051%; border-bottom: 1px solid black; height: 40px;\">301092<\/td>\n<td style=\"width: 43.3153%; border-bottom: 1px solid black; height: 40px;\">StarLED W6R, 4600 lm, IP54, Li-Ion 14.8 V 5.2 Ah, USB-C adapter<\/td>\n<td style=\"width: 2.45009%; border-bottom: 1px solid black; height: 40px;\"><a href=\"https:\/\/shop.gifas.de\/lichtsysteme\/batterie-akkuleuchten\/starled-w6r\/1065\/akkuleuchte-starled-w6r?number=301092\">Buy now<\/a><\/td>\n<\/tr>\n<\/tbody>\n<\/table>\n<p>[\/et_pb_text][\/et_pb_column][\/et_pb_row][et_pb_row _builder_version=&#8221;4.23.1&#8243; _module_preset=&#8221;default&#8221; global_colors_info=&#8221;{}&#8221;][et_pb_column type=&#8221;4_4&#8243; _builder_version=&#8221;4.23.1&#8243; _module_preset=&#8221;default&#8221; global_colors_info=&#8221;{}&#8221;][et_pb_heading title=&#8221;Accessories&#8221; _builder_version=&#8221;4.25.2&#8243; _module_preset=&#8221;default&#8221; title_level=&#8221;h2&#8243; global_colors_info=&#8221;{}&#8221;][\/et_pb_heading][et_pb_text _builder_version=&#8221;4.25.2&#8243; _module_preset=&#8221;default&#8221; text_font_size=&#8221;18px&#8221; global_colors_info=&#8221;{}&#8221;]<\/p>\n<p>&nbsp;<\/p>\n<table style=\"width: 100%; border-collapse: collapse; height: 94px;\" cellpadding=\"6px\">\n<tbody>\n<tr style=\"height: 40px; background-color: #80808024;\">\n<td style=\"width: 3.72051%; border-bottom: 1px solid black; height: 14px;\">Item no.<\/td>\n<td style=\"width: 43.3153%; border-bottom: 1px solid black; height: 14px;\">Description<\/td>\n<td style=\"width: 2.45009%; border-bottom: 1px solid black; height: 14px;\">Onlineshop<\/td>\n<\/tr>\n<tr style=\"height: 40px;\">\n<td style=\"width: 3.72051%; border-bottom: 1px solid black; height: 40px;\">301093<\/td>\n<td style=\"width: 43.3153%; border-bottom: 1px solid black; height: 40px;\">StarLED W6R tripod for height 0.73 &#8211; 1.65 m<\/td>\n<td style=\"width: 2.45009%; border-bottom: 1px solid black; height: 40px;\"><a href=\"https:\/\/shop.gifas.de\/lichtsysteme\/batterie-akkuleuchten\/starled-w6r\/1066\/akkuleuchte-starled-w6r-stativ?number=301093\">zum Produkt<\/a><\/td>\n<\/tr>\n<tr style=\"height: 40px; background-color: #80808024;\">\n<td style=\"width: 3.72051%; border-bottom: 1px solid black; height: 40px;\">301097<\/td>\n<td style=\"width: 43.3153%; border-bottom: 1px solid black; height: 40px;\">StarLED W6R replacement battery Li-Ion 5.2 Ah 14.4 V<\/td>\n<td style=\"width: 2.45009%; border-bottom: 1px solid black; height: 40px;\"><a href=\"https:\/\/shop.gifas.de\/lichtsysteme\/batterie-akkuleuchten\/starled-w6r\/1067\/akkuleuchte-starled-w6r-ersatzakku?number=301097\">zum Produkt<\/a><\/td>\n<\/tr>\n<\/tbody>\n<\/table>\n<p>[\/et_pb_text][\/et_pb_column][\/et_pb_row][et_pb_row _builder_version=&#8221;4.23.1&#8243; _module_preset=&#8221;default&#8221; global_colors_info=&#8221;{}&#8221;][et_pb_column type=&#8221;4_4&#8243; _builder_version=&#8221;4.23.1&#8243; _module_preset=&#8221;default&#8221; global_colors_info=&#8221;{}&#8221;][et_pb_heading title=&#8221;Downloads&#8221; _builder_version=&#8221;4.23.1&#8243; _module_preset=&#8221;default&#8221; title_level=&#8221;h2&#8243; global_colors_info=&#8221;{}&#8221;][\/et_pb_heading][et_pb_text _builder_version=&#8221;4.25.2&#8243; _module_preset=&#8221;default&#8221; text_font_size=&#8221;18px&#8221; global_colors_info=&#8221;{}&#8221;]<\/p>\n<table style=\"width: 100%; border-collapse: collapse;\" cellpadding=\"6px\">\n<tbody>\n<tr style=\"height: 60px;\">\n<td style=\"width: 26.939%; border-bottom: 1px solid black; border-top: 1px solid black;\"><a href=\"https:\/\/www.gifas.de\/wp-content\/uploads\/2023\/06\/GIFAS_TL_11_Rechargeable-and-battery-powered-lights.pdf\">Product information hand lamps (PDF)<\/a><\/td>\n<\/tr>\n<\/tbody>\n<\/table>\n<p>[\/et_pb_text][et_pb_button button_url=&#8221;https:\/\/shop.gifas.de\/lichtsysteme\/batterie-akkuleuchten\/starled-w6r\/1065\/akkuleuchte-starled-w6r?number=301092&#8243; button_text=&#8221;Now available in the online store!&#8221; button_alignment=&#8221;left&#8221; _builder_version=&#8221;4.25.2&#8243; _module_preset=&#8221;default&#8221; custom_button=&#8221;on&#8221; button_text_color=&#8221;#FFFFFF&#8221; button_bg_color=&#8221;#000000&#8243; button_border_color=&#8221;#FFFFFF&#8221; button_border_radius=&#8221;5px&#8221; button_use_icon=&#8221;off&#8221; background_layout=&#8221;dark&#8221; animation_style=&#8221;zoom&#8221; global_colors_info=&#8221;{}&#8221;][\/et_pb_button][\/et_pb_column][\/et_pb_row][\/et_pb_section][et_pb_section fb_built=&#8221;1&#8243; _builder_version=&#8221;4.23.1&#8243; _module_preset=&#8221;default&#8221; global_colors_info=&#8221;{}&#8221;][et_pb_row _builder_version=&#8221;4.23.1&#8243; _module_preset=&#8221;default&#8221; global_colors_info=&#8221;{}&#8221;][et_pb_column type=&#8221;4_4&#8243; _builder_version=&#8221;4.23.1&#8243; _module_preset=&#8221;default&#8221; global_colors_info=&#8221;{}&#8221;][et_pb_heading title=&#8221;Alternative wired work lights and construction spotlights:&#8221; _builder_version=&#8221;4.25.2&#8243; _module_preset=&#8221;default&#8221; title_level=&#8221;h2&#8243; title_font_size=&#8221;28px&#8221; global_colors_info=&#8221;{}&#8221;][\/et_pb_heading][\/et_pb_column][\/et_pb_row][et_pb_row column_structure=&#8221;1_3,1_3,1_3&#8243; make_equal=&#8221;on&#8221; _builder_version=&#8221;4.23.1&#8243; _module_preset=&#8221;default&#8221; global_colors_info=&#8221;{}&#8221;][et_pb_column type=&#8221;1_3&#8243; _builder_version=&#8221;4.23.1&#8243; _module_preset=&#8221;default&#8221; background_color=&#8221;rgba(0,0,0,0.02)&#8221; custom_padding=&#8221;||25px||false|false&#8221; border_width_all=&#8221;1px&#8221; border_color_all=&#8221;rgba(0,0,0,0.16)&#8221; global_colors_info=&#8221;{}&#8221;][et_pb_image src=&#8221;https:\/\/www.gifas.de\/wp-content\/uploads\/2024\/07\/GIFAS_Arbeitsleuchten_FlexLED-doppelseitiges-LED-Lichtband-Lichtschlauch-auf-Leitungsroller-ezgif.com-jpg-to-webp-converter.webp&#8221; alt=&#8221;LED-Strahler f\u00fcr Industrie und Gewerbe. R\u00fcttelfester LED Strahler f\u00fcr Arbeitsplatz. Leistung 80W bis 120W.&#8221; title_text=&#8221;GIFAS_Arbeitsleuchten_FlexLED-doppelseitiges-LED-Lichtband-Lichtschlauch-auf-Leitungsroller-ezgif.com-jpg-to-webp-converter&#8221; align=&#8221;center&#8221; _builder_version=&#8221;4.25.2&#8243; _module_preset=&#8221;default&#8221; global_colors_info=&#8221;{}&#8221;][\/et_pb_image][et_pb_heading title=&#8221;FlexLED&#8221; _builder_version=&#8221;4.27.4&#8243; _module_preset=&#8221;default&#8221; title_level=&#8221;h3&#8243; title_text_align=&#8221;center&#8221; title_font_size=&#8221;22px&#8221; custom_margin=&#8221;65px||0px||false|false&#8221; hover_enabled=&#8221;0&#8243; global_colors_info=&#8221;{}&#8221; sticky_enabled=&#8221;0&#8243;][\/et_pb_heading][et_pb_text _builder_version=&#8221;4.25.2&#8243; _module_preset=&#8221;default&#8221; text_font_size=&#8221;18px&#8221; text_orientation=&#8221;center&#8221; global_colors_info=&#8221;{}&#8221;]<\/p>\n<p>LED strip light on cable reel<br \/>13W\/m, 1,500lm\/m, 4,000K, IP65, IK10<\/p>\n<p>[\/et_pb_text][et_pb_button button_url=&#8221;https:\/\/www.gifas.de\/en\/work-lights\/flexled-led-strip-light-on-cable-reel\/&#8221; button_text=&#8221;more info&#8221; button_alignment=&#8221;center&#8221; _builder_version=&#8221;4.25.2&#8243; _module_preset=&#8221;default&#8221; custom_button=&#8221;on&#8221; button_text_size=&#8221;16px&#8221; button_border_width=&#8221;1px&#8221; button_border_radius=&#8221;20px&#8221; button_font=&#8221;|||on|||||&#8221; button_use_icon=&#8221;off&#8221; custom_margin=&#8221;50px||||false|false&#8221; custom_padding=&#8221;5px|93px|5px|93px|false|false&#8221; global_colors_info=&#8221;{}&#8221; button_bg_color__hover_enabled=&#8221;on|hover&#8221; button_bg_color__hover=&#8221;#0c71c3&#8243; button_bg_enable_color__hover=&#8221;on&#8221; button_text_color__hover_enabled=&#8221;on|hover&#8221; button_text_color__hover=&#8221;#FFFFFF&#8221;][\/et_pb_button][\/et_pb_column][et_pb_column type=&#8221;1_3&#8243; _builder_version=&#8221;4.23.1&#8243; _module_preset=&#8221;default&#8221; background_color=&#8221;rgba(0,0,0,0.02)&#8221; custom_padding=&#8221;||25px||false|false&#8221; border_width_all=&#8221;1px&#8221; border_color_all=&#8221;rgba(0,0,0,0.16)&#8221; global_colors_info=&#8221;{}&#8221;][et_pb_image src=&#8221;https:\/\/www.gifas.de\/wp-content\/uploads\/2024\/01\/GIFAS_Arbeitsleuchte_LED-Flchenstrahler-25W_PrimaLED_4000K_IP65_IK08-ezgif.com-jpg-to-webp-converter.webp&#8221; alt=&#8221;PrimaLED Arbeitsleuchte von GIFAS mit schwarz gelbem Kunststoffgeh\u00e4use, schwarzem B\u00fcgel und Anschlusskabel&#8221; title_text=&#8221;GIFAS_Arbeitsleuchte_LED-Flchenstrahler-25W_PrimaLED_4000K_IP65_IK08-ezgif.com-jpg-to-webp-converter&#8221; align=&#8221;center&#8221; _builder_version=&#8221;4.25.2&#8243; _module_preset=&#8221;default&#8221; global_colors_info=&#8221;{}&#8221;][\/et_pb_image][et_pb_heading title=&#8221;PrimaLED 2&#8243; _builder_version=&#8221;4.27.4&#8243; _module_preset=&#8221;default&#8221; title_level=&#8221;h3&#8243; title_text_align=&#8221;center&#8221; title_font_size=&#8221;22px&#8221; custom_margin=&#8221;65px||0px||false|false&#8221; hover_enabled=&#8221;0&#8243; global_colors_info=&#8221;{}&#8221; sticky_enabled=&#8221;0&#8243;][\/et_pb_heading][et_pb_text _builder_version=&#8221;4.25.2&#8243; _module_preset=&#8221;default&#8221; text_font_size=&#8221;18px&#8221; text_orientation=&#8221;center&#8221; global_colors_info=&#8221;{}&#8221;]<\/p>\n<p>LED floodlight<br \/>25W, 4,200lm, 4,000K, IP65, IK08, SK I-III<\/p>\n<p>[\/et_pb_text][et_pb_button button_url=&#8221;https:\/\/www.gifas.de\/en\/work-lights\/primaled-led-spotlight\/&#8221; button_text=&#8221;more info&#8221; button_alignment=&#8221;center&#8221; _builder_version=&#8221;4.25.2&#8243; _module_preset=&#8221;default&#8221; custom_button=&#8221;on&#8221; button_text_size=&#8221;16px&#8221; button_border_width=&#8221;1px&#8221; button_border_radius=&#8221;20px&#8221; button_font=&#8221;|||on|||||&#8221; button_use_icon=&#8221;off&#8221; custom_margin=&#8221;50px||||false|false&#8221; custom_padding=&#8221;5px|93px|5px|93px|false|false&#8221; global_colors_info=&#8221;{}&#8221; button_bg_color__hover_enabled=&#8221;on|hover&#8221; button_bg_color__hover=&#8221;#0c71c3&#8243; button_bg_enable_color__hover=&#8221;on&#8221; button_text_color__hover_enabled=&#8221;on|hover&#8221; button_text_color__hover=&#8221;#FFFFFF&#8221;][\/et_pb_button][\/et_pb_column][et_pb_column type=&#8221;1_3&#8243; _builder_version=&#8221;4.23.1&#8243; _module_preset=&#8221;default&#8221; background_color=&#8221;rgba(0,0,0,0.02)&#8221; custom_padding=&#8221;||25px||false|false&#8221; border_width_all=&#8221;1px&#8221; border_color_all=&#8221;rgba(0,0,0,0.16)&#8221; global_colors_info=&#8221;{}&#8221;][et_pb_image src=&#8221;https:\/\/www.gifas.de\/wp-content\/uploads\/2024\/01\/GIFAS_Arbeitsleuchte-mit-Haken_LED-Stableuchte_StabiLED-ezgif.com-jpg-to-webp-converter.webp&#8221; alt=&#8221;LED-Stableuchte mit Haken zum Aufh\u00e4ngen, schwarzem Griff und Anschlusskabel&#8221; title_text=&#8221;GIFAS_Arbeitsleuchte-mit-Haken_LED-Stableuchte_StabiLED-ezgif.com-jpg-to-webp-converter&#8221; align=&#8221;center&#8221; _builder_version=&#8221;4.25.2&#8243; _module_preset=&#8221;default&#8221; global_colors_info=&#8221;{}&#8221;][\/et_pb_image][et_pb_heading title=&#8221;StabiLED&#8221; _builder_version=&#8221;4.27.4&#8243; _module_preset=&#8221;default&#8221; title_level=&#8221;h3&#8243; title_text_align=&#8221;center&#8221; title_font_size=&#8221;22px&#8221; custom_margin=&#8221;65px||0px||false|false&#8221; hover_enabled=&#8221;0&#8243; global_colors_info=&#8221;{}&#8221; sticky_enabled=&#8221;0&#8243;][\/et_pb_heading][et_pb_text _builder_version=&#8221;4.25.2&#8243; _module_preset=&#8221;default&#8221; text_font_size=&#8221;18px&#8221; text_orientation=&#8221;center&#8221; global_colors_info=&#8221;{}&#8221;]<\/p>\n<p>LED bar light<br \/>6W, 560lm, IP55, SK II\/III<\/p>\n<p>[\/et_pb_text][et_pb_button button_url=&#8221;https:\/\/www.gifas.de\/en\/work-lights\/stabiled-led-tube-light\/&#8221; button_text=&#8221;more info&#8221; button_alignment=&#8221;center&#8221; _builder_version=&#8221;4.25.2&#8243; _module_preset=&#8221;default&#8221; custom_button=&#8221;on&#8221; button_text_size=&#8221;16px&#8221; button_border_width=&#8221;1px&#8221; button_border_radius=&#8221;20px&#8221; button_font=&#8221;|||on|||||&#8221; button_use_icon=&#8221;off&#8221; custom_margin=&#8221;50px||||false|false&#8221; custom_padding=&#8221;5px|93px|5px|93px|false|false&#8221; global_colors_info=&#8221;{}&#8221; button_bg_color__hover_enabled=&#8221;on|hover&#8221; button_bg_color__hover=&#8221;#0c71c3&#8243; button_bg_enable_color__hover=&#8221;on&#8221; button_text_color__hover_enabled=&#8221;on|hover&#8221; button_text_color__hover=&#8221;#FFFFFF&#8221;][\/et_pb_button][\/et_pb_column][\/et_pb_row][\/et_pb_section]<\/p>\n","protected":false},"excerpt":{"rendered":"<p>Buy now in the online store! StarLED W6R Hand-held&#8230;<\/p>\n","protected":false},"author":8,"featured_media":0,"parent":28569,"menu_order":114,"comment_status":"closed","ping_status":"closed","template":"","meta":{"_acf_changed":false,"_et_pb_use_builder":"on","_et_pb_old_content":"","_et_gb_content_width":"","inline_featured_image":false,"footnotes":""},"class_list":["post-29328","page","type-page","status-publish","hentry"],"acf":[],"_links":{"self":[{"href":"https:\/\/www.gifas.de\/en\/wp-json\/wp\/v2\/pages\/29328","targetHints":{"allow":["GET"]}}],"collection":[{"href":"https:\/\/www.gifas.de\/en\/wp-json\/wp\/v2\/pages"}],"about":[{"href":"https:\/\/www.gifas.de\/en\/wp-json\/wp\/v2\/types\/page"}],"author":[{"embeddable":true,"href":"https:\/\/www.gifas.de\/en\/wp-json\/wp\/v2\/users\/8"}],"replies":[{"embeddable":true,"href":"https:\/\/www.gifas.de\/en\/wp-json\/wp\/v2\/comments?post=29328"}],"version-history":[{"count":9,"href":"https:\/\/www.gifas.de\/en\/wp-json\/wp\/v2\/pages\/29328\/revisions"}],"predecessor-version":[{"id":37149,"href":"https:\/\/www.gifas.de\/en\/wp-json\/wp\/v2\/pages\/29328\/revisions\/37149"}],"up":[{"embeddable":true,"href":"https:\/\/www.gifas.de\/en\/wp-json\/wp\/v2\/pages\/28569"}],"wp:attachment":[{"href":"https:\/\/www.gifas.de\/en\/wp-json\/wp\/v2\/media?parent=29328"}],"curies":[{"name":"wp","href":"https:\/\/api.w.org\/{rel}","templated":true}]}}