{"id":32398,"date":"2024-08-20T12:12:40","date_gmt":"2024-08-20T10:12:40","guid":{"rendered":"https:\/\/www.gifas.de\/?page_id=32398"},"modified":"2025-04-17T10:39:36","modified_gmt":"2025-04-17T08:39:36","slug":"markled-exit","status":"publish","type":"page","link":"https:\/\/www.gifas.de\/en\/traffic-guidance-systems\/markled-exit\/","title":{"rendered":"MarkLED EXIT"},"content":{"rendered":"<p>[et_pb_section fb_built=&#8221;1&#8243; _builder_version=&#8221;4.23.1&#8243; _module_preset=&#8221;default&#8221; custom_padding=&#8221;||0px||false|false&#8221; global_colors_info=&#8221;{}&#8221;][et_pb_row column_structure=&#8221;1_2,1_2&#8243; _builder_version=&#8221;4.23.1&#8243; _module_preset=&#8221;default&#8221; global_colors_info=&#8221;{}&#8221;][et_pb_column type=&#8221;1_2&#8243; _builder_version=&#8221;4.23.1&#8243; _module_preset=&#8221;default&#8221; global_colors_info=&#8221;{}&#8221;][et_pb_gallery gallery_ids=&#8221;32356,32352&#8243; fullwidth=&#8221;on&#8221; _builder_version=&#8221;4.27.0&#8243; _module_preset=&#8221;default&#8221; global_colors_info=&#8221;{}&#8221;][\/et_pb_gallery][et_pb_button button_url=&#8221;https:\/\/www.gifas.de\/en\/contact-persons\/&#8221; button_text=&#8221;Request product now!&#8221; button_alignment=&#8221;center&#8221; _builder_version=&#8221;4.27.0&#8243; _module_preset=&#8221;default&#8221; custom_button=&#8221;on&#8221; button_text_color=&#8221;#FFFFFF&#8221; button_bg_color=&#8221;#000000&#8243; button_border_color=&#8221;#FFFFFF&#8221; button_border_radius=&#8221;5px&#8221; button_use_icon=&#8221;off&#8221; background_layout=&#8221;dark&#8221; animation_style=&#8221;zoom&#8221; global_colors_info=&#8221;{}&#8221;][\/et_pb_button][\/et_pb_column][et_pb_column type=&#8221;1_2&#8243; _builder_version=&#8221;4.23.1&#8243; _module_preset=&#8221;default&#8221; global_colors_info=&#8221;{}&#8221;][et_pb_heading title=&#8221;MarkLED EXIT&#8221; _builder_version=&#8221;4.27.0&#8243; _module_preset=&#8221;default&#8221; custom_margin=&#8221;||0px||false|false&#8221; global_colors_info=&#8221;{}&#8221;][\/et_pb_heading][et_pb_text _builder_version=&#8221;4.27.0&#8243; _module_preset=&#8221;default&#8221; text_font=&#8221;|600|||||||&#8221; text_font_size=&#8221;24px&#8221; global_colors_info=&#8221;{}&#8221;]<\/p>\n<p>combines two lighting systems<\/p>\n<p>[\/et_pb_text][et_pb_text _builder_version=&#8221;4.27.0&#8243; _module_preset=&#8221;default&#8221; text_font_size=&#8221;18px&#8221; global_colors_info=&#8221;{}&#8221;]<\/p>\n<table style=\"width: 100%; border-collapse: collapse;\" cellpadding=\"6px\">\n<tbody>\n<tr style=\"height: 40px; background-color: #80808024;\">\n<td style=\"width: 100%; border-bottom: 1px solid black;\">LED marker and escape route light<\/td>\n<\/tr>\n<tr style=\"height: 40px;\">\n<td style=\"width: 100%; border-bottom: 1px solid black;\">High energy efficiency<\/td>\n<\/tr>\n<tr style=\"height: 40px; background-color: #80808024;\">\n<td style=\"width: 100%; border-bottom: 1px solid black;\">Tested according to DIN EN 1363-1:2012-10 and in accordance with DIN 4102-12<\/td>\n<\/tr>\n<tr style=\"height: 40px;\">\n<td style=\"width: 100%; border-bottom: 1px solid black;\">Other functions such as dimming, flashing or blinking<\/td>\n<\/tr>\n<tr style=\"height: 40px; background-color: #80808024;\">\n<td style=\"width: 100%; border-bottom: 1px solid black;\">New 4-channel control unit can be integrated into existing control cabinets or installed \u201cstand-alone\u201d<\/td>\n<\/tr>\n<tr style=\"height: 40px;\">\n<td style=\"width: 100%;\">\u00a0<\/td>\n<\/tr>\n<\/tbody>\n<\/table>\n<p>[\/et_pb_text][\/et_pb_column][\/et_pb_row][\/et_pb_section][et_pb_section fb_built=&#8221;1&#8243; _builder_version=&#8221;4.23.1&#8243; _module_preset=&#8221;default&#8221; custom_padding=&#8221;0px||||false|false&#8221; global_colors_info=&#8221;{}&#8221;][et_pb_row _builder_version=&#8221;4.23.1&#8243; _module_preset=&#8221;default&#8221; global_colors_info=&#8221;{}&#8221;][et_pb_column type=&#8221;4_4&#8243; _builder_version=&#8221;4.23.1&#8243; _module_preset=&#8221;default&#8221; global_colors_info=&#8221;{}&#8221;][et_pb_heading title=&#8221;Description&#8221; _builder_version=&#8221;4.27.0&#8243; _module_preset=&#8221;default&#8221; title_level=&#8221;h2&#8243; custom_margin=&#8221;||||false|false&#8221; global_colors_info=&#8221;{}&#8221;][\/et_pb_heading][et_pb_text _builder_version=&#8221;4.27.0&#8243; _module_preset=&#8221;default&#8221; text_font_size=&#8221;18px&#8221; global_colors_info=&#8221;{}&#8221;]<\/p>\n<p>The MarkLED EXIT combines two lighting systems for tunnel operational safety equipment. It is a combination of a marker light and escape route light. The marker luminaires (optical guidance system) are usually installed at intervals of 12.5 m or 25 m. The escape route luminaires are installed at a distance of 50 m. The MarkLED EXIT is therefore equipped with two separate lighting areas with the two different characteristics. In normal operation, only the part of the marker light (optical guidance system) is in operation. In the event of an incident, the EXIT section is switched on so that the escape route is sufficiently illuminated. The MarkLED EXIT also has a wide voltage range of 18 &#8211; 48 VDC. This means that lengths of up to 500 m are possible.<\/p>\n<p><strong>The current collector<\/strong><br \/>It transfers the electrical energy from the two system cables to the luminaire module and provides it with a fixed mounting base. The cables do not have to be cut and therefore remain uninterrupted. On delivery, the luminaire module is already pre-assembled on the current collector.<\/p>\n<ul>\n<li>Mounting system cable in prepared groove<\/li>\n<li>Power transmission from the system cable to the luminaire module<\/li>\n<li>Mounting base for light module<\/li>\n<li>Integrated replaceable fusible links (miniature fuse 20\u00d75 mm) for<\/li>\n<li>Safety separation in case of fire<\/li>\n<\/ul>\n<p>The MarkLED EXIT system with functional integrity E30 \/ E60, tested in accordance with DIN EN 1363-1:2012-10 and based on DIN 4102-12.<\/p>\n<p><strong>The system cable<\/strong><br \/>The luminaire system is connected via a double system cable with a cross-section of 2\u00d72.5 mm2. This cable is embedded in a slot in the banquette for floor installation.<\/p>\n<p><strong>Controls<\/strong><br \/>The new 4-channel controller is used to control the GIFAS control systems and can be integrated into existing control cabinets or installed \u201cstand alone\u201d. The EXIT section can be supplied directly via its own power supply unit, as it is operated at full brightness in the event of an incident and a controller makes little sense.<\/p>\n<p><strong>Accessories<\/strong><br \/>Thanks to the wide range of accessories, different areas of application and complex customer requirements can be implemented.<\/p>\n<p><strong>Functionality<\/strong><br \/>The MarkLED EXIT is a system that can be used in tunnels both as a guidance system and as actual escape route lighting. Corresponding sample installations have been created and tested in collaboration with FEDRO. Its use must be carefully examined for each project depending on the structural conditions.<\/p>\n<p>&nbsp;<\/p>\n<p>&nbsp;<\/p>\n<p>[\/et_pb_text][\/et_pb_column][\/et_pb_row][et_pb_row _builder_version=&#8221;4.23.1&#8243; _module_preset=&#8221;default&#8221; global_colors_info=&#8221;{}&#8221;][et_pb_column type=&#8221;4_4&#8243; _builder_version=&#8221;4.23.1&#8243; _module_preset=&#8221;default&#8221; global_colors_info=&#8221;{}&#8221;][et_pb_heading title=&#8221;Lighting distribution&#8221; _builder_version=&#8221;4.27.0&#8243; _module_preset=&#8221;default&#8221; title_level=&#8221;h2&#8243; custom_margin=&#8221;||||false|false&#8221; global_colors_info=&#8221;{}&#8221;][\/et_pb_heading][et_pb_text _builder_version=&#8221;4.27.0&#8243; _module_preset=&#8221;default&#8221; text_font_size=&#8221;18px&#8221; global_colors_info=&#8221;{}&#8221;]<\/p>\n<p>Lighting distribution when mounted on the floor<\/p>\n<p><img loading=\"lazy\" decoding=\"async\" class=\"alignnone wp-image-32411 size-full\" src=\"https:\/\/www.gifas.de\/wp-content\/uploads\/2024\/08\/GIFAS_Verkehrsleiteinrichtungen_LED-Markierungsleuchte_MarkLED-EXIT_Beleuchtungsverteilung_Bodenmontage.webp\" alt=\"\" width=\"1920\" height=\"390\" srcset=\"https:\/\/www.gifas.de\/wp-content\/uploads\/2024\/08\/GIFAS_Verkehrsleiteinrichtungen_LED-Markierungsleuchte_MarkLED-EXIT_Beleuchtungsverteilung_Bodenmontage.webp 1920w, https:\/\/www.gifas.de\/wp-content\/uploads\/2024\/08\/GIFAS_Verkehrsleiteinrichtungen_LED-Markierungsleuchte_MarkLED-EXIT_Beleuchtungsverteilung_Bodenmontage-300x61.webp 300w, https:\/\/www.gifas.de\/wp-content\/uploads\/2024\/08\/GIFAS_Verkehrsleiteinrichtungen_LED-Markierungsleuchte_MarkLED-EXIT_Beleuchtungsverteilung_Bodenmontage-1024x208.webp 1024w, https:\/\/www.gifas.de\/wp-content\/uploads\/2024\/08\/GIFAS_Verkehrsleiteinrichtungen_LED-Markierungsleuchte_MarkLED-EXIT_Beleuchtungsverteilung_Bodenmontage-768x156.webp 768w, https:\/\/www.gifas.de\/wp-content\/uploads\/2024\/08\/GIFAS_Verkehrsleiteinrichtungen_LED-Markierungsleuchte_MarkLED-EXIT_Beleuchtungsverteilung_Bodenmontage-1536x312.webp 1536w, https:\/\/www.gifas.de\/wp-content\/uploads\/2024\/08\/GIFAS_Verkehrsleiteinrichtungen_LED-Markierungsleuchte_MarkLED-EXIT_Beleuchtungsverteilung_Bodenmontage-1080x219.webp 1080w\" sizes=\"(max-width: 1920px) 100vw, 1920px\" \/><\/p>\n<p>Lighting distribution when mounted on the tunnel wall<\/p>\n<p><img loading=\"lazy\" decoding=\"async\" class=\"alignnone wp-image-32407 size-full\" src=\"https:\/\/www.gifas.de\/wp-content\/uploads\/2024\/08\/GIFAS_Verkehrsleiteinrichtungen_LED-Markierungsleuchte_MarkLED-EXIT_Beleuchtungsverteilung_Tunnelwandmontage.webp\" alt=\"\" width=\"1920\" height=\"390\" srcset=\"https:\/\/www.gifas.de\/wp-content\/uploads\/2024\/08\/GIFAS_Verkehrsleiteinrichtungen_LED-Markierungsleuchte_MarkLED-EXIT_Beleuchtungsverteilung_Tunnelwandmontage.webp 1920w, https:\/\/www.gifas.de\/wp-content\/uploads\/2024\/08\/GIFAS_Verkehrsleiteinrichtungen_LED-Markierungsleuchte_MarkLED-EXIT_Beleuchtungsverteilung_Tunnelwandmontage-300x61.webp 300w, https:\/\/www.gifas.de\/wp-content\/uploads\/2024\/08\/GIFAS_Verkehrsleiteinrichtungen_LED-Markierungsleuchte_MarkLED-EXIT_Beleuchtungsverteilung_Tunnelwandmontage-1024x208.webp 1024w, https:\/\/www.gifas.de\/wp-content\/uploads\/2024\/08\/GIFAS_Verkehrsleiteinrichtungen_LED-Markierungsleuchte_MarkLED-EXIT_Beleuchtungsverteilung_Tunnelwandmontage-768x156.webp 768w, https:\/\/www.gifas.de\/wp-content\/uploads\/2024\/08\/GIFAS_Verkehrsleiteinrichtungen_LED-Markierungsleuchte_MarkLED-EXIT_Beleuchtungsverteilung_Tunnelwandmontage-1536x312.webp 1536w, https:\/\/www.gifas.de\/wp-content\/uploads\/2024\/08\/GIFAS_Verkehrsleiteinrichtungen_LED-Markierungsleuchte_MarkLED-EXIT_Beleuchtungsverteilung_Tunnelwandmontage-1080x219.webp 1080w\" sizes=\"(max-width: 1920px) 100vw, 1920px\" \/><\/p>\n<p>[\/et_pb_text][\/et_pb_column][\/et_pb_row][et_pb_row _builder_version=&#8221;4.23.1&#8243; _module_preset=&#8221;default&#8221; global_colors_info=&#8221;{}&#8221;][et_pb_column type=&#8221;4_4&#8243; _builder_version=&#8221;4.23.1&#8243; _module_preset=&#8221;default&#8221; global_colors_info=&#8221;{}&#8221;][et_pb_heading title=&#8221; Assembly examples&#8221; _builder_version=&#8221;4.27.0&#8243; _module_preset=&#8221;default&#8221; title_level=&#8221;h2&#8243; global_colors_info=&#8221;{}&#8221;][\/et_pb_heading][et_pb_text _builder_version=&#8221;4.27.0&#8243; _module_preset=&#8221;default&#8221; text_font_size=&#8221;18px&#8221; global_colors_info=&#8221;{}&#8221;]<\/p>\n<p>&nbsp;<\/p>\n<table style=\"width: 100%; border-collapse: collapse; height: 130px;\" cellpadding=\"6px\">\n<tbody>\n<tr style=\"height: 40px; background-color: #80808024;\">\n<td style=\"width: 3.01998%; border-bottom: 1px solid black; height: 40px;\">Item no.<\/td>\n<td style=\"width: 22.7816%; border-bottom: 1px solid black; height: 40px;\">Description<\/td>\n<\/tr>\n<tr style=\"height: 40px;\">\n<td style=\"width: 3.01998%; border-bottom: 1px solid black; height: 40px;\">860327<\/td>\n<td style=\"width: 22.7816%; border-bottom: 1px solid black; height: 40px;\">MarkLED EXIT light module with current collector<br \/>Guiding device: 30 mA \/ 4\u00d7white on both sides, 5600 K<br \/>Emergency lighting: 180 mA @ 48 VDC \/ 4\u00d7white, 5900 K<\/td>\n<\/tr>\n<tr style=\"height: 40px; background-color: #80808024;\">\n<td style=\"width: 3.01998%; border-bottom: 1px solid black; height: 10px;\">860467<\/td>\n<td style=\"width: 22.7816%; border-bottom: 1px solid black; height: 10px;\">MarkLED EXIT light module with current collector<br \/>Guiding device: 80 mA \/ 4\u00d7yellow on both sides, 595 nm<br \/>Emergency lighting: 180 mA @ 48 VDC \/ 4\u00d7white, 5900 K<\/td>\n<\/tr>\n<tr style=\"height: 40px;\">\n<td style=\"width: 3.01998%; border-bottom: 1px solid black; height: 40px;\">860597<\/td>\n<td style=\"width: 22.7816%; border-bottom: 1px solid black; height: 40px;\">MarkLED EXIT light module with current collector<br \/>Guiding device: 60 mA \/ 4\u00d7white, 5600 K \/ 4\u00d7red, 625nm<br \/>Emergency lighting: 180 mA @ 48 VDC \/ 4\u00d7white, 5900 K<\/td>\n<\/tr>\n<\/tbody>\n<\/table>\n<p>[\/et_pb_text][\/et_pb_column][\/et_pb_row][et_pb_row _builder_version=&#8221;4.23.1&#8243; _module_preset=&#8221;default&#8221; global_colors_info=&#8221;{}&#8221;][et_pb_column type=&#8221;4_4&#8243; _builder_version=&#8221;4.23.1&#8243; _module_preset=&#8221;default&#8221; global_colors_info=&#8221;{}&#8221;][et_pb_heading title=&#8221;Downloads&#8221; _builder_version=&#8221;4.23.1&#8243; _module_preset=&#8221;default&#8221; title_level=&#8221;h2&#8243; global_colors_info=&#8221;{}&#8221;][\/et_pb_heading][et_pb_text _builder_version=&#8221;4.27.0&#8243; _module_preset=&#8221;default&#8221; text_font_size=&#8221;18px&#8221; global_colors_info=&#8221;{}&#8221;]<\/p>\n<table style=\"width: 100%; border-collapse: collapse;\" cellpadding=\"6px\">\n<tbody>\n<tr style=\"height: 60px;\">\n<td style=\"width: 26.939%; border-bottom: 1px solid black; border-top: 1px solid black;\"><a href=\"https:\/\/www.gifas.de\/wp-content\/uploads\/2023\/06\/GIFAS_TL_18_LED-guiding-systems.pdf\">Product information traffic guidance systems (PDF)<\/a><\/td>\n<\/tr>\n<\/tbody>\n<\/table>\n<p>[\/et_pb_text][et_pb_button button_url=&#8221;https:\/\/www.gifas.de\/en\/contact-persons\/&#8221; button_text=&#8221;Request product now!&#8221; button_alignment=&#8221;left&#8221; _builder_version=&#8221;4.23.1&#8243; _module_preset=&#8221;default&#8221; custom_button=&#8221;on&#8221; button_text_color=&#8221;#FFFFFF&#8221; button_bg_color=&#8221;#000000&#8243; button_border_color=&#8221;#FFFFFF&#8221; button_border_radius=&#8221;5px&#8221; button_use_icon=&#8221;off&#8221; background_layout=&#8221;dark&#8221; animation_style=&#8221;zoom&#8221; global_colors_info=&#8221;{}&#8221;][\/et_pb_button][\/et_pb_column][\/et_pb_row][\/et_pb_section][et_pb_section fb_built=&#8221;1&#8243; _builder_version=&#8221;4.23.1&#8243; _module_preset=&#8221;default&#8221; global_colors_info=&#8221;{}&#8221;][et_pb_row _builder_version=&#8221;4.23.1&#8243; _module_preset=&#8221;default&#8221; global_colors_info=&#8221;{}&#8221;][et_pb_column type=&#8221;4_4&#8243; _builder_version=&#8221;4.23.1&#8243; _module_preset=&#8221;default&#8221; global_colors_info=&#8221;{}&#8221;][et_pb_heading title=&#8221; Alternative path and street lighting:&#8221; _builder_version=&#8221;4.27.0&#8243; _module_preset=&#8221;default&#8221; title_level=&#8221;h2&#8243; title_font_size=&#8221;28px&#8221; global_colors_info=&#8221;{}&#8221;][\/et_pb_heading][\/et_pb_column][\/et_pb_row][et_pb_row column_structure=&#8221;1_3,1_3,1_3&#8243; make_equal=&#8221;on&#8221; _builder_version=&#8221;4.23.1&#8243; _module_preset=&#8221;default&#8221; global_colors_info=&#8221;{}&#8221;][et_pb_column type=&#8221;1_3&#8243; _builder_version=&#8221;4.23.1&#8243; _module_preset=&#8221;default&#8221; background_color=&#8221;rgba(0,0,0,0.02)&#8221; custom_padding=&#8221;||25px||false|false&#8221; border_width_all=&#8221;1px&#8221; border_color_all=&#8221;rgba(0,0,0,0.16)&#8221; global_colors_info=&#8221;{}&#8221;][et_pb_image src=&#8221;https:\/\/www.gifas.de\/wp-content\/uploads\/2024\/06\/GIFAS_LED-Lichtleistensystem_LaneLED-WALL_Produktbild.webp&#8221; alt=&#8221;LED-Strahler f\u00fcr Industrie und Gewerbe. R\u00fcttelfester LED Strahler f\u00fcr Arbeitsplatz. Leistung 80W bis 120W.&#8221; title_text=&#8221;GIFAS_LED-Lichtleistensystem_LaneLED-WALL_Produktbild&#8221; align=&#8221;center&#8221; _builder_version=&#8221;4.27.0&#8243; _module_preset=&#8221;default&#8221; global_colors_info=&#8221;{}&#8221;][\/et_pb_image][et_pb_heading title=&#8221;LaneLED WALL&#8221; _builder_version=&#8221;4.27.4&#8243; _module_preset=&#8221;default&#8221; title_level=&#8221;h3&#8243; title_text_align=&#8221;center&#8221; title_font_size=&#8221;22px&#8221; custom_margin=&#8221;65px||0px||false|false&#8221; hover_enabled=&#8221;0&#8243; global_colors_info=&#8221;{}&#8221; sticky_enabled=&#8221;0&#8243;][\/et_pb_heading][et_pb_text _builder_version=&#8221;4.27.0&#8243; _module_preset=&#8221;default&#8221; text_font_size=&#8221;18px&#8221; text_orientation=&#8221;center&#8221; global_colors_info=&#8221;{}&#8221;]<\/p>\n<p>LED light strip system<br \/>in the colors white and green<\/p>\n<p>[\/et_pb_text][et_pb_button button_url=&#8221;https:\/\/www.gifas.de\/en\/handrail-systems-linear-lighting\/laneled-wall\/&#8221; button_text=&#8221;More info&#8221; button_alignment=&#8221;center&#8221; _builder_version=&#8221;4.27.0&#8243; _module_preset=&#8221;default&#8221; custom_button=&#8221;on&#8221; button_text_size=&#8221;16px&#8221; button_border_width=&#8221;1px&#8221; button_border_radius=&#8221;20px&#8221; button_font=&#8221;|||on|||||&#8221; button_use_icon=&#8221;off&#8221; custom_margin=&#8221;50px||||false|false&#8221; custom_padding=&#8221;5px|93px|5px|93px|false|false&#8221; global_colors_info=&#8221;{}&#8221; button_bg_color__hover_enabled=&#8221;on|hover&#8221; button_bg_color__hover=&#8221;#0c71c3&#8243; button_bg_enable_color__hover=&#8221;on&#8221; button_text_color__hover_enabled=&#8221;on|hover&#8221; button_text_color__hover=&#8221;#FFFFFF&#8221;][\/et_pb_button][\/et_pb_column][et_pb_column type=&#8221;1_3&#8243; _builder_version=&#8221;4.23.1&#8243; _module_preset=&#8221;default&#8221; background_color=&#8221;rgba(0,0,0,0.02)&#8221; custom_padding=&#8221;||25px||false|false&#8221; border_width_all=&#8221;1px&#8221; border_color_all=&#8221;rgba(0,0,0,0.16)&#8221; global_colors_info=&#8221;{}&#8221;][et_pb_image src=&#8221;https:\/\/www.gifas.de\/wp-content\/uploads\/2024\/06\/GIFAS_LED-Handlauf_Produkt.webp&#8221; alt=&#8221;Handlauf aus Edelstahl mit LED-Beleuchtung&#8221; title_text=&#8221;GIFAS_LED-Handlauf_Produkt&#8221; align=&#8221;center&#8221; _builder_version=&#8221;4.27.0&#8243; _module_preset=&#8221;default&#8221; global_colors_info=&#8221;{}&#8221;][\/et_pb_image][et_pb_heading title=&#8221;LaneLED INOX42&#8243; _builder_version=&#8221;4.27.4&#8243; _module_preset=&#8221;default&#8221; title_level=&#8221;h3&#8243; title_text_align=&#8221;center&#8221; title_font_size=&#8221;22px&#8221; custom_margin=&#8221;65px||0px||false|false&#8221; hover_enabled=&#8221;0&#8243; global_colors_info=&#8221;{}&#8221; sticky_enabled=&#8221;0&#8243;][\/et_pb_heading][et_pb_text _builder_version=&#8221;4.27.0&#8243; _module_preset=&#8221;default&#8221; text_font_size=&#8221;18px&#8221; text_orientation=&#8221;center&#8221; global_colors_info=&#8221;{}&#8221;]<\/p>\n<p>Stainless steel handrail system<br \/>with LED lighting<\/p>\n<p>[\/et_pb_text][et_pb_button button_url=&#8221;https:\/\/www.gifas.de\/en\/handrail-systems-linear-lighting\/laneled-inox42\/&#8221; button_text=&#8221;More info&#8221; button_alignment=&#8221;center&#8221; _builder_version=&#8221;4.27.0&#8243; _module_preset=&#8221;default&#8221; custom_button=&#8221;on&#8221; button_text_size=&#8221;16px&#8221; button_border_width=&#8221;1px&#8221; button_border_radius=&#8221;20px&#8221; button_font=&#8221;|||on|||||&#8221; button_use_icon=&#8221;off&#8221; custom_margin=&#8221;50px||||false|false&#8221; custom_padding=&#8221;5px|93px|5px|93px|false|false&#8221; global_colors_info=&#8221;{}&#8221; button_bg_color__hover_enabled=&#8221;on|hover&#8221; button_bg_color__hover=&#8221;#0c71c3&#8243; button_bg_enable_color__hover=&#8221;on&#8221; button_text_color__hover_enabled=&#8221;on|hover&#8221; button_text_color__hover=&#8221;#FFFFFF&#8221;][\/et_pb_button][\/et_pb_column][et_pb_column type=&#8221;1_3&#8243; _builder_version=&#8221;4.23.1&#8243; _module_preset=&#8221;default&#8221; background_color=&#8221;rgba(0,0,0,0.02)&#8221; custom_padding=&#8221;||25px||false|false&#8221; border_width_all=&#8221;1px&#8221; border_color_all=&#8221;rgba(0,0,0,0.16)&#8221; global_colors_info=&#8221;{}&#8221;][et_pb_image src=&#8221;https:\/\/www.gifas.de\/wp-content\/uploads\/2024\/01\/GIFAS_StreetLED-SMART_Straenbeleuchtung_LED-Mastbeleuchtung_4000K_IP66_IK09_Seitenansicht.webp&#8221; alt=&#8221;LED Mastleuchte in hellgrau f\u00fcr Stra\u00dfen und Parkpl\u00e4tze mit Sensor-Technik. Moderne Technik in schlankem Design&#8221; title_text=&#8221;GIFAS_StreetLED-SMART_Straenbeleuchtung_LED-Mastbeleuchtung_4000K_IP66_IK09_Seitenansicht&#8221; align=&#8221;center&#8221; _builder_version=&#8221;4.27.0&#8243; _module_preset=&#8221;default&#8221; global_colors_info=&#8221;{}&#8221;][\/et_pb_image][et_pb_heading title=&#8221;StreetLED SMART&#8221; _builder_version=&#8221;4.27.4&#8243; _module_preset=&#8221;default&#8221; title_level=&#8221;h3&#8243; title_text_align=&#8221;center&#8221; title_font_size=&#8221;22px&#8221; custom_margin=&#8221;65px||0px||false|false&#8221; hover_enabled=&#8221;0&#8243; global_colors_info=&#8221;{}&#8221; sticky_enabled=&#8221;0&#8243;][\/et_pb_heading][et_pb_text _builder_version=&#8221;4.27.0&#8243; _module_preset=&#8221;default&#8221; text_font_size=&#8221;18px&#8221; text_orientation=&#8221;center&#8221; global_colors_info=&#8221;{}&#8221;]<\/p>\n<p>Street lighting with \u201cZhaga socket\u201d<br \/>for sensors and radio control<\/p>\n<p>[\/et_pb_text][et_pb_button button_url=&#8221;https:\/\/www.gifas.de\/en\/street-lighting\/streetled-smart\/&#8221; button_text=&#8221;More info&#8221; button_alignment=&#8221;center&#8221; _builder_version=&#8221;4.27.0&#8243; _module_preset=&#8221;default&#8221; custom_button=&#8221;on&#8221; button_text_size=&#8221;16px&#8221; button_border_width=&#8221;1px&#8221; button_border_radius=&#8221;20px&#8221; button_font=&#8221;|||on|||||&#8221; button_use_icon=&#8221;off&#8221; custom_margin=&#8221;50px||||false|false&#8221; custom_padding=&#8221;5px|93px|5px|93px|false|false&#8221; global_colors_info=&#8221;{}&#8221; button_bg_color__hover_enabled=&#8221;on|hover&#8221; button_bg_color__hover=&#8221;#0c71c3&#8243; button_bg_enable_color__hover=&#8221;on&#8221; button_text_color__hover_enabled=&#8221;on|hover&#8221; button_text_color__hover=&#8221;#FFFFFF&#8221;][\/et_pb_button][\/et_pb_column][\/et_pb_row][\/et_pb_section]<\/p>\n","protected":false},"excerpt":{"rendered":"<p>Request product now! MarkLED EXIT combines two&#8230;<\/p>\n","protected":false},"author":8,"featured_media":0,"parent":32280,"menu_order":239,"comment_status":"closed","ping_status":"closed","template":"","meta":{"_acf_changed":false,"_et_pb_use_builder":"on","_et_pb_old_content":"","_et_gb_content_width":"","inline_featured_image":false,"footnotes":""},"class_list":["post-32398","page","type-page","status-publish","hentry"],"acf":[],"_links":{"self":[{"href":"https:\/\/www.gifas.de\/en\/wp-json\/wp\/v2\/pages\/32398","targetHints":{"allow":["GET"]}}],"collection":[{"href":"https:\/\/www.gifas.de\/en\/wp-json\/wp\/v2\/pages"}],"about":[{"href":"https:\/\/www.gifas.de\/en\/wp-json\/wp\/v2\/types\/page"}],"author":[{"embeddable":true,"href":"https:\/\/www.gifas.de\/en\/wp-json\/wp\/v2\/users\/8"}],"replies":[{"embeddable":true,"href":"https:\/\/www.gifas.de\/en\/wp-json\/wp\/v2\/comments?post=32398"}],"version-history":[{"count":9,"href":"https:\/\/www.gifas.de\/en\/wp-json\/wp\/v2\/pages\/32398\/revisions"}],"predecessor-version":[{"id":37418,"href":"https:\/\/www.gifas.de\/en\/wp-json\/wp\/v2\/pages\/32398\/revisions\/37418"}],"up":[{"embeddable":true,"href":"https:\/\/www.gifas.de\/en\/wp-json\/wp\/v2\/pages\/32280"}],"wp:attachment":[{"href":"https:\/\/www.gifas.de\/en\/wp-json\/wp\/v2\/media?parent=32398"}],"curies":[{"name":"wp","href":"https:\/\/api.w.org\/{rel}","templated":true}]}}