{"id":32435,"date":"2024-08-20T13:25:03","date_gmt":"2024-08-20T11:25:03","guid":{"rendered":"https:\/\/www.gifas.de\/?page_id=32435"},"modified":"2025-04-17T10:40:16","modified_gmt":"2025-04-17T08:40:16","slug":"circled","status":"publish","type":"page","link":"https:\/\/www.gifas.de\/en\/traffic-guidance-systems\/circled\/","title":{"rendered":"CircLED"},"content":{"rendered":"<p>[et_pb_section fb_built=&#8221;1&#8243; _builder_version=&#8221;4.23.1&#8243; _module_preset=&#8221;default&#8221; custom_padding=&#8221;||0px||false|false&#8221; global_colors_info=&#8221;{}&#8221;][et_pb_row column_structure=&#8221;1_2,1_2&#8243; _builder_version=&#8221;4.23.1&#8243; _module_preset=&#8221;default&#8221; global_colors_info=&#8221;{}&#8221;][et_pb_column type=&#8221;1_2&#8243; _builder_version=&#8221;4.23.1&#8243; _module_preset=&#8221;default&#8221; global_colors_info=&#8221;{}&#8221;][et_pb_gallery gallery_ids=&#8221;32340&#8243; fullwidth=&#8221;on&#8221; _builder_version=&#8221;4.27.0&#8243; _module_preset=&#8221;default&#8221; global_colors_info=&#8221;{}&#8221;][\/et_pb_gallery][et_pb_button button_url=&#8221;https:\/\/www.gifas.de\/en\/contact-persons\/&#8221; button_text=&#8221;Request product now!&#8221; button_alignment=&#8221;center&#8221; _builder_version=&#8221;4.27.0&#8243; _module_preset=&#8221;default&#8221; custom_button=&#8221;on&#8221; button_text_color=&#8221;#FFFFFF&#8221; button_bg_color=&#8221;#000000&#8243; button_border_color=&#8221;#FFFFFF&#8221; button_border_radius=&#8221;5px&#8221; button_use_icon=&#8221;off&#8221; background_layout=&#8221;dark&#8221; animation_style=&#8221;zoom&#8221; global_colors_info=&#8221;{}&#8221;][\/et_pb_button][\/et_pb_column][et_pb_column type=&#8221;1_2&#8243; _builder_version=&#8221;4.23.1&#8243; _module_preset=&#8221;default&#8221; global_colors_info=&#8221;{}&#8221;][et_pb_heading title=&#8221;CircLED&#8221; _builder_version=&#8221;4.27.0&#8243; _module_preset=&#8221;default&#8221; custom_margin=&#8221;||0px||false|false&#8221; global_colors_info=&#8221;{}&#8221;][\/et_pb_heading][et_pb_text _builder_version=&#8221;4.27.0&#8243; _module_preset=&#8221;default&#8221; text_font=&#8221;|600|||||||&#8221; text_font_size=&#8221;24px&#8221; global_colors_info=&#8221;{}&#8221;]<\/p>\n<p>Drive-over safety, guide and design light<\/p>\n<p>[\/et_pb_text][et_pb_text _builder_version=&#8221;4.27.0&#8243; _module_preset=&#8221;default&#8221; text_font_size=&#8221;18px&#8221; global_colors_info=&#8221;{}&#8221;]<\/p>\n<table style=\"width: 100%; border-collapse: collapse; height: 240px;\" cellpadding=\"6px\">\n<tbody>\n<tr style=\"height: 40px; background-color: #80808024;\">\n<td style=\"width: 100%; border-bottom: 1px solid black; height: 40px;\">Permanent drive-over capability on roads, squares or traffic circles<\/td>\n<\/tr>\n<tr style=\"height: 40px;\">\n<td style=\"width: 100%; border-bottom: 1px solid black; height: 40px;\">High energy efficiency<\/td>\n<\/tr>\n<tr style=\"height: 40px; background-color: #80808024;\">\n<td style=\"width: 100%; border-bottom: 1px solid black; height: 40px;\">Three light colors available (white, blue, green)<\/td>\n<\/tr>\n<tr style=\"height: 40px;\">\n<td style=\"width: 100%; border-bottom: 1px solid black; height: 40px;\">With integrated light optics against light pollution<\/td>\n<\/tr>\n<tr style=\"height: 40px; background-color: #80808024;\">\n<td style=\"width: 100%; border-bottom: 1px solid black; height: 40px;\">Robust V4A investment casting housing<\/td>\n<\/tr>\n<tr style=\"height: 40px;\">\n<td style=\"width: 100%; height: 40px;\">\u00a0<\/td>\n<\/tr>\n<\/tbody>\n<\/table>\n<p>[\/et_pb_text][\/et_pb_column][\/et_pb_row][\/et_pb_section][et_pb_section fb_built=&#8221;1&#8243; _builder_version=&#8221;4.23.1&#8243; _module_preset=&#8221;default&#8221; custom_padding=&#8221;0px||||false|false&#8221; global_colors_info=&#8221;{}&#8221;][et_pb_row _builder_version=&#8221;4.23.1&#8243; _module_preset=&#8221;default&#8221; global_colors_info=&#8221;{}&#8221;][et_pb_column type=&#8221;4_4&#8243; _builder_version=&#8221;4.23.1&#8243; _module_preset=&#8221;default&#8221; global_colors_info=&#8221;{}&#8221;][et_pb_heading title=&#8221;Description&#8221; _builder_version=&#8221;4.27.0&#8243; _module_preset=&#8221;default&#8221; title_level=&#8221;h2&#8243; custom_margin=&#8221;||||false|false&#8221; global_colors_info=&#8221;{}&#8221;][\/et_pb_heading][et_pb_text _builder_version=&#8221;4.27.0&#8243; _module_preset=&#8221;default&#8221; text_font_size=&#8221;18px&#8221; global_colors_info=&#8221;{}&#8221;]<\/p>\n<p><strong>CircLED recessed luminaire<\/strong><br \/>\nThe recessed luminaire with special light guidance in a V4A investment casting is preferably used as a floor or wall luminaire. The main focus is on traffic circle lighting, where it is used as a safety, guidance and design luminaire. The CircLED is available with integrated light optics and in three light colors. It should be noted that the CircLED is only conditionally suitable for permanent traffic and snow plow operation.<\/p>\n<p><strong>System description<\/strong><br \/>\nThe CircLED is installed in the same way as the TrafficLED. The housing is made of chrome steel and is also installed directly in the corresponding substrate (asphalt, concrete, gravel, soil or similar).<\/p>\n<p><strong>Connection technology<\/strong><br \/>\nThe operating voltage is 18 &#8211; 44 VDC (extra-low voltage). The power is transmitted from the supply cable (2\u00d72.5 mm2) in the appropriate installation pipe and is inserted into the lower part. The upper part is connected via terminals, reversibly cast and screwed together.<\/p>\n<p><strong>Support in the fight against light smog<\/strong><br \/>\nBy using CircLED products, you are helping to combat increasing light pollution. The light guide is designed so that the light is only emitted in the defined and desired direction. The surroundings outside the defined area are not illuminated.<\/p>\n<p><strong>High energy efficiency to reduce costs<\/strong><br \/>\nSophisticated electronics using the latest LED technology results in exceptionally low power consumption. The total power consumption for an average gyro with approx. 20 CircLEDs is comparable to a single 60 W light bulb.<\/p>\n<p>[\/et_pb_text][\/et_pb_column][\/et_pb_row][et_pb_row _builder_version=&#8221;4.23.1&#8243; _module_preset=&#8221;default&#8221; global_colors_info=&#8221;{}&#8221;][et_pb_column type=&#8221;4_4&#8243; _builder_version=&#8221;4.23.1&#8243; _module_preset=&#8221;default&#8221; global_colors_info=&#8221;{}&#8221;][et_pb_heading title=&#8221; Assembly examples&#8221; _builder_version=&#8221;4.27.0&#8243; _module_preset=&#8221;default&#8221; title_level=&#8221;h2&#8243; global_colors_info=&#8221;{}&#8221;][\/et_pb_heading][et_pb_text _builder_version=&#8221;4.27.0&#8243; _module_preset=&#8221;default&#8221; text_font_size=&#8221;18px&#8221; global_colors_info=&#8221;{}&#8221;]<\/p>\n<p>&nbsp;<\/p>\n<table style=\"width: 100%; border-collapse: collapse; height: 230px;\" cellpadding=\"6px\">\n<tbody>\n<tr style=\"height: 40px; background-color: #80808024;\">\n<td style=\"width: 3.01998%; border-bottom: 1px solid black; height: 40px;\">Item no.<\/td>\n<td style=\"width: 22.7816%; border-bottom: 1px solid black; height: 40px;\">Description<\/td>\n<\/tr>\n<tr style=\"height: 40px;\">\n<td style=\"width: 3.01998%; border-bottom: 1px solid black; height: 40px;\">860156<\/td>\n<td style=\"width: 22.7816%; border-bottom: 1px solid black; height: 40px;\">CircLED light module V4A, 130mA @ 24VDC (20 &#8211; 48 VDC), white, 5600 K, 16 power LEDs fully encapsulated<\/td>\n<\/tr>\n<tr style=\"height: 40px; background-color: #80808024;\">\n<td style=\"width: 3.01998%; border-bottom: 1px solid black; height: 10px;\">860160<\/td>\n<td style=\"width: 22.7816%; border-bottom: 1px solid black; height: 10px;\">CircLED light module V4A, 130mA @ 24VDC (20 &#8211; 48 VDC), white, 3500 K, 16 power LEDs fully encapsulated<\/td>\n<\/tr>\n<tr style=\"height: 40px;\">\n<td style=\"width: 3.01998%; border-bottom: 1px solid black; height: 40px;\">860157<\/td>\n<td style=\"width: 22.7816%; border-bottom: 1px solid black; height: 40px;\">CircLED light module V4A, 130mA @ 24VDC (20 &#8211; 48 VDC), blue, 470 nm, 16 power LEDs fully encapsulated<\/td>\n<\/tr>\n<tr style=\"height: 10px; background-color: rgba(128, 128, 128, 0.14);\">\n<td style=\"width: 3.01998%; border-bottom: 1px solid black; height: 10px;\">860158<\/td>\n<td style=\"width: 22.7816%; border-bottom: 1px solid black; height: 10px;\">CircLED light module V4A, 130mA @ 24VDC (20 &#8211; 48 VDC), orange, 609 nm, 16 power LEDs, fully encapsulated<\/td>\n<\/tr>\n<tr style=\"height: 40px;\">\n<td style=\"width: 3.01998%; border-bottom: 1px solid black; height: 40px;\">299609<\/td>\n<td style=\"width: 22.7816%; border-bottom: 1px solid black; height: 40px;\">System cable TPE Traffic\/CircLED black, halogen-free 2\u00d72.5 mm\u00b2, \u00d8 8.2 mm, cores: red, black<\/td>\n<\/tr>\n<\/tbody>\n<\/table>\n<p>[\/et_pb_text][\/et_pb_column][\/et_pb_row][et_pb_row _builder_version=&#8221;4.23.1&#8243; _module_preset=&#8221;default&#8221; global_colors_info=&#8221;{}&#8221;][et_pb_column type=&#8221;4_4&#8243; _builder_version=&#8221;4.23.1&#8243; _module_preset=&#8221;default&#8221; global_colors_info=&#8221;{}&#8221;][et_pb_heading title=&#8221;Downloads&#8221; _builder_version=&#8221;4.23.1&#8243; _module_preset=&#8221;default&#8221; title_level=&#8221;h2&#8243; global_colors_info=&#8221;{}&#8221;][\/et_pb_heading][et_pb_text _builder_version=&#8221;4.27.0&#8243; _module_preset=&#8221;default&#8221; text_font_size=&#8221;18px&#8221; global_colors_info=&#8221;{}&#8221;]<\/p>\n<table style=\"width: 100%; border-collapse: collapse;\" cellpadding=\"6px\">\n<tbody>\n<tr style=\"height: 60px;\">\n<td style=\"width: 26.939%; border-bottom: 1px solid black; border-top: 1px solid black;\"><a href=\"https:\/\/www.gifas.de\/wp-content\/uploads\/2023\/06\/GIFAS_TL_18_LED-guiding-systems.pdf\">Product information traffic guidance systems (PDF)<\/a><\/td>\n<\/tr>\n<\/tbody>\n<\/table>\n<p>[\/et_pb_text][et_pb_button button_url=&#8221;https:\/\/www.gifas.de\/en\/contact-persons\/&#8221; button_text=&#8221;Request product now!&#8221; button_alignment=&#8221;left&#8221; _builder_version=&#8221;4.23.1&#8243; _module_preset=&#8221;default&#8221; custom_button=&#8221;on&#8221; button_text_color=&#8221;#FFFFFF&#8221; button_bg_color=&#8221;#000000&#8243; button_border_color=&#8221;#FFFFFF&#8221; button_border_radius=&#8221;5px&#8221; button_use_icon=&#8221;off&#8221; background_layout=&#8221;dark&#8221; animation_style=&#8221;zoom&#8221; global_colors_info=&#8221;{}&#8221;][\/et_pb_button][\/et_pb_column][\/et_pb_row][\/et_pb_section][et_pb_section fb_built=&#8221;1&#8243; _builder_version=&#8221;4.23.1&#8243; _module_preset=&#8221;default&#8221; global_colors_info=&#8221;{}&#8221;][et_pb_row _builder_version=&#8221;4.23.1&#8243; _module_preset=&#8221;default&#8221; global_colors_info=&#8221;{}&#8221;][et_pb_column type=&#8221;4_4&#8243; _builder_version=&#8221;4.23.1&#8243; _module_preset=&#8221;default&#8221; global_colors_info=&#8221;{}&#8221;][et_pb_heading title=&#8221; Alternative path and street lighting:&#8221; _builder_version=&#8221;4.27.0&#8243; _module_preset=&#8221;default&#8221; title_level=&#8221;h2&#8243; title_font_size=&#8221;28px&#8221; global_colors_info=&#8221;{}&#8221;][\/et_pb_heading][\/et_pb_column][\/et_pb_row][et_pb_row column_structure=&#8221;1_3,1_3,1_3&#8243; make_equal=&#8221;on&#8221; _builder_version=&#8221;4.23.1&#8243; _module_preset=&#8221;default&#8221; global_colors_info=&#8221;{}&#8221;][et_pb_column type=&#8221;1_3&#8243; _builder_version=&#8221;4.23.1&#8243; _module_preset=&#8221;default&#8221; background_color=&#8221;rgba(0,0,0,0.02)&#8221; custom_padding=&#8221;||25px||false|false&#8221; border_width_all=&#8221;1px&#8221; border_color_all=&#8221;rgba(0,0,0,0.16)&#8221; global_colors_info=&#8221;{}&#8221;][et_pb_image src=&#8221;https:\/\/www.gifas.de\/wp-content\/uploads\/2024\/06\/GIFAS_LED-Lichtleistensystem_LaneLED-WALL_Produktbild.webp&#8221; alt=&#8221;LED-Strahler f\u00fcr Industrie und Gewerbe. R\u00fcttelfester LED Strahler f\u00fcr Arbeitsplatz. Leistung 80W bis 120W.&#8221; title_text=&#8221;GIFAS_LED-Lichtleistensystem_LaneLED-WALL_Produktbild&#8221; align=&#8221;center&#8221; _builder_version=&#8221;4.27.0&#8243; _module_preset=&#8221;default&#8221; global_colors_info=&#8221;{}&#8221;][\/et_pb_image][et_pb_heading title=&#8221;LaneLED WALL&#8221; _builder_version=&#8221;4.27.4&#8243; _module_preset=&#8221;default&#8221; title_level=&#8221;h3&#8243; title_text_align=&#8221;center&#8221; title_font_size=&#8221;22px&#8221; custom_margin=&#8221;65px||0px||false|false&#8221; hover_enabled=&#8221;0&#8243; global_colors_info=&#8221;{}&#8221; sticky_enabled=&#8221;0&#8243;][\/et_pb_heading][et_pb_text _builder_version=&#8221;4.27.0&#8243; _module_preset=&#8221;default&#8221; text_font_size=&#8221;18px&#8221; text_orientation=&#8221;center&#8221; global_colors_info=&#8221;{}&#8221;]<\/p>\n<p>LED light strip system<br \/>in the colors white and green<\/p>\n<p>[\/et_pb_text][et_pb_button button_url=&#8221;https:\/\/www.gifas.de\/en\/handrail-systems-linear-lighting\/laneled-wall\/&#8221; button_text=&#8221;More info&#8221; button_alignment=&#8221;center&#8221; _builder_version=&#8221;4.27.0&#8243; _module_preset=&#8221;default&#8221; custom_button=&#8221;on&#8221; button_text_size=&#8221;16px&#8221; button_border_width=&#8221;1px&#8221; button_border_radius=&#8221;20px&#8221; button_font=&#8221;|||on|||||&#8221; button_use_icon=&#8221;off&#8221; custom_margin=&#8221;50px||||false|false&#8221; custom_padding=&#8221;5px|93px|5px|93px|false|false&#8221; global_colors_info=&#8221;{}&#8221; button_bg_color__hover_enabled=&#8221;on|hover&#8221; button_bg_color__hover=&#8221;#0c71c3&#8243; button_bg_enable_color__hover=&#8221;on&#8221; button_text_color__hover_enabled=&#8221;on|hover&#8221; button_text_color__hover=&#8221;#FFFFFF&#8221;][\/et_pb_button][\/et_pb_column][et_pb_column type=&#8221;1_3&#8243; _builder_version=&#8221;4.23.1&#8243; _module_preset=&#8221;default&#8221; background_color=&#8221;rgba(0,0,0,0.02)&#8221; custom_padding=&#8221;||25px||false|false&#8221; border_width_all=&#8221;1px&#8221; border_color_all=&#8221;rgba(0,0,0,0.16)&#8221; global_colors_info=&#8221;{}&#8221;][et_pb_image src=&#8221;https:\/\/www.gifas.de\/wp-content\/uploads\/2024\/06\/GIFAS_LED-Handlauf_Produkt.webp&#8221; alt=&#8221;Handlauf aus Edelstahl mit LED-Beleuchtung&#8221; title_text=&#8221;GIFAS_LED-Handlauf_Produkt&#8221; align=&#8221;center&#8221; _builder_version=&#8221;4.27.0&#8243; _module_preset=&#8221;default&#8221; global_colors_info=&#8221;{}&#8221;][\/et_pb_image][et_pb_heading title=&#8221;LaneLED INOX42&#8243; _builder_version=&#8221;4.27.4&#8243; _module_preset=&#8221;default&#8221; title_level=&#8221;h3&#8243; title_text_align=&#8221;center&#8221; title_font_size=&#8221;22px&#8221; custom_margin=&#8221;65px||0px||false|false&#8221; hover_enabled=&#8221;0&#8243; global_colors_info=&#8221;{}&#8221; sticky_enabled=&#8221;0&#8243;][\/et_pb_heading][et_pb_text _builder_version=&#8221;4.27.0&#8243; _module_preset=&#8221;default&#8221; text_font_size=&#8221;18px&#8221; text_orientation=&#8221;center&#8221; global_colors_info=&#8221;{}&#8221;]<\/p>\n<p>Stainless steel handrail system<br \/>with LED lighting<\/p>\n<p>[\/et_pb_text][et_pb_button button_url=&#8221;https:\/\/www.gifas.de\/en\/handrail-systems-linear-lighting\/laneled-inox42\/&#8221; button_text=&#8221;More info&#8221; button_alignment=&#8221;center&#8221; _builder_version=&#8221;4.27.0&#8243; _module_preset=&#8221;default&#8221; custom_button=&#8221;on&#8221; button_text_size=&#8221;16px&#8221; button_border_width=&#8221;1px&#8221; button_border_radius=&#8221;20px&#8221; button_font=&#8221;|||on|||||&#8221; button_use_icon=&#8221;off&#8221; custom_margin=&#8221;50px||||false|false&#8221; custom_padding=&#8221;5px|93px|5px|93px|false|false&#8221; global_colors_info=&#8221;{}&#8221; button_bg_color__hover_enabled=&#8221;on|hover&#8221; button_bg_color__hover=&#8221;#0c71c3&#8243; button_bg_enable_color__hover=&#8221;on&#8221; button_text_color__hover_enabled=&#8221;on|hover&#8221; button_text_color__hover=&#8221;#FFFFFF&#8221;][\/et_pb_button][\/et_pb_column][et_pb_column type=&#8221;1_3&#8243; _builder_version=&#8221;4.23.1&#8243; _module_preset=&#8221;default&#8221; background_color=&#8221;rgba(0,0,0,0.02)&#8221; custom_padding=&#8221;||25px||false|false&#8221; border_width_all=&#8221;1px&#8221; border_color_all=&#8221;rgba(0,0,0,0.16)&#8221; global_colors_info=&#8221;{}&#8221;][et_pb_image src=&#8221;https:\/\/www.gifas.de\/wp-content\/uploads\/2024\/01\/GIFAS_StreetLED-SMART_Straenbeleuchtung_LED-Mastbeleuchtung_4000K_IP66_IK09_Seitenansicht.webp&#8221; alt=&#8221;LED Mastleuchte in hellgrau f\u00fcr Stra\u00dfen und Parkpl\u00e4tze mit Sensor-Technik. Moderne Technik in schlankem Design&#8221; title_text=&#8221;GIFAS_StreetLED-SMART_Straenbeleuchtung_LED-Mastbeleuchtung_4000K_IP66_IK09_Seitenansicht&#8221; align=&#8221;center&#8221; _builder_version=&#8221;4.27.0&#8243; _module_preset=&#8221;default&#8221; global_colors_info=&#8221;{}&#8221;][\/et_pb_image][et_pb_heading title=&#8221;StreetLED SMART&#8221; _builder_version=&#8221;4.27.4&#8243; _module_preset=&#8221;default&#8221; title_level=&#8221;h3&#8243; title_text_align=&#8221;center&#8221; title_font_size=&#8221;22px&#8221; custom_margin=&#8221;65px||0px||false|false&#8221; hover_enabled=&#8221;0&#8243; global_colors_info=&#8221;{}&#8221; sticky_enabled=&#8221;0&#8243;][\/et_pb_heading][et_pb_text _builder_version=&#8221;4.27.0&#8243; _module_preset=&#8221;default&#8221; text_font_size=&#8221;18px&#8221; text_orientation=&#8221;center&#8221; global_colors_info=&#8221;{}&#8221;]<\/p>\n<p>Street lighting with \u201cZhaga socket\u201d<br \/>for sensors and radio control<\/p>\n<p>[\/et_pb_text][et_pb_button button_url=&#8221;https:\/\/www.gifas.de\/en\/street-lighting\/streetled-smart\/&#8221; button_text=&#8221;More info&#8221; button_alignment=&#8221;center&#8221; _builder_version=&#8221;4.27.0&#8243; _module_preset=&#8221;default&#8221; custom_button=&#8221;on&#8221; button_text_size=&#8221;16px&#8221; button_border_width=&#8221;1px&#8221; button_border_radius=&#8221;20px&#8221; button_font=&#8221;|||on|||||&#8221; button_use_icon=&#8221;off&#8221; custom_margin=&#8221;50px||||false|false&#8221; custom_padding=&#8221;5px|93px|5px|93px|false|false&#8221; global_colors_info=&#8221;{}&#8221; button_bg_color__hover_enabled=&#8221;on|hover&#8221; button_bg_color__hover=&#8221;#0c71c3&#8243; button_bg_enable_color__hover=&#8221;on&#8221; button_text_color__hover_enabled=&#8221;on|hover&#8221; button_text_color__hover=&#8221;#FFFFFF&#8221;][\/et_pb_button][\/et_pb_column][\/et_pb_row][\/et_pb_section]<\/p>\n","protected":false},"excerpt":{"rendered":"<p>Request product now! CircLED Drive-over safety, guide&#8230;<\/p>\n","protected":false},"author":8,"featured_media":0,"parent":32280,"menu_order":248,"comment_status":"closed","ping_status":"closed","template":"","meta":{"_acf_changed":false,"_et_pb_use_builder":"on","_et_pb_old_content":"","_et_gb_content_width":"","inline_featured_image":false,"footnotes":""},"class_list":["post-32435","page","type-page","status-publish","hentry"],"acf":[],"_links":{"self":[{"href":"https:\/\/www.gifas.de\/en\/wp-json\/wp\/v2\/pages\/32435","targetHints":{"allow":["GET"]}}],"collection":[{"href":"https:\/\/www.gifas.de\/en\/wp-json\/wp\/v2\/pages"}],"about":[{"href":"https:\/\/www.gifas.de\/en\/wp-json\/wp\/v2\/types\/page"}],"author":[{"embeddable":true,"href":"https:\/\/www.gifas.de\/en\/wp-json\/wp\/v2\/users\/8"}],"replies":[{"embeddable":true,"href":"https:\/\/www.gifas.de\/en\/wp-json\/wp\/v2\/comments?post=32435"}],"version-history":[{"count":9,"href":"https:\/\/www.gifas.de\/en\/wp-json\/wp\/v2\/pages\/32435\/revisions"}],"predecessor-version":[{"id":37423,"href":"https:\/\/www.gifas.de\/en\/wp-json\/wp\/v2\/pages\/32435\/revisions\/37423"}],"up":[{"embeddable":true,"href":"https:\/\/www.gifas.de\/en\/wp-json\/wp\/v2\/pages\/32280"}],"wp:attachment":[{"href":"https:\/\/www.gifas.de\/en\/wp-json\/wp\/v2\/media?parent=32435"}],"curies":[{"name":"wp","href":"https:\/\/api.w.org\/{rel}","templated":true}]}}