{"id":32478,"date":"2024-08-20T13:38:10","date_gmt":"2024-08-20T11:38:10","guid":{"rendered":"https:\/\/www.gifas.de\/?page_id=32478"},"modified":"2025-04-17T10:40:38","modified_gmt":"2025-04-17T08:40:38","slug":"induled","status":"publish","type":"page","link":"https:\/\/www.gifas.de\/en\/traffic-guidance-systems\/induled\/","title":{"rendered":"InduLED"},"content":{"rendered":"<p>[et_pb_section fb_built=&#8221;1&#8243; _builder_version=&#8221;4.23.1&#8243; _module_preset=&#8221;default&#8221; custom_padding=&#8221;||0px||false|false&#8221; global_colors_info=&#8221;{}&#8221;][et_pb_row column_structure=&#8221;1_2,1_2&#8243; _builder_version=&#8221;4.23.1&#8243; _module_preset=&#8221;default&#8221; global_colors_info=&#8221;{}&#8221;][et_pb_column type=&#8221;1_2&#8243; _builder_version=&#8221;4.23.1&#8243; _module_preset=&#8221;default&#8221; global_colors_info=&#8221;{}&#8221;][et_pb_gallery gallery_ids=&#8221;32332,32324,32320,32316,32312,32328&#8243; fullwidth=&#8221;on&#8221; _builder_version=&#8221;4.27.0&#8243; _module_preset=&#8221;default&#8221; global_colors_info=&#8221;{}&#8221;][\/et_pb_gallery][et_pb_button button_url=&#8221;https:\/\/www.gifas.de\/en\/contact-persons\/&#8221; button_text=&#8221;Request product now!&#8221; button_alignment=&#8221;center&#8221; _builder_version=&#8221;4.27.0&#8243; _module_preset=&#8221;default&#8221; custom_button=&#8221;on&#8221; button_text_color=&#8221;#FFFFFF&#8221; button_bg_color=&#8221;#000000&#8243; button_border_color=&#8221;#FFFFFF&#8221; button_border_radius=&#8221;5px&#8221; button_use_icon=&#8221;off&#8221; background_layout=&#8221;dark&#8221; animation_style=&#8221;zoom&#8221; global_colors_info=&#8221;{}&#8221;][\/et_pb_button][\/et_pb_column][et_pb_column type=&#8221;1_2&#8243; _builder_version=&#8221;4.23.1&#8243; _module_preset=&#8221;default&#8221; global_colors_info=&#8221;{}&#8221;][et_pb_heading title=&#8221;InduLED&#8221; _builder_version=&#8221;4.27.0&#8243; _module_preset=&#8221;default&#8221; custom_margin=&#8221;||0px||false|false&#8221; global_colors_info=&#8221;{}&#8221;][\/et_pb_heading][et_pb_text _builder_version=&#8221;4.27.0&#8243; _module_preset=&#8221;default&#8221; text_font=&#8221;|600|||||||&#8221; text_font_size=&#8221;24px&#8221; global_colors_info=&#8221;{}&#8221;]<\/p>\n<p>Inductive power supply, i.e. wireless via Wireless Power Transfer<\/p>\n<p>[\/et_pb_text][et_pb_text _builder_version=&#8221;4.27.0&#8243; _module_preset=&#8221;default&#8221; text_font_size=&#8221;18px&#8221; global_colors_info=&#8221;{}&#8221;]<\/p>\n<table style=\"width: 100%; border-collapse: collapse;\" cellpadding=\"6px\">\n<tbody>\n<tr style=\"height: 40px; background-color: #80808024;\">\n<td style=\"width: 100%; border-bottom: 1px solid black;\">Inductive power supply<\/td>\n<\/tr>\n<tr style=\"height: 40px;\">\n<td style=\"width: 100%; border-bottom: 1px solid black;\">Housing provides optimum protection against environmental influences, completely sealed<\/td>\n<\/tr>\n<tr style=\"height: 40px; background-color: #80808024;\">\n<td style=\"width: 100%; border-bottom: 1px solid black;\">With integrated optics<\/td>\n<\/tr>\n<tr style=\"height: 40px;\">\n<td style=\"width: 100%; border-bottom: 1px solid black;\">Further functions such as dimmable, switchable, flashing, flashing<\/td>\n<\/tr>\n<tr style=\"height: 40px; background-color: #80808024;\">\n<td style=\"width: 100%; border-bottom: 1px solid black;\">Quick and easy installation and replacement<\/td>\n<\/tr>\n<tr style=\"height: 40px;\">\n<td style=\"width: 100%;\">\u00a0<\/td>\n<\/tr>\n<\/tbody>\n<\/table>\n<p>[\/et_pb_text][\/et_pb_column][\/et_pb_row][\/et_pb_section][et_pb_section fb_built=&#8221;1&#8243; _builder_version=&#8221;4.23.1&#8243; _module_preset=&#8221;default&#8221; custom_padding=&#8221;0px||||false|false&#8221; global_colors_info=&#8221;{}&#8221;][et_pb_row _builder_version=&#8221;4.23.1&#8243; _module_preset=&#8221;default&#8221; global_colors_info=&#8221;{}&#8221;][et_pb_column type=&#8221;4_4&#8243; _builder_version=&#8221;4.23.1&#8243; _module_preset=&#8221;default&#8221; global_colors_info=&#8221;{}&#8221;][et_pb_heading title=&#8221;Description&#8221; _builder_version=&#8221;4.27.0&#8243; _module_preset=&#8221;default&#8221; title_level=&#8221;h2&#8243; custom_margin=&#8221;||||false|false&#8221; global_colors_info=&#8221;{}&#8221;][\/et_pb_heading][et_pb_text _builder_version=&#8221;4.27.0&#8243; _module_preset=&#8221;default&#8221; text_font_size=&#8221;18px&#8221; global_colors_info=&#8221;{}&#8221;]<\/p>\n<p>The InduLED Basic marker light is powered inductively, i.e. wirelessly via Wireless Power Transfer, or WPT for short. This allows complete encapsulation of the light module, which is therefore optimally protected against environmental influences. In the event of a defect, the supply line remains untouched.<\/p>\n<p>The light module can simply be removed and replaced with a new light module. No galvanic connection to the supply line is required. The light module is supplied with electricity via the fully encapsulated cable drum sunk into the floor.<\/p>\n<p>[\/et_pb_text][\/et_pb_column][\/et_pb_row][et_pb_row _builder_version=&#8221;4.23.1&#8243; _module_preset=&#8221;default&#8221; global_colors_info=&#8221;{}&#8221;][et_pb_column type=&#8221;4_4&#8243; _builder_version=&#8221;4.23.1&#8243; _module_preset=&#8221;default&#8221; global_colors_info=&#8221;{}&#8221;][et_pb_heading title=&#8221;Product features&#8221; _builder_version=&#8221;4.27.0&#8243; _module_preset=&#8221;default&#8221; title_level=&#8221;h2&#8243; custom_margin=&#8221;||||false|false&#8221; global_colors_info=&#8221;{}&#8221;][\/et_pb_heading][et_pb_text _builder_version=&#8221;4.27.0&#8243; _module_preset=&#8221;default&#8221; text_font_size=&#8221;18px&#8221; global_colors_info=&#8221;{}&#8221;]<\/p>\n<ul>\n<li>dimmable, switchable, blinking, flashing<\/li>\n<li>latest LED technology with integrated optics<\/li>\n<li>impact-resistant, UV-resistant polycarbonate housing<\/li>\n<li>scratch-resistant coating<\/li>\n<li>self-cleaning design<\/li>\n<li>fully encapsulated<\/li>\n<li>quick and easy installation and replacement<\/li>\n<\/ul>\n<p>[\/et_pb_text][\/et_pb_column][\/et_pb_row][et_pb_row _builder_version=&#8221;4.23.1&#8243; _module_preset=&#8221;default&#8221; custom_padding=&#8221;||0px||false|false&#8221; global_colors_info=&#8221;{}&#8221;][et_pb_column type=&#8221;4_4&#8243; _builder_version=&#8221;4.23.1&#8243; _module_preset=&#8221;default&#8221; global_colors_info=&#8221;{}&#8221;][et_pb_heading title=&#8221;Technical data&#8221; _builder_version=&#8221;4.27.0&#8243; _module_preset=&#8221;default&#8221; title_level=&#8221;h2&#8243; global_colors_info=&#8221;{}&#8221;][\/et_pb_heading][et_pb_text _builder_version=&#8221;4.27.0&#8243; _module_preset=&#8221;default&#8221; text_font_size=&#8221;18px&#8221; global_colors_info=&#8221;{}&#8221;]<\/p>\n<table style=\"width: 99.1302%; border-collapse: collapse; height: 521px;\">\n<tbody>\n<tr style=\"height: 40px; background-color: #80808024;\">\n<td style=\"width: 26.939%; border-bottom: 1px solid black; height: 40px;\">Direction of light:<\/td>\n<td style=\"width: 49.3722%; border-bottom: 1px solid black; height: 40px;\">Single or double-sided with 4 LEDs each<\/td>\n<\/tr>\n<tr style=\"height: 40px;\">\n<td style=\"width: 26.939%; border-bottom: 1px solid black; height: 40px;\">Color temperature:<\/td>\n<td style=\"width: 49.3722%; border-bottom: 1px solid black; height: 40px;\">white approx. 5600 K<\/td>\n<\/tr>\n<tr style=\"height: 40px; background-color: #80808024;\">\n<td style=\"width: 26.939%; border-bottom: 1px solid black; height: 28px;\">Luminous intensity:<\/td>\n<td style=\"width: 49.3722%; border-bottom: 1px solid black; height: 28px;\">65\u2009cd<\/td>\n<\/tr>\n<tr style=\"height: 40px;\">\n<td style=\"width: 26.939%; border-bottom: 1px solid black; height: 40px;\">Protection category:<\/td>\n<td style=\"width: 49.3722%; border-bottom: 1px solid black; height: 40px;\">IP68 \/ IP69K<\/td>\n<\/tr>\n<tr style=\"height: 40px; background-color: #80808024;\">\n<td style=\"width: 26.939%; border-bottom: 1px solid black; height: 40px;\">Protection class:<\/td>\n<td style=\"width: 49.3722%; border-bottom: 1px solid black; height: 40px;\">III<\/td>\n<\/tr>\n<tr style=\"height: 40px;\">\n<td style=\"width: 26.939%; border-bottom: 1px solid black; height: 40px;\">Shock resistance:<\/td>\n<td style=\"width: 49.3722%; border-bottom: 1px solid black; height: 40px;\">IK10<\/td>\n<\/tr>\n<tr style=\"height: 40px; background-color: #80808024;\">\n<td style=\"width: 26.939%; border-bottom: 1px solid black; height: 40px;\">Supply:<\/td>\n<td style=\"width: 49.3722%; border-bottom: 1px solid black; height: 40px;\">inductive<\/td>\n<\/tr>\n<tr style=\"height: 40px;\">\n<td style=\"width: 26.939%; border-bottom: 1px solid black; height: 40px;\">Consumption:<\/td>\n<td style=\"width: 49.3722%; border-bottom: 1px solid black; height: 40px;\">&lt; 2\u2009W<\/td>\n<\/tr>\n<tr style=\"height: 40px; background-color: #80808024;\">\n<td style=\"width: 26.939%; border-bottom: 1px solid black; height: 40px;\">Dimensions:<\/td>\n<td style=\"width: 49.3722%; border-bottom: 1px solid black; height: 40px;\">Height 20 mm, diameter 115 mm<\/td>\n<\/tr>\n<tr style=\"height: 40px;\">\n<td style=\"width: 26.939%; border-bottom: 1px solid black; height: 40px;\">Housing:<\/td>\n<td style=\"width: 49.3722%; border-bottom: 1px solid black; height: 40px;\">Polycarbonate transparent, nano-coated and dirt-repellent<\/td>\n<\/tr>\n<tr style=\"height: 40px; background-color: #80808024;\">\n<td style=\"width: 26.939%; border-bottom: 1px solid black; height: 40px;\">Temperature resistance:<\/td>\n<td style=\"width: 49.3722%; border-bottom: 1px solid black; height: 40px;\">\u201340\u00b0\u2009C to +55\u00b0\u2009C<\/td>\n<\/tr>\n<tr style=\"height: 40px;\">\n<td style=\"width: 26.939%; border-bottom: 1px solid black; height: 40px;\">Drive-over capability:<\/td>\n<td style=\"width: 49.3722%; border-bottom: 1px solid black; height: 40px;\">Up to 5 t (low-speed traffic with air-filled tires)<\/td>\n<\/tr>\n<tr style=\"height: 40px; background-color: #80808024;\">\n<td style=\"width: 26.939%; border-bottom: 1px solid black; height: 40px;\">Assembly:<\/td>\n<td style=\"width: 49.3722%; border-bottom: 1px solid black; height: 40px;\">Adhesive connection<\/td>\n<\/tr>\n<tr style=\"height: 40px;\">\n<td style=\"width: 26.939%; height: 13px;\">\u00a0<\/td>\n<td style=\"width: 49.3722%; height: 13px;\">\u00a0<\/td>\n<\/tr>\n<\/tbody>\n<\/table>\n<p>[\/et_pb_text][\/et_pb_column][\/et_pb_row][et_pb_row _builder_version=&#8221;4.23.1&#8243; _module_preset=&#8221;default&#8221; global_colors_info=&#8221;{}&#8221;][et_pb_column type=&#8221;4_4&#8243; _builder_version=&#8221;4.23.1&#8243; _module_preset=&#8221;default&#8221; global_colors_info=&#8221;{}&#8221;][et_pb_heading title=&#8221; Assembly examples&#8221; _builder_version=&#8221;4.27.0&#8243; _module_preset=&#8221;default&#8221; title_level=&#8221;h2&#8243; global_colors_info=&#8221;{}&#8221;][\/et_pb_heading][et_pb_text _builder_version=&#8221;4.27.0&#8243; _module_preset=&#8221;default&#8221; text_font_size=&#8221;18px&#8221; global_colors_info=&#8221;{}&#8221;]<\/p>\n<p>&nbsp;<\/p>\n<table style=\"width: 100%; border-collapse: collapse; height: 66px;\" cellpadding=\"6px\">\n<tbody>\n<tr style=\"height: 40px; background-color: #80808024;\">\n<td style=\"width: 3.01998%; border-bottom: 1px solid black; height: 26px;\">Item no.<\/td>\n<td style=\"width: 22.7816%; border-bottom: 1px solid black; height: 26px;\">Description<\/td>\n<\/tr>\n<tr style=\"height: 40px;\">\n<td style=\"width: 3.01998%; border-bottom: 1px solid black; height: 40px;\">860950<\/td>\n<td style=\"width: 22.7816%; border-bottom: 1px solid black; height: 40px;\">InduLED Basic marker light, IP68 \/ IP69K, IK10,<br \/>2\u00d74 LED, white 5600 K, housing \u00d8 115 mm, H = 20 mm<\/td>\n<\/tr>\n<\/tbody>\n<\/table>\n<p>[\/et_pb_text][\/et_pb_column][\/et_pb_row][et_pb_row _builder_version=&#8221;4.23.1&#8243; _module_preset=&#8221;default&#8221; global_colors_info=&#8221;{}&#8221;][et_pb_column type=&#8221;4_4&#8243; _builder_version=&#8221;4.23.1&#8243; _module_preset=&#8221;default&#8221; global_colors_info=&#8221;{}&#8221;][et_pb_heading title=&#8221;Downloads&#8221; _builder_version=&#8221;4.23.1&#8243; _module_preset=&#8221;default&#8221; title_level=&#8221;h2&#8243; global_colors_info=&#8221;{}&#8221;][\/et_pb_heading][et_pb_text _builder_version=&#8221;4.27.0&#8243; _module_preset=&#8221;default&#8221; text_font_size=&#8221;18px&#8221; global_colors_info=&#8221;{}&#8221;]<\/p>\n<table style=\"width: 100%; border-collapse: collapse;\" cellpadding=\"6px\">\n<tbody>\n<tr style=\"height: 60px;\">\n<td style=\"width: 26.939%; border-bottom: 1px solid black; border-top: 1px solid black;\"><a href=\"https:\/\/www.gifas.de\/wp-content\/uploads\/2023\/06\/GIFAS_TL_18_LED-guiding-systems.pdf\">Product information traffic guidance systems (PDF)<\/a><\/td>\n<\/tr>\n<\/tbody>\n<\/table>\n<p>[\/et_pb_text][et_pb_button button_url=&#8221;https:\/\/www.gifas.de\/en\/contact-persons\/&#8221; button_text=&#8221;Request product now!&#8221; button_alignment=&#8221;left&#8221; _builder_version=&#8221;4.23.1&#8243; _module_preset=&#8221;default&#8221; custom_button=&#8221;on&#8221; button_text_color=&#8221;#FFFFFF&#8221; button_bg_color=&#8221;#000000&#8243; button_border_color=&#8221;#FFFFFF&#8221; button_border_radius=&#8221;5px&#8221; button_use_icon=&#8221;off&#8221; background_layout=&#8221;dark&#8221; animation_style=&#8221;zoom&#8221; global_colors_info=&#8221;{}&#8221;][\/et_pb_button][\/et_pb_column][\/et_pb_row][\/et_pb_section][et_pb_section fb_built=&#8221;1&#8243; _builder_version=&#8221;4.23.1&#8243; _module_preset=&#8221;default&#8221; global_colors_info=&#8221;{}&#8221;][et_pb_row _builder_version=&#8221;4.23.1&#8243; _module_preset=&#8221;default&#8221; global_colors_info=&#8221;{}&#8221;][et_pb_column type=&#8221;4_4&#8243; _builder_version=&#8221;4.23.1&#8243; _module_preset=&#8221;default&#8221; global_colors_info=&#8221;{}&#8221;][et_pb_heading title=&#8221; Alternative path and street lighting:&#8221; _builder_version=&#8221;4.27.0&#8243; _module_preset=&#8221;default&#8221; title_level=&#8221;h2&#8243; title_font_size=&#8221;28px&#8221; global_colors_info=&#8221;{}&#8221;][\/et_pb_heading][\/et_pb_column][\/et_pb_row][et_pb_row column_structure=&#8221;1_3,1_3,1_3&#8243; make_equal=&#8221;on&#8221; _builder_version=&#8221;4.23.1&#8243; _module_preset=&#8221;default&#8221; global_colors_info=&#8221;{}&#8221;][et_pb_column type=&#8221;1_3&#8243; _builder_version=&#8221;4.23.1&#8243; _module_preset=&#8221;default&#8221; background_color=&#8221;rgba(0,0,0,0.02)&#8221; custom_padding=&#8221;||25px||false|false&#8221; border_width_all=&#8221;1px&#8221; border_color_all=&#8221;rgba(0,0,0,0.16)&#8221; global_colors_info=&#8221;{}&#8221;][et_pb_image src=&#8221;https:\/\/www.gifas.de\/wp-content\/uploads\/2024\/06\/GIFAS_LED-Lichtleistensystem_LaneLED-WALL_Produktbild.webp&#8221; alt=&#8221;LED-Strahler f\u00fcr Industrie und Gewerbe. R\u00fcttelfester LED Strahler f\u00fcr Arbeitsplatz. Leistung 80W bis 120W.&#8221; title_text=&#8221;GIFAS_LED-Lichtleistensystem_LaneLED-WALL_Produktbild&#8221; align=&#8221;center&#8221; _builder_version=&#8221;4.27.0&#8243; _module_preset=&#8221;default&#8221; global_colors_info=&#8221;{}&#8221;][\/et_pb_image][et_pb_heading title=&#8221;LaneLED WALL&#8221; _builder_version=&#8221;4.27.4&#8243; _module_preset=&#8221;default&#8221; title_level=&#8221;h3&#8243; title_text_align=&#8221;center&#8221; title_font_size=&#8221;22px&#8221; custom_margin=&#8221;65px||0px||false|false&#8221; hover_enabled=&#8221;0&#8243; global_colors_info=&#8221;{}&#8221; sticky_enabled=&#8221;0&#8243;][\/et_pb_heading][et_pb_text _builder_version=&#8221;4.27.0&#8243; _module_preset=&#8221;default&#8221; text_font_size=&#8221;18px&#8221; text_orientation=&#8221;center&#8221; global_colors_info=&#8221;{}&#8221;]<\/p>\n<p>LED light strip system<br \/>in the colors white and green<\/p>\n<p>[\/et_pb_text][et_pb_button button_url=&#8221;https:\/\/www.gifas.de\/en\/handrail-systems-linear-lighting\/laneled-wall\/&#8221; button_text=&#8221;More info&#8221; button_alignment=&#8221;center&#8221; _builder_version=&#8221;4.27.0&#8243; _module_preset=&#8221;default&#8221; custom_button=&#8221;on&#8221; button_text_size=&#8221;16px&#8221; button_border_width=&#8221;1px&#8221; button_border_radius=&#8221;20px&#8221; button_font=&#8221;|||on|||||&#8221; button_use_icon=&#8221;off&#8221; custom_margin=&#8221;50px||||false|false&#8221; custom_padding=&#8221;5px|93px|5px|93px|false|false&#8221; global_colors_info=&#8221;{}&#8221; button_bg_color__hover_enabled=&#8221;on|hover&#8221; button_bg_color__hover=&#8221;#0c71c3&#8243; button_bg_enable_color__hover=&#8221;on&#8221; button_text_color__hover_enabled=&#8221;on|hover&#8221; button_text_color__hover=&#8221;#FFFFFF&#8221;][\/et_pb_button][\/et_pb_column][et_pb_column type=&#8221;1_3&#8243; _builder_version=&#8221;4.23.1&#8243; _module_preset=&#8221;default&#8221; background_color=&#8221;rgba(0,0,0,0.02)&#8221; custom_padding=&#8221;||25px||false|false&#8221; border_width_all=&#8221;1px&#8221; border_color_all=&#8221;rgba(0,0,0,0.16)&#8221; global_colors_info=&#8221;{}&#8221;][et_pb_image src=&#8221;https:\/\/www.gifas.de\/wp-content\/uploads\/2024\/06\/GIFAS_LED-Handlauf_Produkt.webp&#8221; alt=&#8221;Handlauf aus Edelstahl mit LED-Beleuchtung&#8221; title_text=&#8221;GIFAS_LED-Handlauf_Produkt&#8221; align=&#8221;center&#8221; _builder_version=&#8221;4.27.0&#8243; _module_preset=&#8221;default&#8221; global_colors_info=&#8221;{}&#8221;][\/et_pb_image][et_pb_heading title=&#8221;LaneLED INOX42&#8243; _builder_version=&#8221;4.27.4&#8243; _module_preset=&#8221;default&#8221; title_level=&#8221;h3&#8243; title_text_align=&#8221;center&#8221; title_font_size=&#8221;22px&#8221; custom_margin=&#8221;65px||0px||false|false&#8221; hover_enabled=&#8221;0&#8243; global_colors_info=&#8221;{}&#8221; sticky_enabled=&#8221;0&#8243;][\/et_pb_heading][et_pb_text _builder_version=&#8221;4.27.0&#8243; _module_preset=&#8221;default&#8221; text_font_size=&#8221;18px&#8221; text_orientation=&#8221;center&#8221; global_colors_info=&#8221;{}&#8221;]<\/p>\n<p>Stainless steel handrail system<br \/>with LED lighting<\/p>\n<p>[\/et_pb_text][et_pb_button button_url=&#8221;https:\/\/www.gifas.de\/en\/handrail-systems-linear-lighting\/laneled-inox42\/&#8221; button_text=&#8221;More info&#8221; button_alignment=&#8221;center&#8221; _builder_version=&#8221;4.27.0&#8243; _module_preset=&#8221;default&#8221; custom_button=&#8221;on&#8221; button_text_size=&#8221;16px&#8221; button_border_width=&#8221;1px&#8221; button_border_radius=&#8221;20px&#8221; button_font=&#8221;|||on|||||&#8221; button_use_icon=&#8221;off&#8221; custom_margin=&#8221;50px||||false|false&#8221; custom_padding=&#8221;5px|93px|5px|93px|false|false&#8221; global_colors_info=&#8221;{}&#8221; button_bg_color__hover_enabled=&#8221;on|hover&#8221; button_bg_color__hover=&#8221;#0c71c3&#8243; button_bg_enable_color__hover=&#8221;on&#8221; button_text_color__hover_enabled=&#8221;on|hover&#8221; button_text_color__hover=&#8221;#FFFFFF&#8221;][\/et_pb_button][\/et_pb_column][et_pb_column type=&#8221;1_3&#8243; _builder_version=&#8221;4.23.1&#8243; _module_preset=&#8221;default&#8221; background_color=&#8221;rgba(0,0,0,0.02)&#8221; custom_padding=&#8221;||25px||false|false&#8221; border_width_all=&#8221;1px&#8221; border_color_all=&#8221;rgba(0,0,0,0.16)&#8221; global_colors_info=&#8221;{}&#8221;][et_pb_image src=&#8221;https:\/\/www.gifas.de\/wp-content\/uploads\/2024\/01\/GIFAS_StreetLED-SMART_Straenbeleuchtung_LED-Mastbeleuchtung_4000K_IP66_IK09_Seitenansicht.webp&#8221; alt=&#8221;LED Mastleuchte in hellgrau f\u00fcr Stra\u00dfen und Parkpl\u00e4tze mit Sensor-Technik. Moderne Technik in schlankem Design&#8221; title_text=&#8221;GIFAS_StreetLED-SMART_Straenbeleuchtung_LED-Mastbeleuchtung_4000K_IP66_IK09_Seitenansicht&#8221; align=&#8221;center&#8221; _builder_version=&#8221;4.27.0&#8243; _module_preset=&#8221;default&#8221; global_colors_info=&#8221;{}&#8221;][\/et_pb_image][et_pb_heading title=&#8221;StreetLED SMART&#8221; _builder_version=&#8221;4.27.4&#8243; _module_preset=&#8221;default&#8221; title_level=&#8221;h3&#8243; title_text_align=&#8221;center&#8221; title_font_size=&#8221;22px&#8221; custom_margin=&#8221;65px||0px||false|false&#8221; hover_enabled=&#8221;0&#8243; global_colors_info=&#8221;{}&#8221; sticky_enabled=&#8221;0&#8243;][\/et_pb_heading][et_pb_text _builder_version=&#8221;4.27.0&#8243; _module_preset=&#8221;default&#8221; text_font_size=&#8221;18px&#8221; text_orientation=&#8221;center&#8221; global_colors_info=&#8221;{}&#8221;]<\/p>\n<p>Street lighting with \u201cZhaga socket\u201d<br \/>for sensors and radio control<\/p>\n<p>[\/et_pb_text][et_pb_button button_url=&#8221;https:\/\/www.gifas.de\/en\/street-lighting\/streetled-smart\/&#8221; button_text=&#8221;More info&#8221; button_alignment=&#8221;center&#8221; _builder_version=&#8221;4.27.0&#8243; _module_preset=&#8221;default&#8221; custom_button=&#8221;on&#8221; button_text_size=&#8221;16px&#8221; button_border_width=&#8221;1px&#8221; button_border_radius=&#8221;20px&#8221; button_font=&#8221;|||on|||||&#8221; button_use_icon=&#8221;off&#8221; custom_margin=&#8221;50px||||false|false&#8221; custom_padding=&#8221;5px|93px|5px|93px|false|false&#8221; global_colors_info=&#8221;{}&#8221; button_bg_color__hover_enabled=&#8221;on|hover&#8221; button_bg_color__hover=&#8221;#0c71c3&#8243; button_bg_enable_color__hover=&#8221;on&#8221; button_text_color__hover_enabled=&#8221;on|hover&#8221; button_text_color__hover=&#8221;#FFFFFF&#8221;][\/et_pb_button][\/et_pb_column][\/et_pb_row][\/et_pb_section]<\/p>\n","protected":false},"excerpt":{"rendered":"<p>Request product now! InduLED Inductive power supply,&#8230;<\/p>\n","protected":false},"author":8,"featured_media":0,"parent":32280,"menu_order":233,"comment_status":"closed","ping_status":"closed","template":"","meta":{"_acf_changed":false,"_et_pb_use_builder":"on","_et_pb_old_content":"","_et_gb_content_width":"","inline_featured_image":false,"footnotes":""},"class_list":["post-32478","page","type-page","status-publish","hentry"],"acf":[],"_links":{"self":[{"href":"https:\/\/www.gifas.de\/en\/wp-json\/wp\/v2\/pages\/32478","targetHints":{"allow":["GET"]}}],"collection":[{"href":"https:\/\/www.gifas.de\/en\/wp-json\/wp\/v2\/pages"}],"about":[{"href":"https:\/\/www.gifas.de\/en\/wp-json\/wp\/v2\/types\/page"}],"author":[{"embeddable":true,"href":"https:\/\/www.gifas.de\/en\/wp-json\/wp\/v2\/users\/8"}],"replies":[{"embeddable":true,"href":"https:\/\/www.gifas.de\/en\/wp-json\/wp\/v2\/comments?post=32478"}],"version-history":[{"count":9,"href":"https:\/\/www.gifas.de\/en\/wp-json\/wp\/v2\/pages\/32478\/revisions"}],"predecessor-version":[{"id":37425,"href":"https:\/\/www.gifas.de\/en\/wp-json\/wp\/v2\/pages\/32478\/revisions\/37425"}],"up":[{"embeddable":true,"href":"https:\/\/www.gifas.de\/en\/wp-json\/wp\/v2\/pages\/32280"}],"wp:attachment":[{"href":"https:\/\/www.gifas.de\/en\/wp-json\/wp\/v2\/media?parent=32478"}],"curies":[{"name":"wp","href":"https:\/\/api.w.org\/{rel}","templated":true}]}}