{"id":34390,"date":"2024-09-13T11:20:56","date_gmt":"2024-09-13T09:20:56","guid":{"rendered":"https:\/\/www.gifas.de\/?page_id=34390"},"modified":"2025-04-24T16:30:06","modified_gmt":"2025-04-24T14:30:06","slug":"masso-8000","status":"publish","type":"page","link":"https:\/\/www.gifas.de\/en\/floor-socket-outlets\/masso-8000\/","title":{"rendered":"MASSO 8000"},"content":{"rendered":"<p>[et_pb_section fb_built=&#8221;1&#8243; _builder_version=&#8221;4.23.1&#8243; _module_preset=&#8221;default&#8221; custom_padding=&#8221;||0px||false|false&#8221; global_colors_info=&#8221;{}&#8221;][et_pb_row column_structure=&#8221;1_2,1_2&#8243; _builder_version=&#8221;4.23.1&#8243; _module_preset=&#8221;default&#8221; global_colors_info=&#8221;{}&#8221;][et_pb_column type=&#8221;1_2&#8243; _builder_version=&#8221;4.23.1&#8243; _module_preset=&#8221;default&#8221; global_colors_info=&#8221;{}&#8221;][et_pb_gallery gallery_ids=&#8221;34106&#8243; fullwidth=&#8221;on&#8221; _builder_version=&#8221;4.27.0&#8243; _module_preset=&#8221;default&#8221; global_colors_info=&#8221;{}&#8221;][\/et_pb_gallery][et_pb_button button_url=&#8221;https:\/\/shop.gifas.de\/stromverteilung\/bodensteckdosen\/masso\/1043\/bodensteckdose-typ-masso-8000?c=32&#8243; button_text=&#8221;Now available in the online shop!&#8221; button_alignment=&#8221;center&#8221; _builder_version=&#8221;4.27.0&#8243; _module_preset=&#8221;default&#8221; custom_button=&#8221;on&#8221; button_text_color=&#8221;#FFFFFF&#8221; button_bg_color=&#8221;#000000&#8243; button_border_color=&#8221;#FFFFFF&#8221; button_border_radius=&#8221;5px&#8221; button_use_icon=&#8221;off&#8221; background_layout=&#8221;dark&#8221; animation_style=&#8221;zoom&#8221; global_colors_info=&#8221;{}&#8221;][\/et_pb_button][\/et_pb_column][et_pb_column type=&#8221;1_2&#8243; _builder_version=&#8221;4.23.1&#8243; _module_preset=&#8221;default&#8221; global_colors_info=&#8221;{}&#8221;][et_pb_heading title=&#8221;MASSO 8000&#8243; _builder_version=&#8221;4.27.0&#8243; _module_preset=&#8221;default&#8221; custom_margin=&#8221;||0px||false|false&#8221; global_colors_info=&#8221;{}&#8221;][\/et_pb_heading][et_pb_text _builder_version=&#8221;4.27.0&#8243; _module_preset=&#8221;default&#8221; text_font=&#8221;|600|||||||&#8221; text_font_size=&#8221;24px&#8221; global_colors_info=&#8221;{}&#8221;]<\/p>\n<p>Floor socket with screw lid<\/p>\n<p>[\/et_pb_text][et_pb_text _builder_version=&#8221;4.27.0&#8243; _module_preset=&#8221;default&#8221; text_font_size=&#8221;18px&#8221; global_colors_info=&#8221;{}&#8221;]<\/p>\n<table style=\"width: 100%; border-collapse: collapse;\" cellpadding=\"6px\">\n<tbody>\n<tr style=\"height: 40px; background-color: #80808024;\">\n<td style=\"width: 100%; border-bottom: 1px solid black;\">Can be driven over when closed and is suitable for maintenance with a wet sweeper<\/td>\n<\/tr>\n<tr style=\"height: 40px;\">\n<td style=\"width: 100%; border-bottom: 1px solid black;\">6 x use: e.g. Schuko, RJ45, TV, HDMI, USB etc.<\/td>\n<\/tr>\n<tr style=\"height: 40px; background-color: #80808024;\">\n<td style=\"width: 100%; border-bottom: 1px solid black;\">Suitable for indoor and outdoor use (IP67)<\/td>\n<\/tr>\n<tr style=\"height: 40px;\">\n<td style=\"width: 100%; border-bottom: 1px solid black;\">Leveling feet and threaded pin M8x160mm (optional accessory)<\/td>\n<\/tr>\n<tr style=\"height: 40px; background-color: #80808024;\">\n<td style=\"width: 100%; border-bottom: 1px solid black;\">Load capacity 40kN (4t)<\/td>\n<\/tr>\n<tr style=\"height: 40px;\">\n<td style=\"width: 100%;\">\u00a0<\/td>\n<\/tr>\n<\/tbody>\n<\/table>\n<p>[\/et_pb_text][\/et_pb_column][\/et_pb_row][\/et_pb_section][et_pb_section fb_built=&#8221;1&#8243; _builder_version=&#8221;4.23.1&#8243; _module_preset=&#8221;default&#8221; custom_padding=&#8221;0px||||false|false&#8221; global_colors_info=&#8221;{}&#8221;][et_pb_row _builder_version=&#8221;4.23.1&#8243; _module_preset=&#8221;default&#8221; custom_padding=&#8221;||0px||false|false&#8221; global_colors_info=&#8221;{}&#8221;][et_pb_column type=&#8221;4_4&#8243; _builder_version=&#8221;4.23.1&#8243; _module_preset=&#8221;default&#8221; global_colors_info=&#8221;{}&#8221;][et_pb_heading title=&#8221; Product features&#8221; _builder_version=&#8221;4.27.0&#8243; _module_preset=&#8221;default&#8221; title_level=&#8221;h2&#8243; custom_margin=&#8221;||||false|false&#8221; global_colors_info=&#8221;{}&#8221;][\/et_pb_heading][et_pb_text _builder_version=&#8221;4.27.0&#8243; _module_preset=&#8221;default&#8221; text_font_size=&#8221;18px&#8221; global_colors_info=&#8221;{}&#8221;]<\/p>\n<ul>\n<li>Micro-lowering distributor that can be installed almost flush with the floor<\/li>\n<li>Equipment: see article numbers below<\/li>\n<li>When closed:<br \/>&#8211; IP67<br \/>&#8211; can be driven over<\/li>\n<li>When open:<br \/>&#8211; up to IP54 (depending on equipment variant)<br \/>&#8211; non-slip<\/li>\n<\/ul>\n<p>[\/et_pb_text][\/et_pb_column][\/et_pb_row][et_pb_row _builder_version=&#8221;4.23.1&#8243; _module_preset=&#8221;default&#8221; custom_padding=&#8221;||0px||false|false&#8221; global_colors_info=&#8221;{}&#8221;][et_pb_column type=&#8221;4_4&#8243; _builder_version=&#8221;4.23.1&#8243; _module_preset=&#8221;default&#8221; global_colors_info=&#8221;{}&#8221;][et_pb_heading title=&#8221; Technical data&#8221; _builder_version=&#8221;4.27.0&#8243; _module_preset=&#8221;default&#8221; title_level=&#8221;h2&#8243; global_colors_info=&#8221;{}&#8221;][\/et_pb_heading][et_pb_text _builder_version=&#8221;4.27.0&#8243; _module_preset=&#8221;default&#8221; text_font_size=&#8221;18px&#8221; global_colors_info=&#8221;{}&#8221;]<\/p>\n<table style=\"width: 99.1302%; border-collapse: collapse; height: 603px;\">\n<tbody>\n<tr style=\"height: 40px; background-color: #80808024;\">\n<td style=\"width: 20.1352%; border-bottom: 1px solid black; height: 40px;\">Max. mounting:<\/td>\n<td style=\"width: 56.176%; border-bottom: 1px solid black; height: 40px;\">6x installation box insert 45x45x4 mm (e.g. Schuko, British Standard, RJ45, TV, HDMI, USB etc.)<\/td>\n<\/tr>\n<tr style=\"height: 40px;\">\n<td style=\"width: 20.1352%; border-bottom: 1px solid black; height: 40px;\">Cleaning type (IP):<\/td>\n<td style=\"width: 56.176%; border-bottom: 1px solid black; height: 40px;\">Maintained dry to moist<\/td>\n<\/tr>\n<tr style=\"height: 40px; background-color: #80808024;\">\n<td style=\"width: 20.1352%; border-bottom: 1px solid black; height: 40px;\">IP closed:<\/td>\n<td style=\"width: 56.176%; border-bottom: 1px solid black; height: 40px;\">IP67<\/td>\n<\/tr>\n<tr style=\"height: 40px;\">\n<td style=\"width: 20.1352%; border-bottom: 1px solid black; height: 40px;\">IP is plugged in:<\/td>\n<td style=\"width: 56.176%; border-bottom: 1px solid black; height: 40px;\">IP20<\/td>\n<\/tr>\n<tr style=\"height: 40px; background-color: #80808024;\">\n<td style=\"width: 20.1352%; border-bottom: 1px solid black; height: 30px;\">Lid type:<\/td>\n<td style=\"width: 56.176%; border-bottom: 1px solid black; height: 30px;\">Screw cap<\/td>\n<\/tr>\n<tr style=\"height: 40px;\">\n<td style=\"width: 20.1352%; border-bottom: 1px solid black; height: 40px;\">Fillable lid:<\/td>\n<td style=\"width: 56.176%; border-bottom: 1px solid black; height: 40px;\">no<\/td>\n<\/tr>\n<tr style=\"height: 40px; background-color: #80808024;\">\n<td style=\"width: 20.1352%; border-bottom: 1px solid black; height: 40px;\">Lid closure type:<\/td>\n<td style=\"width: 56.176%; border-bottom: 1px solid black; height: 40px;\">Lifting handle<\/td>\n<\/tr>\n<tr style=\"height: 40px;\">\n<td style=\"width: 20.1352%; border-bottom: 1px solid black; height: 40px;\">Leveling feet:<\/td>\n<td style=\"width: 56.176%; border-bottom: 1px solid black; height: 40px;\">yes<\/td>\n<\/tr>\n<tr style=\"height: 40px; background-color: #80808024;\">\n<td style=\"width: 20.1352%; border-bottom: 1px solid black; height: 40px;\">Cable outlet:<\/td>\n<td style=\"width: 56.176%; border-bottom: 1px solid black; height: 40px;\">no<\/td>\n<\/tr>\n<tr style=\"height: 40px;\">\n<td style=\"width: 20.1352%; border-bottom: 1px solid black; height: 40px;\">Load capacity:<\/td>\n<td style=\"width: 56.176%; border-bottom: 1px solid black; height: 40px;\">4t (40\u2009kN)<\/td>\n<\/tr>\n<tr style=\"height: 40px; background-color: #80808024;\">\n<td style=\"width: 20.1352%; border-bottom: 1px solid black; height: 40px;\">Dimensions (LxW):<\/td>\n<td style=\"width: 56.176%; border-bottom: 1px solid black; height: 40px;\">170&#215;170\u2009mm<\/td>\n<\/tr>\n<tr style=\"height: 40px;\">\n<td style=\"width: 20.1352%; border-bottom: 1px solid black; height: 40px;\">Installation depth:<\/td>\n<td style=\"width: 56.176%; border-bottom: 1px solid black; height: 40px;\">255 mm<\/td>\n<\/tr>\n<tr style=\"height: 40px; background-color: #80808024;\">\n<td style=\"width: 20.1352%; border-bottom: 1px solid black; height: 40px;\">Can be leveled after installation:<\/td>\n<td style=\"width: 56.176%; border-bottom: 1px solid black; height: 40px;\">no<\/td>\n<\/tr>\n<tr style=\"height: 40px;\">\n<td style=\"width: 20.1352%; border-bottom: 1px solid black; height: 40px;\">Material: Aluminium&#8230;:<\/td>\n<td style=\"width: 56.176%; border-bottom: 1px solid black; height: 40px;\">Aluminium eloxiert<\/td>\n<\/tr>\n<tr style=\"height: 40px; background-color: #80808024;\">\n<td style=\"width: 20.1352%; border-bottom: 1px solid black; height: 40px;\">Supply line:<\/td>\n<td style=\"width: 56.176%; border-bottom: 1px solid black; height: 40px;\">3xM32 offset laterally<\/td>\n<\/tr>\n<tr style=\"height: 40px;\">\n<td style=\"width: 20.1352%; border-bottom: 1px solid black; height: 40px;\">Drainage:<\/td>\n<td style=\"width: 56.176%; border-bottom: 1px solid black; height: 40px;\">yes<\/td>\n<\/tr>\n<tr style=\"height: 40px;\">\n<td style=\"width: 20.1352%; height: 13px;\">\u00a0<\/td>\n<td style=\"width: 56.176%; height: 13px;\">\u00a0<\/td>\n<\/tr>\n<\/tbody>\n<\/table>\n<p>[\/et_pb_text][\/et_pb_column][\/et_pb_row][et_pb_row _builder_version=&#8221;4.23.1&#8243; _module_preset=&#8221;default&#8221; global_colors_info=&#8221;{}&#8221;][et_pb_column type=&#8221;4_4&#8243; _builder_version=&#8221;4.23.1&#8243; _module_preset=&#8221;default&#8221; global_colors_info=&#8221;{}&#8221;][et_pb_heading title=&#8221; Assembly examples&#8221; _builder_version=&#8221;4.27.0&#8243; _module_preset=&#8221;default&#8221; title_level=&#8221;h2&#8243; global_colors_info=&#8221;{}&#8221;][\/et_pb_heading][et_pb_text _builder_version=&#8221;4.27.0&#8243; _module_preset=&#8221;default&#8221; text_font_size=&#8221;18px&#8221; global_colors_info=&#8221;{}&#8221;]<\/p>\n<p>&nbsp;<\/p>\n<table style=\"width: 97.3094%; border-collapse: collapse; height: 72px;\" cellpadding=\"6px\">\n<tbody>\n<tr style=\"height: 40px; background-color: #80808024;\">\n<td style=\"width: 11.8929%; border-bottom: 1px solid black; height: 40px;\">Item no.<\/td>\n<td style=\"width: 27.5963%; border-bottom: 1px solid black; height: 40px;\">Description<\/td>\n<td style=\"width: 14.9414%; border-bottom: 1px solid black; height: 40px;\">Equipment<\/td>\n<td style=\"width: 4.03758%; border-bottom: 1px solid black; height: 40px;\">Onlineshop<\/td>\n<\/tr>\n<tr style=\"height: 40px;\">\n<td style=\"width: 11.8929%; border-bottom: 1px solid black; height: 32px;\">840940<\/td>\n<td style=\"width: 27.5963%; border-bottom: 1px solid black; height: 32px;\">MASSO 8000<br \/>Floor socket, extendable, with screw cover, IP67, anodized aluminum, 170x170x255mm, including key, cannot be locked when plugged in<\/td>\n<td style=\"width: 14.9414%; border-bottom: 1px solid black; height: 32px;\">6xSchuko<\/td>\n<td style=\"width: 4.03758%; border-bottom: 1px solid black; height: 32px;\"><a href=\"https:\/\/shop.gifas.de\/stromverteilung\/bodensteckdosen\/masso\/1043\/bodensteckdose-typ-masso-8000?c=32\">Buy now<\/a><\/td>\n<\/tr>\n<tr style=\"height: 40px; background-color: #80808024;\">\n<td style=\"width: 11.8929%; border-bottom: 1px solid black; height: 40px;\"><span class=\"entry--content\">840946<\/span><\/td>\n<td style=\"width: 27.5963%; border-bottom: 1px solid black; height: 40px;\">MASSO 8000<br \/>Floor socket, extendable, with screw cover, IP67, anodized aluminum, 170x170x255mm, including key, cannot be locked when plugged in<\/td>\n<td style=\"width: 14.9414%; border-bottom: 1px solid black; height: 40px;\">5xSchuko<br \/>1xCompressed air<br \/>DN7.2<\/td>\n<td style=\"width: 4.03758%; border-bottom: 1px solid black; height: 40px;\"><a href=\"https:\/\/shop.gifas.de\/stromverteilung\/bodensteckdosen\/masso\/1045\/bodensteckdose-typ-masso-8000?c=32\">Buy now<\/a><\/td>\n<\/tr>\n<tr style=\"height: 40px;\">\n<td style=\"width: 11.8929%; border-bottom: 1px solid black; height: 32px;\"><span class=\"entry--content\">840943<\/span><\/td>\n<td style=\"width: 27.5963%; border-bottom: 1px solid black; height: 32px;\">MASSO 8000<br \/>Extendable floor socket, with screw cover, IP67, anodised aluminium, 170x170x255mm, incl. key, cannot be locked when plugged in<\/td>\n<td style=\"width: 14.9414%; border-bottom: 1px solid black; height: 32px;\">5xSchuko<br \/>2xRJ45<\/td>\n<td style=\"width: 4.03758%; border-bottom: 1px solid black; height: 32px;\"><a href=\"https:\/\/shop.gifas.de\/stromverteilung\/bodensteckdosen\/masso\/1044\/bodensteckdose-typ-masso-8000?c=32\">Buy now<\/a><\/td>\n<\/tr>\n<tr style=\"height: 40px; background-color: #80808024;\">\n<td style=\"width: 11.8929%; border-bottom: 1px solid black; height: 40px;\">840959<\/td>\n<td style=\"width: 27.5963%; border-bottom: 1px solid black; height: 40px;\">MASSO 8000<br \/>Extendable floor socket, with screw cover, IP67, anodised aluminium, 170x170x255mm, incl. key, cannot be locked when plugged in<\/td>\n<td style=\"width: 14.9414%; border-bottom: 1px solid black; height: 40px;\">3xSchuko<br \/>FI-LS 2pol. 0.03\u2009\/\u200916\u2009A<\/td>\n<td style=\"width: 4.03758%; border-bottom: 1px solid black; height: 40px;\"><a href=\"https:\/\/shop.gifas.de\/stromverteilung\/bodensteckdosen\/masso\/1049\/bodensteckdose-typ-masso-8000?c=32\">Buy now<\/a><\/td>\n<\/tr>\n<\/tbody>\n<\/table>\n<p>[\/et_pb_text][\/et_pb_column][\/et_pb_row][et_pb_row _builder_version=&#8221;4.23.1&#8243; _module_preset=&#8221;default&#8221; global_colors_info=&#8221;{}&#8221;][et_pb_column type=&#8221;4_4&#8243; _builder_version=&#8221;4.23.1&#8243; _module_preset=&#8221;default&#8221; global_colors_info=&#8221;{}&#8221;][et_pb_heading title=&#8221;Accessories&#8221; _builder_version=&#8221;4.27.0&#8243; _module_preset=&#8221;default&#8221; title_level=&#8221;h2&#8243; global_colors_info=&#8221;{}&#8221;][\/et_pb_heading][et_pb_text _builder_version=&#8221;4.27.0&#8243; _module_preset=&#8221;default&#8221; text_font_size=&#8221;18px&#8221; global_colors_info=&#8221;{}&#8221;]<\/p>\n<p>&nbsp;<\/p>\n<table style=\"width: 97.3094%; border-collapse: collapse; height: 72px;\" cellpadding=\"6px\">\n<tbody>\n<tr style=\"height: 40px; background-color: #80808024;\">\n<td style=\"width: 8.99436%; border-bottom: 1px solid black; height: 40px;\">Item no.<\/td>\n<td style=\"width: 32.2662%; border-bottom: 1px solid black; height: 40px;\">Description<\/td>\n<td style=\"width: 2.26624%; border-bottom: 1px solid black; height: 40px;\">Onlineshop<\/td>\n<\/tr>\n<tr style=\"height: 40px;\">\n<td style=\"width: 8.99436%; border-bottom: 1px solid black; height: 32px;\">154104<\/td>\n<td style=\"width: 32.2662%; border-bottom: 1px solid black; height: 32px;\">FONTO \/ MASSO leveling foot leveling screw consisting of: 1x base plate and 1x leveling pin M8x60mm<\/td>\n<td style=\"width: 2.26624%; border-bottom: 1px solid black; height: 32px;\"><a href=\"https:\/\/shop.gifas.de\/stromverteilung\/bodensteckdosen\/fonto\/1034\/nivellierfuss-fuer-bodensteckdose-typ-fonto\/masso?number=154104\">Buy now<\/a><\/td>\n<\/tr>\n<tr style=\"height: 40px; background-color: #80808024;\">\n<td style=\"width: 8.99436%; border-bottom: 1px solid black; height: 40px;\">840768<\/td>\n<td style=\"width: 32.2662%; border-bottom: 1px solid black; height: 40px;\">FONTO \/ MASSO grub screw extension M8x160 mm, galvanized<\/td>\n<td style=\"width: 2.26624%; border-bottom: 1px solid black; height: 40px;\">on request<\/td>\n<\/tr>\n<\/tbody>\n<\/table>\n<p>[\/et_pb_text][\/et_pb_column][\/et_pb_row][et_pb_row _builder_version=&#8221;4.23.1&#8243; _module_preset=&#8221;default&#8221; global_colors_info=&#8221;{}&#8221;][et_pb_column type=&#8221;4_4&#8243; _builder_version=&#8221;4.23.1&#8243; _module_preset=&#8221;default&#8221; global_colors_info=&#8221;{}&#8221;][et_pb_heading title=&#8221;Downloads&#8221; _builder_version=&#8221;4.23.1&#8243; _module_preset=&#8221;default&#8221; title_level=&#8221;h2&#8243; global_colors_info=&#8221;{}&#8221;][\/et_pb_heading][et_pb_text _builder_version=&#8221;4.27.0&#8243; _module_preset=&#8221;default&#8221; text_font_size=&#8221;18px&#8221; global_colors_info=&#8221;{}&#8221;]<\/p>\n<table style=\"width: 100%; border-collapse: collapse;\" cellpadding=\"6px\">\n<tbody>\n<tr style=\"height: 60px;\">\n<td style=\"width: 26.939%; border-bottom: 1px solid black; border-top: 1px solid black;\"><a href=\"https:\/\/www.gifas.de\/wp-content\/uploads\/2023\/06\/GIFAS_SV_5_Floor-outlets.pdf\">Product information Floor socket outlets (PDF)<\/a><\/td>\n<\/tr>\n<\/tbody>\n<\/table>\n<p>[\/et_pb_text][et_pb_button button_url=&#8221;https:\/\/shop.gifas.de\/stromverteilung\/bodensteckdosen\/masso\/1039\/bodensteckdose-typ-masso-4010?c=32&#8243; button_text=&#8221;Now available in the online shop!&#8221; button_alignment=&#8221;left&#8221; _builder_version=&#8221;4.27.0&#8243; _module_preset=&#8221;default&#8221; custom_button=&#8221;on&#8221; button_text_color=&#8221;#FFFFFF&#8221; button_bg_color=&#8221;#000000&#8243; button_border_color=&#8221;#FFFFFF&#8221; button_border_radius=&#8221;5px&#8221; button_use_icon=&#8221;off&#8221; background_layout=&#8221;dark&#8221; animation_style=&#8221;zoom&#8221; global_colors_info=&#8221;{}&#8221;][\/et_pb_button][\/et_pb_column][\/et_pb_row][\/et_pb_section][et_pb_section fb_built=&#8221;1&#8243; _builder_version=&#8221;4.23.1&#8243; _module_preset=&#8221;default&#8221; global_colors_info=&#8221;{}&#8221;][et_pb_row _builder_version=&#8221;4.23.1&#8243; _module_preset=&#8221;default&#8221; global_colors_info=&#8221;{}&#8221;][et_pb_column type=&#8221;4_4&#8243; _builder_version=&#8221;4.23.1&#8243; _module_preset=&#8221;default&#8221; global_colors_info=&#8221;{}&#8221;][et_pb_heading title=&#8221; Alternative distribution solutions for indoor and outdoor use:&#8221; _builder_version=&#8221;4.27.0&#8243; _module_preset=&#8221;default&#8221; title_level=&#8221;h2&#8243; title_font_size=&#8221;28px&#8221; global_colors_info=&#8221;{}&#8221;][\/et_pb_heading][\/et_pb_column][\/et_pb_row][et_pb_row column_structure=&#8221;1_3,1_3,1_3&#8243; make_equal=&#8221;on&#8221; _builder_version=&#8221;4.23.1&#8243; _module_preset=&#8221;default&#8221; global_colors_info=&#8221;{}&#8221;][et_pb_column type=&#8221;1_3&#8243; _builder_version=&#8221;4.23.1&#8243; _module_preset=&#8221;default&#8221; background_color=&#8221;rgba(0,0,0,0.02)&#8221; custom_padding=&#8221;||25px||false|false&#8221; border_width_all=&#8221;1px&#8221; border_color_all=&#8221;rgba(0,0,0,0.16)&#8221; global_colors_info=&#8221;{}&#8221;][et_pb_image src=&#8221;https:\/\/www.gifas.de\/wp-content\/uploads\/2024\/09\/GIFAS_Stromverteilung_Energiesaeulen_GAS230.webp&#8221; alt=&#8221;Breite silberne Energies\u00e4ule aus robustem Aluminium-Geh\u00e4use mit Schuko, CEE, Datenanschluss RJ45 und Sicherungskasten best\u00fcckt&#8221; title_text=&#8221;GIFAS_Stromverteilung_Energiesaeulen_GAS230&#8243; align=&#8221;center&#8221; _builder_version=&#8221;4.27.0&#8243; _module_preset=&#8221;default&#8221; global_colors_info=&#8221;{}&#8221;][\/et_pb_image][et_pb_heading title=&#8221; Energy columns&#8221; _builder_version=&#8221;4.27.4&#8243; _module_preset=&#8221;default&#8221; title_level=&#8221;h3&#8243; title_text_align=&#8221;center&#8221; title_font_size=&#8221;22px&#8221; custom_margin=&#8221;65px||0px||false|false&#8221; hover_enabled=&#8221;0&#8243; global_colors_info=&#8221;{}&#8221; sticky_enabled=&#8221;0&#8243;][\/et_pb_heading][et_pb_text _builder_version=&#8221;4.27.0&#8243; _module_preset=&#8221;default&#8221; text_font_size=&#8221;18px&#8221; text_orientation=&#8221;center&#8221; global_colors_info=&#8221;{}&#8221;]<\/p>\n<p>individual equipment, design up to 6m,<br \/>optionally with light element, aluminum profile<\/p>\n<p>[\/et_pb_text][et_pb_button button_url=&#8221;https:\/\/www.gifas.de\/en\/energy-columns\/&#8221; button_text=&#8221;More info&#8221; button_alignment=&#8221;center&#8221; _builder_version=&#8221;4.27.0&#8243; _module_preset=&#8221;default&#8221; custom_button=&#8221;on&#8221; button_text_size=&#8221;16px&#8221; button_border_width=&#8221;1px&#8221; button_border_radius=&#8221;20px&#8221; button_font=&#8221;|||on|||||&#8221; button_use_icon=&#8221;off&#8221; custom_margin=&#8221;50px||||false|false&#8221; custom_padding=&#8221;5px|93px|5px|93px|false|false&#8221; global_colors_info=&#8221;{}&#8221; button_bg_color__hover_enabled=&#8221;on|hover&#8221; button_bg_color__hover=&#8221;#0c71c3&#8243; button_bg_enable_color__hover=&#8221;on&#8221; button_text_color__hover_enabled=&#8221;on|hover&#8221; button_text_color__hover=&#8221;#FFFFFF&#8221;][\/et_pb_button][\/et_pb_column][et_pb_column type=&#8221;1_3&#8243; _builder_version=&#8221;4.23.1&#8243; _module_preset=&#8221;default&#8221; background_color=&#8221;rgba(0,0,0,0.02)&#8221; custom_padding=&#8221;||25px||false|false&#8221; border_width_all=&#8221;1px&#8221; border_color_all=&#8221;rgba(0,0,0,0.16)&#8221; global_colors_info=&#8221;{}&#8221;][et_pb_image src=&#8221;https:\/\/www.gifas.de\/wp-content\/uploads\/2024\/07\/GIFAS_Unterflurverteiler_Stromverteiler_Modelle_Piazza_Campetto.webp&#8221; alt=&#8221;Schwarze Edelstahl-Unterflurverteiler aufgeklappt mit Edelstahlkorpus und einmal auf Beton-Ring montiert&#8221; title_text=&#8221;GIFAS_Unterflurverteiler_Stromverteiler_Modelle_Piazza_Campetto&#8221; align=&#8221;center&#8221; _builder_version=&#8221;4.27.0&#8243; _module_preset=&#8221;default&#8221; global_colors_info=&#8221;{}&#8221;][\/et_pb_image][et_pb_heading title=&#8221; Underfloor distributors&#8221; _builder_version=&#8221;4.27.4&#8243; _module_preset=&#8221;default&#8221; title_level=&#8221;h3&#8243; title_text_align=&#8221;center&#8221; title_font_size=&#8221;22px&#8221; custom_margin=&#8221;65px||0px||false|false&#8221; hover_enabled=&#8221;0&#8243; global_colors_info=&#8221;{}&#8221; sticky_enabled=&#8221;0&#8243;][\/et_pb_heading][et_pb_text _builder_version=&#8221;4.27.0&#8243; _module_preset=&#8221;default&#8221; text_font_size=&#8221;18px&#8221; text_orientation=&#8221;center&#8221; global_colors_info=&#8221;{}&#8221;]<\/p>\n<p>Individual assembly, up to 900kN, Electrical distribution SKII, wired ready for connection<\/p>\n<p>[\/et_pb_text][et_pb_button button_url=&#8221;https:\/\/www.gifas.de\/en\/underfloor-distributors\/&#8221; button_text=&#8221;More info&#8221; button_alignment=&#8221;center&#8221; _builder_version=&#8221;4.27.0&#8243; _module_preset=&#8221;default&#8221; custom_button=&#8221;on&#8221; button_text_size=&#8221;16px&#8221; button_border_width=&#8221;1px&#8221; button_border_radius=&#8221;20px&#8221; button_font=&#8221;|||on|||||&#8221; button_use_icon=&#8221;off&#8221; custom_margin=&#8221;50px||||false|false&#8221; custom_padding=&#8221;5px|93px|5px|93px|false|false&#8221; global_colors_info=&#8221;{}&#8221; button_bg_color__hover_enabled=&#8221;on|hover&#8221; button_bg_color__hover=&#8221;#0c71c3&#8243; button_bg_enable_color__hover=&#8221;on&#8221; button_text_color__hover_enabled=&#8221;on|hover&#8221; button_text_color__hover=&#8221;#FFFFFF&#8221;][\/et_pb_button][\/et_pb_column][et_pb_column type=&#8221;1_3&#8243; _builder_version=&#8221;4.23.1&#8243; _module_preset=&#8221;default&#8221; background_color=&#8221;rgba(0,0,0,0.02)&#8221; custom_padding=&#8221;||25px||false|false&#8221; border_width_all=&#8221;1px&#8221; border_color_all=&#8221;rgba(0,0,0,0.16)&#8221; global_colors_info=&#8221;{}&#8221;][et_pb_image src=&#8221;https:\/\/www.gifas.de\/wp-content\/uploads\/2024\/09\/GIFAS_Stromverteilung_Wandverteiler_Baureihe-7400_Schuko-CEE.webp&#8221; alt=&#8221;LED-Schutzrohrleuchte_LED-Linearleuchte_Industrieleuchte_LED-Industrieleuchte&#8221; title_text=&#8221;GIFAS_Stromverteilung_Wandverteiler_Baureihe-7400_Schuko-CEE&#8221; align=&#8221;center&#8221; _builder_version=&#8221;4.27.0&#8243; _module_preset=&#8221;default&#8221; global_colors_info=&#8221;{}&#8221;][\/et_pb_image][et_pb_heading title=&#8221; Wall-mounted distributors&#8221; _builder_version=&#8221;4.27.4&#8243; _module_preset=&#8221;default&#8221; title_level=&#8221;h3&#8243; title_text_align=&#8221;center&#8221; title_font_size=&#8221;22px&#8221; custom_margin=&#8221;65px||0px||false|false&#8221; hover_enabled=&#8221;0&#8243; global_colors_info=&#8221;{}&#8221; sticky_enabled=&#8221;0&#8243;][\/et_pb_heading][et_pb_text _builder_version=&#8221;4.27.0&#8243; _module_preset=&#8221;default&#8221; text_font_size=&#8221;18px&#8221; text_orientation=&#8221;center&#8221; global_colors_info=&#8221;{}&#8221;]<\/p>\n<p>Individually equipable solid rubber distributor<br \/>with Schuko and CEE<\/p>\n<p>[\/et_pb_text][et_pb_button button_url=&#8221;https:\/\/www.gifas.de\/en\/wall-mounted-distributors\/&#8221; button_text=&#8221;More info&#8221; button_alignment=&#8221;center&#8221; _builder_version=&#8221;4.27.0&#8243; _module_preset=&#8221;default&#8221; custom_button=&#8221;on&#8221; button_text_size=&#8221;16px&#8221; button_border_width=&#8221;1px&#8221; button_border_radius=&#8221;20px&#8221; button_font=&#8221;|||on|||||&#8221; button_use_icon=&#8221;off&#8221; custom_margin=&#8221;50px||||false|false&#8221; custom_padding=&#8221;5px|93px|5px|93px|false|false&#8221; global_colors_info=&#8221;{}&#8221; button_bg_color__hover_enabled=&#8221;on|hover&#8221; button_bg_color__hover=&#8221;#0c71c3&#8243; button_bg_enable_color__hover=&#8221;on&#8221; button_text_color__hover_enabled=&#8221;on|hover&#8221; button_text_color__hover=&#8221;#FFFFFF&#8221;][\/et_pb_button][\/et_pb_column][\/et_pb_row][\/et_pb_section]<\/p>\n","protected":false},"excerpt":{"rendered":"<p>Now available in the online shop! MASSO 8000 Floor&#8230;<\/p>\n","protected":false},"author":8,"featured_media":0,"parent":31946,"menu_order":354,"comment_status":"closed","ping_status":"closed","template":"","meta":{"_acf_changed":false,"_et_pb_use_builder":"on","_et_pb_old_content":"","_et_gb_content_width":"","inline_featured_image":false,"footnotes":""},"class_list":["post-34390","page","type-page","status-publish","hentry"],"acf":[],"_links":{"self":[{"href":"https:\/\/www.gifas.de\/en\/wp-json\/wp\/v2\/pages\/34390","targetHints":{"allow":["GET"]}}],"collection":[{"href":"https:\/\/www.gifas.de\/en\/wp-json\/wp\/v2\/pages"}],"about":[{"href":"https:\/\/www.gifas.de\/en\/wp-json\/wp\/v2\/types\/page"}],"author":[{"embeddable":true,"href":"https:\/\/www.gifas.de\/en\/wp-json\/wp\/v2\/users\/8"}],"replies":[{"embeddable":true,"href":"https:\/\/www.gifas.de\/en\/wp-json\/wp\/v2\/comments?post=34390"}],"version-history":[{"count":9,"href":"https:\/\/www.gifas.de\/en\/wp-json\/wp\/v2\/pages\/34390\/revisions"}],"predecessor-version":[{"id":37793,"href":"https:\/\/www.gifas.de\/en\/wp-json\/wp\/v2\/pages\/34390\/revisions\/37793"}],"up":[{"embeddable":true,"href":"https:\/\/www.gifas.de\/en\/wp-json\/wp\/v2\/pages\/31946"}],"wp:attachment":[{"href":"https:\/\/www.gifas.de\/en\/wp-json\/wp\/v2\/media?parent=34390"}],"curies":[{"name":"wp","href":"https:\/\/api.w.org\/{rel}","templated":true}]}}