{"id":26181,"date":"2023-12-20T18:10:52","date_gmt":"2023-12-20T17:10:52","guid":{"rendered":"https:\/\/www.gifas.de\/schijnwerpers\/masterled\/"},"modified":"2023-12-20T18:10:54","modified_gmt":"2023-12-20T17:10:54","slug":"masterled","status":"publish","type":"page","link":"https:\/\/www.gifas.de\/nl\/schijnwerpers\/masterled\/","title":{"rendered":"MasterLED"},"content":{"rendered":"<p>[et_pb_section fb_built=&#8221;1&#8243; _builder_version=&#8221;4.23.1&#8243; _module_preset=&#8221;default&#8221; custom_padding=&#8221;||0px||false|false&#8221; global_colors_info=&#8221;{}&#8221;][et_pb_row column_structure=&#8221;1_2,1_2&#8243; _builder_version=&#8221;4.23.1&#8243; _module_preset=&#8221;default&#8221; global_colors_info=&#8221;{}&#8221;][et_pb_column type=&#8221;1_2&#8243; _builder_version=&#8221;4.23.1&#8243; _module_preset=&#8221;default&#8221; global_colors_info=&#8221;{}&#8221;][et_pb_gallery gallery_ids=&#8221;25701,25941,25937&#8243; fullwidth=&#8221;on&#8221; _builder_version=&#8221;4.23.1&#8243; _module_preset=&#8221;default&#8221; global_colors_info=&#8221;{}&#8221;][\/et_pb_gallery][et_pb_button button_text=&#8221;Request product now!&#8221; button_alignment=&#8221;center&#8221; _builder_version=&#8221;4.23.1&#8243; _module_preset=&#8221;default&#8221; custom_button=&#8221;on&#8221; button_text_color=&#8221;#FFFFFF&#8221; button_bg_color=&#8221;#000000&#8243; button_border_color=&#8221;#FFFFFF&#8221; button_border_radius=&#8221;5px&#8221; button_use_icon=&#8221;off&#8221; background_layout=&#8221;dark&#8221; animation_style=&#8221;zoom&#8221; hover_enabled=&#8221;0&#8243; global_colors_info=&#8221;{}&#8221; button_url=&#8221;https:\/\/www.gifas.de\/nl\/contactpersoon-verkoop\/&#8221; sticky_enabled=&#8221;0&#8243;][\/et_pb_button][\/et_pb_column][et_pb_column type=&#8221;1_2&#8243; _builder_version=&#8221;4.23.1&#8243; _module_preset=&#8221;default&#8221; global_colors_info=&#8221;{}&#8221;][et_pb_heading title=&#8221;MasterLED&#8221; _builder_version=&#8221;4.23.1&#8243; _module_preset=&#8221;default&#8221; custom_margin=&#8221;||0px||false|false&#8221; global_colors_info=&#8221;{}&#8221;][\/et_pb_heading][et_pb_text _builder_version=&#8221;4.23.1&#8243; _module_preset=&#8221;default&#8221; text_font=&#8221;|600|||||||&#8221; text_font_size=&#8221;24px&#8221; global_colors_info=&#8221;{}&#8221;]<\/p>\n<p>LED workstation spotlight with articulated stand and screwable base<\/p>\n<p>[\/et_pb_text][et_pb_text _builder_version=&#8221;4.23.1&#8243; _module_preset=&#8221;default&#8221; text_font_size=&#8221;18px&#8221; global_colors_info=&#8221;{}&#8221;]<\/p>\n<table style=\"width: 100%; border-collapse: collapse;\" cellpadding=\"6px\">\n<tbody>\n<tr style=\"height: 40px; background-color: #80808024;\">\n<td style=\"width: 100%; border-bottom: 1px solid black;\">Can be rotated, swiveled and tilted<\/td>\n<\/tr>\n<tr style=\"height: 40px;\">\n<td style=\"width: 100%; border-bottom: 1px solid black;\">Extremely switching-resistant (&gt; 1 million)<\/td>\n<\/tr>\n<tr style=\"height: 40px; background-color: #80808024;\">\n<td style=\"width: 100%; border-bottom: 1px solid black;\">Low energy consumption with high luminous efficacy<\/td>\n<\/tr>\n<tr style=\"height: 40px;\">\n<td style=\"width: 100%; border-bottom: 1px solid black;\">Extremely robust and with shatterproof glass<\/td>\n<\/tr>\n<tr style=\"height: 40px; background-color: #80808024;\">\n<td style=\"width: 100%; border-bottom: 1px solid black;\">Lightweight aluminum housing<\/td>\n<\/tr>\n<tr style=\"height: 40px;\">\n<td style=\"width: 100%;\">\u00a0<\/td>\n<\/tr>\n<\/tbody>\n<\/table>\n<p>[\/et_pb_text][\/et_pb_column][\/et_pb_row][\/et_pb_section][et_pb_section fb_built=&#8221;1&#8243; _builder_version=&#8221;4.23.1&#8243; _module_preset=&#8221;default&#8221; custom_padding=&#8221;0px||||false|false&#8221; global_colors_info=&#8221;{}&#8221;][et_pb_row _builder_version=&#8221;4.23.1&#8243; _module_preset=&#8221;default&#8221; global_colors_info=&#8221;{}&#8221;][et_pb_column type=&#8221;4_4&#8243; _builder_version=&#8221;4.23.1&#8243; _module_preset=&#8221;default&#8221; global_colors_info=&#8221;{}&#8221;][et_pb_heading title=&#8221;Description&#8221; _builder_version=&#8221;4.23.1&#8243; _module_preset=&#8221;default&#8221; title_level=&#8221;h2&#8243; custom_margin=&#8221;||||false|false&#8221; hover_enabled=&#8221;0&#8243; global_colors_info=&#8221;{}&#8221; sticky_enabled=&#8221;0&#8243;][\/et_pb_heading][et_pb_text _builder_version=&#8221;4.23.1&#8243; _module_preset=&#8221;default&#8221; text_font_size=&#8221;18px&#8221; global_colors_info=&#8221;{}&#8221;]<\/p>\n<p>Good visibility for work safety in every situation. The right light source, safe and convenient, provides light as required for every lighting task and offers energy-efficient, long-lasting lighting in commercial, industrial, indoor and outdoor areas. The LED task light is extremely robust and equipped with shatterproof glass. With the various articulated arms, the MasterLED can be rotated and pivoted and is the right luminaire for many applications.<\/p>\n<p>[\/et_pb_text][\/et_pb_column][\/et_pb_row][et_pb_row _builder_version=&#8221;4.23.1&#8243; _module_preset=&#8221;default&#8221; custom_padding=&#8221;||0px||false|false&#8221; global_colors_info=&#8221;{}&#8221;][et_pb_column type=&#8221;4_4&#8243; _builder_version=&#8221;4.23.1&#8243; _module_preset=&#8221;default&#8221; global_colors_info=&#8221;{}&#8221;][et_pb_heading title=&#8221; Product features&#8221; _builder_version=&#8221;4.23.1&#8243; _module_preset=&#8221;default&#8221; title_level=&#8221;h2&#8243; custom_margin=&#8221;||||false|false&#8221; hover_enabled=&#8221;0&#8243; global_colors_info=&#8221;{}&#8221; sticky_enabled=&#8221;0&#8243;][\/et_pb_heading][et_pb_text _builder_version=&#8221;4.23.1&#8243; _module_preset=&#8221;default&#8221; text_font_size=&#8221;18px&#8221; global_colors_info=&#8221;{}&#8221;]<\/p>\n<ul>\n<li>Full luminous flux, immediately available<\/li>\n<li>Low energy consumption with high luminous efficacy<\/li>\n<li>Extremely switching-resistant ( &gt;1Mio. )<\/li>\n<li>Shock and vibration resistant<\/li>\n<li>With satinized lens<\/li>\n<li>Can be rotated and swiveled into various positions<\/li>\n<li>Screw-on lamp base with 1 or 3 joints<\/li>\n<li>On-Off switch on the rear lamp head<\/li>\n<li>Polyamide handle<\/li>\n<\/ul>\n<p>[\/et_pb_text][\/et_pb_column][\/et_pb_row][et_pb_row _builder_version=&#8221;4.23.1&#8243; _module_preset=&#8221;default&#8221; custom_padding=&#8221;||0px||false|false&#8221; global_colors_info=&#8221;{}&#8221;][et_pb_column type=&#8221;4_4&#8243; _builder_version=&#8221;4.23.1&#8243; _module_preset=&#8221;default&#8221; global_colors_info=&#8221;{}&#8221;][et_pb_heading title=&#8221; Technical data&#8221; _builder_version=&#8221;4.23.1&#8243; _module_preset=&#8221;default&#8221; title_level=&#8221;h2&#8243; hover_enabled=&#8221;0&#8243; global_colors_info=&#8221;{}&#8221; sticky_enabled=&#8221;0&#8243;][\/et_pb_heading][et_pb_text _builder_version=&#8221;4.23.1&#8243; _module_preset=&#8221;default&#8221; text_font_size=&#8221;18px&#8221; global_colors_info=&#8221;{}&#8221;]<\/p>\n<table style=\"width: 100%; border-collapse: collapse; height: 328px;\">\n<tbody>\n<tr style=\"height: 40px; background-color: #80808024;\">\n<td style=\"width: 30.3371%; border-bottom: 1px solid black; height: 30px;\">Input voltage:<\/td>\n<td style=\"width: 59.9543%; border-bottom: 1px solid black; height: 30px;\">230VAC, 24VAC\/DC<\/td>\n<\/tr>\n<tr style=\"height: 40px;\">\n<td style=\"width: 30.3371%; border-bottom: 1px solid black; height: 40px;\">Light source:<\/td>\n<td style=\"width: 59.9543%; border-bottom: 1px solid black; height: 40px;\">\n<div>1x20W LED<\/div>\n<\/td>\n<\/tr>\n<tr style=\"height: 40px; background-color: #80808024;\">\n<td style=\"width: 30.3371%; border-bottom: 1px solid black; height: 30px;\">Luminous flux:<\/td>\n<td style=\"width: 59.9543%; border-bottom: 1px solid black; height: 30px;\">1,500lm<\/td>\n<\/tr>\n<tr style=\"height: 40px;\">\n<td style=\"width: 30.3371%; border-bottom: 1px solid black; height: 40px;\">LED lifetime:<\/td>\n<td style=\"width: 59.9543%; border-bottom: 1px solid black; height: 40px;\">&gt;50,000h<\/td>\n<\/tr>\n<tr style=\"height: 40px; background-color: #80808024;\">\n<td style=\"width: 30.3371%; border-bottom: 1px solid black; height: 24px;\">\n<p>Protection category:<\/p>\n<\/td>\n<td style=\"width: 59.9543%; border-bottom: 1px solid black; height: 24px;\">IP65<\/td>\n<\/tr>\n<tr style=\"height: 40px;\">\n<td style=\"width: 30.3371%; border-bottom: 1px solid black; height: 40px;\">Protection class:<\/td>\n<td style=\"width: 59.9543%; border-bottom: 1px solid black; height: 40px;\">III for operation at safety extra-low voltage<\/td>\n<\/tr>\n<tr style=\"height: 40px; background-color: #80808024;\">\n<td style=\"width: 30.3371%; border-bottom: 1px solid black; height: 31px;\">Housing material:<\/td>\n<td style=\"width: 59.9543%; border-bottom: 1px solid black; height: 31px;\">aluminum<\/td>\n<\/tr>\n<tr style=\"height: 40px;\">\n<td style=\"width: 30.3371%; border-bottom: 1px solid black; height: 40px;\">Cover:<\/td>\n<td style=\"width: 59.9543%; border-bottom: 1px solid black; height: 40px;\">shatterproof glass<\/td>\n<\/tr>\n<tr style=\"height: 40px;\">\n<td style=\"width: 30.3371%; height: 13px;\">\u00a0<\/td>\n<td style=\"width: 59.9543%; height: 13px;\">\u00a0<\/td>\n<\/tr>\n<\/tbody>\n<\/table>\n<p>[\/et_pb_text][\/et_pb_column][\/et_pb_row][et_pb_row _builder_version=&#8221;4.23.1&#8243; _module_preset=&#8221;default&#8221; global_colors_info=&#8221;{}&#8221;][et_pb_column type=&#8221;4_4&#8243; _builder_version=&#8221;4.23.1&#8243; _module_preset=&#8221;default&#8221; global_colors_info=&#8221;{}&#8221;][et_pb_heading title=&#8221; Assembly examples&#8221; _builder_version=&#8221;4.23.1&#8243; _module_preset=&#8221;default&#8221; title_level=&#8221;h2&#8243; hover_enabled=&#8221;0&#8243; global_colors_info=&#8221;{}&#8221; sticky_enabled=&#8221;0&#8243;][\/et_pb_heading][et_pb_text _builder_version=&#8221;4.23.1&#8243; _module_preset=&#8221;default&#8221; text_font_size=&#8221;18px&#8221; global_colors_info=&#8221;{}&#8221;]<\/p>\n<p>&nbsp;<\/p>\n<table style=\"width: 100%; border-collapse: collapse; height: 170px;\" cellpadding=\"6px\">\n<tbody>\n<tr style=\"height: 40px; background-color: #80808024;\">\n<td style=\"width: 4.86855%; border-bottom: 1px solid black; height: 10px;\">Article no.<\/td>\n<td style=\"width: 16.7819%; border-bottom: 1px solid black; height: 10px;\">Description<\/td>\n<\/tr>\n<tr style=\"height: 40px;\">\n<td style=\"width: 4.86855%; border-bottom: 1px solid black; height: 40px;\">283110<\/td>\n<td style=\"width: 16.7819%; border-bottom: 1px solid black; height: 40px;\">Typ 1 24VAC\/DC (1 hinge)<\/td>\n<\/tr>\n<tr style=\"height: 40px; background-color: #80808024;\">\n<td style=\"width: 4.86855%; border-bottom: 1px solid black; height: 40px;\">283112<\/td>\n<td style=\"width: 16.7819%; border-bottom: 1px solid black; height: 40px;\">Typ 3 24VAC\/DC (3 hinges)<\/td>\n<\/tr>\n<tr style=\"height: 40px;\">\n<td style=\"width: 4.86855%; border-bottom: 1px solid black; height: 40px;\">283113<\/td>\n<td style=\"width: 16.7819%; border-bottom: 1px solid black; height: 40px;\">Typ 1 230VAC (1 hinge)<\/td>\n<\/tr>\n<tr style=\"height: 40px; background-color: #80808024;\">\n<td style=\"width: 4.86855%; border-bottom: 1px solid black; height: 40px;\">283115<\/td>\n<td style=\"width: 16.7819%; border-bottom: 1px solid black; height: 40px;\">Typ 3 230VAC (3 hinges)<\/td>\n<\/tr>\n<\/tbody>\n<\/table>\n<p>[\/et_pb_text][\/et_pb_column][\/et_pb_row][et_pb_row _builder_version=&#8221;4.23.1&#8243; _module_preset=&#8221;default&#8221; global_colors_info=&#8221;{}&#8221;][et_pb_column type=&#8221;4_4&#8243; _builder_version=&#8221;4.23.1&#8243; _module_preset=&#8221;default&#8221; global_colors_info=&#8221;{}&#8221;][et_pb_heading title=&#8221;Accessories&#8221; _builder_version=&#8221;4.23.1&#8243; _module_preset=&#8221;default&#8221; title_level=&#8221;h2&#8243; hover_enabled=&#8221;0&#8243; global_colors_info=&#8221;{}&#8221; sticky_enabled=&#8221;0&#8243;][\/et_pb_heading][et_pb_text _builder_version=&#8221;4.23.1&#8243; _module_preset=&#8221;default&#8221; text_font_size=&#8221;18px&#8221; global_colors_info=&#8221;{}&#8221;]<\/p>\n<p>&nbsp;<\/p>\n<table style=\"width: 100%; border-collapse: collapse; height: 130px;\" cellpadding=\"6px\">\n<tbody>\n<tr style=\"height: 40px; background-color: #80808024;\">\n<td style=\"width: 0.970874%; border-bottom: 1px solid black; height: 10px;\">Article no.<\/td>\n<td style=\"width: 20.6795%; border-bottom: 1px solid black; height: 10px;\">Description<\/td>\n<\/tr>\n<tr style=\"height: 40px;\">\n<td style=\"width: 0.970874%; border-bottom: 1px solid black; height: 40px;\">284022<\/td>\n<td style=\"width: 20.6795%; border-bottom: 1px solid black; height: 40px;\">Screw-on magnetic base<\/td>\n<\/tr>\n<tr style=\"height: 40px; background-color: #80808024;\">\n<td style=\"width: 0.970874%; border-bottom: 1px solid black; height: 40px;\">236643<\/td>\n<td style=\"width: 20.6795%; border-bottom: 1px solid black; height: 40px;\">Replacement switch<\/td>\n<\/tr>\n<tr style=\"height: 40px;\">\n<td style=\"width: 0.970874%; border-bottom: 1px solid black; height: 40px;\">236644<\/td>\n<td style=\"width: 20.6795%; border-bottom: 1px solid black; height: 40px;\">Protective cap for switch<\/td>\n<\/tr>\n<tr style=\"height: 40px; background-color: #80808024;\">\n<td style=\"width: 0.970874%; border-bottom: 1px solid black; height: 40px;\">274951<\/td>\n<td style=\"width: 20.6795%; border-bottom: 1px solid black; height: 40px;\">Articulated stand type 3<\/td>\n<\/tr>\n<tr style=\"height: 40px;\">\n<td style=\"width: 0.970874%; border-bottom: 1px solid black; height: 40px;\">236641<\/td>\n<td style=\"width: 20.6795%; border-bottom: 1px solid black; height: 40px;\">Clear replacement glass<\/td>\n<\/tr>\n<tr style=\"height: 40px; background-color: #80808024;\">\n<td style=\"width: 0.970874%; border-bottom: 1px solid black; height: 40px;\">251620<\/td>\n<td style=\"width: 20.6795%; border-bottom: 1px solid black; height: 40px;\">Anti-glare louvre, black plastic<\/td>\n<\/tr>\n<tr style=\"height: 40px;\">\n<td style=\"width: 0.970874%; border-bottom: 1px solid black; height: 40px;\">245361<\/td>\n<td style=\"width: 20.6795%; border-bottom: 1px solid black; height: 40px;\">Hand grip<\/td>\n<\/tr>\n<tr style=\"height: 40px; background-color: #80808024;\">\n<td style=\"width: 0.970874%; border-bottom: 1px solid black; height: 40px;\">285456<\/td>\n<td style=\"width: 20.6795%; border-bottom: 1px solid black; height: 40px;\">Screw-on clamp<\/td>\n<\/tr>\n<tr style=\"height: 40px;\">\n<td style=\"width: 0.970874%; border-bottom: 1px solid black; height: 40px;\">236645<\/td>\n<td style=\"width: 20.6795%; border-bottom: 1px solid black; height: 40px;\">Sealing ring for windshield<\/td>\n<\/tr>\n<tr style=\"height: 40px; background-color: #80808024;\">\n<td style=\"width: 0.970874%; border-bottom: 1px solid black; height: 40px;\">282898<\/td>\n<td style=\"width: 20.6795%; border-bottom: 1px solid black; height: 40px;\">LED board 20W<\/td>\n<\/tr>\n<tr style=\"height: 40px;\">\n<td style=\"width: 0.970874%; border-bottom: 1px solid black; height: 40px;\">282899<\/td>\n<td style=\"width: 20.6795%; border-bottom: 1px solid black; height: 40px;\">Electronic 230VAC<\/td>\n<\/tr>\n<tr style=\"height: 40px; background-color: #80808024;\">\n<td style=\"width: 0.970874%; border-bottom: 1px solid black; height: 40px;\">282900<\/td>\n<td style=\"width: 20.6795%; border-bottom: 1px solid black; height: 40px;\">Electronic 24VAC\/DC<\/td>\n<\/tr>\n<\/tbody>\n<\/table>\n<p>[\/et_pb_text][\/et_pb_column][\/et_pb_row][et_pb_row _builder_version=&#8221;4.23.1&#8243; _module_preset=&#8221;default&#8221; global_colors_info=&#8221;{}&#8221;][et_pb_column type=&#8221;4_4&#8243; _builder_version=&#8221;4.23.1&#8243; _module_preset=&#8221;default&#8221; global_colors_info=&#8221;{}&#8221;][et_pb_heading title=&#8221;Downloads&#8221; _builder_version=&#8221;4.23.1&#8243; _module_preset=&#8221;default&#8221; title_level=&#8221;h2&#8243; global_colors_info=&#8221;{}&#8221;][\/et_pb_heading][et_pb_text _builder_version=&#8221;4.23.1&#8243; _module_preset=&#8221;default&#8221; text_font_size=&#8221;18px&#8221; hover_enabled=&#8221;0&#8243; global_colors_info=&#8221;{}&#8221; sticky_enabled=&#8221;0&#8243;]<\/p>\n<table style=\"width: 100%; border-collapse: collapse;\" cellpadding=\"6px\">\n<tbody>\n<tr style=\"height: 60px;\">\n<td style=\"width: 26.939%; border-bottom: 1px solid black; border-top: 1px solid black;\"><a href=\"https:\/\/www.gifas.de\/wp-content\/uploads\/2023\/06\/GIFAS_TL_15_Floodlights.pdf\">Productinformation floodlights (PDF)<\/a><\/td>\n<\/tr>\n<\/tbody>\n<\/table>\n<p>[\/et_pb_text][et_pb_button button_url=&#8221;https:\/\/www.gifas.de\/nl\/contactpersoon-verkoop\/&#8221; button_text=&#8221;Request product now!&#8221; button_alignment=&#8221;left&#8221; _builder_version=&#8221;4.23.1&#8243; _module_preset=&#8221;default&#8221; custom_button=&#8221;on&#8221; button_text_color=&#8221;#FFFFFF&#8221; button_bg_color=&#8221;#000000&#8243; button_border_color=&#8221;#FFFFFF&#8221; button_border_radius=&#8221;5px&#8221; button_use_icon=&#8221;off&#8221; background_layout=&#8221;dark&#8221; animation_style=&#8221;zoom&#8221; global_colors_info=&#8221;{}&#8221;][\/et_pb_button][\/et_pb_column][\/et_pb_row][\/et_pb_section][et_pb_section fb_built=&#8221;1&#8243; _builder_version=&#8221;4.23.1&#8243; _module_preset=&#8221;default&#8221; global_colors_info=&#8221;{}&#8221;][et_pb_row _builder_version=&#8221;4.23.1&#8243; _module_preset=&#8221;default&#8221; global_colors_info=&#8221;{}&#8221;][et_pb_column type=&#8221;4_4&#8243; _builder_version=&#8221;4.23.1&#8243; _module_preset=&#8221;default&#8221; global_colors_info=&#8221;{}&#8221;][et_pb_heading title=&#8221; Alternative LED lights for indoor and outdoor use:&#8221; _builder_version=&#8221;4.23.1&#8243; _module_preset=&#8221;default&#8221; title_level=&#8221;h2&#8243; title_font_size=&#8221;28px&#8221; hover_enabled=&#8221;0&#8243; global_colors_info=&#8221;{}&#8221; sticky_enabled=&#8221;0&#8243;][\/et_pb_heading][\/et_pb_column][\/et_pb_row][et_pb_row column_structure=&#8221;1_3,1_3,1_3&#8243; make_equal=&#8221;on&#8221; _builder_version=&#8221;4.23.1&#8243; _module_preset=&#8221;default&#8221; global_colors_info=&#8221;{}&#8221;][et_pb_column type=&#8221;1_3&#8243; _builder_version=&#8221;4.23.1&#8243; _module_preset=&#8221;default&#8221; background_color=&#8221;rgba(0,0,0,0.02)&#8221; custom_padding=&#8221;||25px||false|false&#8221; border_width_all=&#8221;1px&#8221; border_color_all=&#8221;rgba(0,0,0,0.16)&#8221; global_colors_info=&#8221;{}&#8221;][et_pb_image src=&#8221;https:\/\/www.gifas.de\/wp-content\/uploads\/2023\/12\/DeltaLUXX_2_LED-Hallentiefstrahler_LED-Hallenstrahler_LED-Strahler-97-270W_1.webp&#8221; alt=&#8221;LED-Strahler f\u00fcr Industrie und Gewerbe. R\u00fcttelfester LED Strahler f\u00fcr Arbeitsplatz. Leistung 80W bis 120W.&#8221; title_text=&#8221;DeltaLUXX_2_LED-Hallentiefstrahler_LED-Hallenstrahler_LED-Strahler-97-270W_1&#8243; align=&#8221;center&#8221; _builder_version=&#8221;4.23.1&#8243; _module_preset=&#8221;default&#8221; global_colors_info=&#8221;{}&#8221;][\/et_pb_image][et_pb_heading title=&#8221;DeltaLUXX &#8221; _builder_version=&#8221;4.23.1&#8243; _module_preset=&#8221;default&#8221; title_level=&#8221;h2&#8243; title_text_align=&#8221;center&#8221; title_font_size=&#8221;22px&#8221; custom_margin=&#8221;65px||0px||false|false&#8221; global_colors_info=&#8221;{}&#8221;][\/et_pb_heading][et_pb_text _builder_version=&#8221;4.23.1&#8243; _module_preset=&#8221;default&#8221; text_font_size=&#8221;18px&#8221; text_orientation=&#8221;center&#8221; hover_enabled=&#8221;0&#8243; global_colors_info=&#8221;{}&#8221; sticky_enabled=&#8221;0&#8243;]<\/p>\n<p>LED high bay lights<br \/>95 \u2013 270W with beam angles<\/p>\n<p>[\/et_pb_text][et_pb_button button_url=&#8221;https:\/\/www.gifas.de\/nl\/halverlichting\/deltaluxx-2\/&#8221; button_text=&#8221;More info&#8221; button_alignment=&#8221;center&#8221; _builder_version=&#8221;4.23.1&#8243; _module_preset=&#8221;default&#8221; custom_button=&#8221;on&#8221; button_text_size=&#8221;16px&#8221; button_border_width=&#8221;1px&#8221; button_border_radius=&#8221;20px&#8221; button_font=&#8221;|||on|||||&#8221; button_use_icon=&#8221;off&#8221; custom_margin=&#8221;50px||||false|false&#8221; custom_padding=&#8221;5px|93px|5px|93px|false|false&#8221; global_colors_info=&#8221;{}&#8221; button_bg_color__hover_enabled=&#8221;on|hover&#8221; button_bg_color__hover=&#8221;#0c71c3&#8243; button_bg_enable_color__hover=&#8221;on&#8221; button_text_color__hover_enabled=&#8221;on|hover&#8221; button_text_color__hover=&#8221;#FFFFFF&#8221;][\/et_pb_button][\/et_pb_column][et_pb_column type=&#8221;1_3&#8243; _builder_version=&#8221;4.23.1&#8243; _module_preset=&#8221;default&#8221; background_color=&#8221;rgba(0,0,0,0.02)&#8221; custom_padding=&#8221;||25px||false|false&#8221; border_width_all=&#8221;1px&#8221; border_color_all=&#8221;rgba(0,0,0,0.16)&#8221; global_colors_info=&#8221;{}&#8221;][et_pb_image src=&#8221;https:\/\/www.gifas.de\/wp-content\/uploads\/2023\/12\/GIFAS_LineLED-PRO-3_LED-Feuchtraumwannenleuchte_LED-Industrieleuchte_IK08_IP65_5000K-1.webp&#8221; alt=&#8221;LED-Hochleistungsstrahler 230W bis 1.350W. LED-Strahler f\u00fcr hohe Lichtpunkte und f\u00fcr die Ausleuchtung gro\u00dfer Fl\u00e4chen. &#8221; title_text=&#8221;GIFAS_LineLED-PRO-3_LED-Feuchtraumwannenleuchte_LED-Industrieleuchte_IK08_IP65_5000K&#8221; align=&#8221;center&#8221; _builder_version=&#8221;4.23.1&#8243; _module_preset=&#8221;default&#8221; global_colors_info=&#8221;{}&#8221;][\/et_pb_image][et_pb_heading title=&#8221;LineLED PRO3&#8243; _builder_version=&#8221;4.23.1&#8243; _module_preset=&#8221;default&#8221; title_level=&#8221;h2&#8243; title_text_align=&#8221;center&#8221; title_font_size=&#8221;22px&#8221; custom_margin=&#8221;65px||0px||false|false&#8221; global_colors_info=&#8221;{}&#8221;][\/et_pb_heading][et_pb_text _builder_version=&#8221;4.23.1&#8243; _module_preset=&#8221;default&#8221; text_font_size=&#8221;18px&#8221; text_orientation=&#8221;center&#8221; hover_enabled=&#8221;0&#8243; global_colors_info=&#8221;{}&#8221; sticky_enabled=&#8221;0&#8243;]<\/p>\n<p>LED damp-proof diffuser light<br \/>for rooms with high humidity<\/p>\n<p>[\/et_pb_text][et_pb_button button_url=&#8221;https:\/\/www.gifas.de\/nl\/industriele-verlichting\/&#8221; button_text=&#8221;More info&#8221; button_alignment=&#8221;center&#8221; _builder_version=&#8221;4.23.1&#8243; _module_preset=&#8221;default&#8221; custom_button=&#8221;on&#8221; button_text_size=&#8221;16px&#8221; button_border_width=&#8221;1px&#8221; button_border_radius=&#8221;20px&#8221; button_font=&#8221;|||on|||||&#8221; button_use_icon=&#8221;off&#8221; custom_margin=&#8221;50px||||false|false&#8221; custom_padding=&#8221;5px|93px|5px|93px|false|false&#8221; global_colors_info=&#8221;{}&#8221; button_bg_color__hover_enabled=&#8221;on|hover&#8221; button_bg_color__hover=&#8221;#0c71c3&#8243; button_bg_enable_color__hover=&#8221;on&#8221; button_text_color__hover_enabled=&#8221;on|hover&#8221; button_text_color__hover=&#8221;#FFFFFF&#8221;][\/et_pb_button][\/et_pb_column][et_pb_column type=&#8221;1_3&#8243; _builder_version=&#8221;4.23.1&#8243; _module_preset=&#8221;default&#8221; background_color=&#8221;rgba(0,0,0,0.02)&#8221; custom_padding=&#8221;||25px||false|false&#8221; border_width_all=&#8221;1px&#8221; border_color_all=&#8221;rgba(0,0,0,0.16)&#8221; global_colors_info=&#8221;{}&#8221;][et_pb_image src=&#8221;https:\/\/www.gifas.de\/wp-content\/uploads\/2023\/12\/GIFAS_StreamLED-2-SL70_Schutzrohrleuchte_LED-Industrieleuchte.webp&#8221; alt=&#8221;LED-Schutzrohrleuchte_LED-Linearleuchte_Industrieleuchte_LED-Industrieleuchte&#8221; title_text=&#8221;GIFAS_StreamLED-2-SL70_Schutzrohrleuchte_LED-Industrieleuchte&#8221; align=&#8221;center&#8221; _builder_version=&#8221;4.23.1&#8243; _module_preset=&#8221;default&#8221; global_colors_info=&#8221;{}&#8221;][\/et_pb_image][et_pb_heading title=&#8221;StreamLED 2 SL 70&#8243; _builder_version=&#8221;4.23.1&#8243; _module_preset=&#8221;default&#8221; title_level=&#8221;h2&#8243; title_text_align=&#8221;center&#8221; title_font_size=&#8221;22px&#8221; custom_margin=&#8221;65px||0px||false|false&#8221; global_colors_info=&#8221;{}&#8221;][\/et_pb_heading][et_pb_text _builder_version=&#8221;4.23.1&#8243; _module_preset=&#8221;default&#8221; text_font_size=&#8221;18px&#8221; text_orientation=&#8221;center&#8221; hover_enabled=&#8221;0&#8243; global_colors_info=&#8221;{}&#8221; sticky_enabled=&#8221;0&#8243;]<\/p>\n<p>LED Protection tube light<br \/>20 \u2013 55W \/ to 7,102lm<\/p>\n<p>[\/et_pb_text][et_pb_button button_url=&#8221;https:\/\/www.gifas.de\/nl\/industriele-verlichting\/&#8221; button_text=&#8221;More info&#8221; button_alignment=&#8221;center&#8221; _builder_version=&#8221;4.23.1&#8243; _module_preset=&#8221;default&#8221; custom_button=&#8221;on&#8221; button_text_size=&#8221;16px&#8221; button_border_width=&#8221;1px&#8221; button_border_radius=&#8221;20px&#8221; button_font=&#8221;|||on|||||&#8221; button_use_icon=&#8221;off&#8221; custom_margin=&#8221;50px||||false|false&#8221; custom_padding=&#8221;5px|93px|5px|93px|false|false&#8221; global_colors_info=&#8221;{}&#8221; button_bg_color__hover_enabled=&#8221;on|hover&#8221; button_bg_color__hover=&#8221;#0c71c3&#8243; button_bg_enable_color__hover=&#8221;on&#8221; button_text_color__hover_enabled=&#8221;on|hover&#8221; button_text_color__hover=&#8221;#FFFFFF&#8221;][\/et_pb_button][\/et_pb_column][\/et_pb_row][\/et_pb_section]<\/p>\n","protected":false},"excerpt":{"rendered":"<p>Request product now! MasterLED LED workstation&#8230;<\/p>\n","protected":false},"author":8,"featured_media":0,"parent":26156,"menu_order":588,"comment_status":"closed","ping_status":"closed","template":"","meta":{"_acf_changed":false,"_et_pb_use_builder":"on","_et_pb_old_content":"","_et_gb_content_width":"","inline_featured_image":false,"footnotes":""},"class_list":["post-26181","page","type-page","status-publish","hentry"],"acf":[],"_links":{"self":[{"href":"https:\/\/www.gifas.de\/nl\/wp-json\/wp\/v2\/pages\/26181","targetHints":{"allow":["GET"]}}],"collection":[{"href":"https:\/\/www.gifas.de\/nl\/wp-json\/wp\/v2\/pages"}],"about":[{"href":"https:\/\/www.gifas.de\/nl\/wp-json\/wp\/v2\/types\/page"}],"author":[{"embeddable":true,"href":"https:\/\/www.gifas.de\/nl\/wp-json\/wp\/v2\/users\/8"}],"replies":[{"embeddable":true,"href":"https:\/\/www.gifas.de\/nl\/wp-json\/wp\/v2\/comments?post=26181"}],"version-history":[{"count":3,"href":"https:\/\/www.gifas.de\/nl\/wp-json\/wp\/v2\/pages\/26181\/revisions"}],"predecessor-version":[{"id":26184,"href":"https:\/\/www.gifas.de\/nl\/wp-json\/wp\/v2\/pages\/26181\/revisions\/26184"}],"up":[{"embeddable":true,"href":"https:\/\/www.gifas.de\/nl\/wp-json\/wp\/v2\/pages\/26156"}],"wp:attachment":[{"href":"https:\/\/www.gifas.de\/nl\/wp-json\/wp\/v2\/media?parent=26181"}],"curies":[{"name":"wp","href":"https:\/\/api.w.org\/{rel}","templated":true}]}}